{"id":1663,"date":"2024-11-07T22:44:02","date_gmt":"2024-11-07T21:44:02","guid":{"rendered":"https:\/\/grandline.200.solutions\/?post_type=product&#038;p=1663"},"modified":"2024-11-13T13:05:23","modified_gmt":"2024-11-13T12:05:23","slug":"overlord-iv-coreful-figure-sakura-wasou-ver-albedo","status":"publish","type":"product","link":"https:\/\/grandline.200.solutions\/?product=overlord-iv-coreful-figure-sakura-wasou-ver-albedo","title":{"rendered":"Overlord IV Coreful Figure Sakura Wasou Ver. Albedo"},"content":{"rendered":"<p><span style=\"font-weight: 400;\">Figurka <\/span><b>Overlord IV Coreful Figure Sakura Wasou Ver. Albedo<\/b><span style=\"font-weight: 400;\"> zobrazuje Albedo v n\u00e1dhern\u00e9m sakurov\u00e9m kimonu. Albedo je zde zachycena v elegantn\u00ed p\u00f3ze, s jemn\u00fdmi vzory na kimonu, kter\u00e9 zd\u016fraz\u0148uj\u00ed jej\u00ed \u00e9terickou kr\u00e1su. Tento sb\u011bratelsk\u00fd kousek by nem\u011bl chyb\u011bt ve sb\u00edrce \u017e\u00e1dn\u00e9ho fanou\u0161ka s\u00e9rie.<\/span><\/p>\n<p><b>Vlastnosti:\u00a0<\/b><\/p>\n<p><span style=\"font-weight: 400;\">V\u00fd\u0161ka &#8211; 18 cm<\/span><\/p>\n<p><span style=\"font-weight: 400;\">Materi\u00e1l &#8211; PVC<\/span><\/p>\n<p><span style=\"font-weight: 400;\">Detailn\u00ed proveden\u00ed<\/span><\/p>\n<p><span style=\"font-weight: 400;\">Sb\u011bratelsk\u00e1 edice<\/span><\/p>\n","protected":false},"excerpt":{"rendered":"<p><span style=\"font-weight: 400;\">Figurka <\/span><b>Overlord IV Coreful Figure Sakura Wasou Ver. Albedo<\/b><span style=\"font-weight: 400;\"> zobrazuje Albedo v n\u00e1dhern\u00e9m sakurov\u00e9m kimonu. Albedo je zde zachycena v elegantn\u00ed p\u00f3ze, s jemn\u00fdmi vzory na kimonu, kter\u00e9 zd\u016fraz\u0148uj\u00ed jej\u00ed \u00e9terickou kr\u00e1su. Tento sb\u011bratelsk\u00fd kousek by nem\u011bl chyb\u011bt ve sb\u00edrce \u017e\u00e1dn\u00e9ho fanou\u0161ka s\u00e9rie.<\/span><\/p>\n","protected":false},"featured_media":1664,"comment_status":"open","ping_status":"closed","template":"","meta":{"inline_featured_image":false},"product_cat":[60,79,95],"product_tag":[],"class_list":{"0":"post-1663","1":"product","2":"type-product","3":"status-publish","4":"has-post-thumbnail","6":"product_cat-figurky","7":"product_cat-overlord","8":"product_cat-taito","10":"first","11":"instock","12":"shipping-taxable","13":"purchasable","14":"product-type-simple"},"_links":{"self":[{"href":"https:\/\/grandline.200.solutions\/index.php?rest_route=\/wp\/v2\/product\/1663","targetHints":{"allow":["GET"]}}],"collection":[{"href":"https:\/\/grandline.200.solutions\/index.php?rest_route=\/wp\/v2\/product"}],"about":[{"href":"https:\/\/grandline.200.solutions\/index.php?rest_route=\/wp\/v2\/types\/product"}],"replies":[{"embeddable":true,"href":"https:\/\/grandline.200.solutions\/index.php?rest_route=%2Fwp%2Fv2%2Fcomments&post=1663"}],"wp:featuredmedia":[{"embeddable":true,"href":"https:\/\/grandline.200.solutions\/index.php?rest_route=\/wp\/v2\/media\/1664"}],"wp:attachment":[{"href":"https:\/\/grandline.200.solutions\/index.php?rest_route=%2Fwp%2Fv2%2Fmedia&parent=1663"}],"wp:term":[{"taxonomy":"product_cat","embeddable":true,"href":"https:\/\/grandline.200.solutions\/index.php?rest_route=%2Fwp%2Fv2%2Fproduct_cat&post=1663"},{"taxonomy":"product_tag","embeddable":true,"href":"https:\/\/grandline.200.solutions\/index.php?rest_route=%2Fwp%2Fv2%2Fproduct_tag&post=1663"}],"curies":[{"name":"wp","href":"https:\/\/api.w.org\/{rel}","templated":true}]}}