{"id":1652,"date":"2024-11-07T22:41:45","date_gmt":"2024-11-07T21:41:45","guid":{"rendered":"https:\/\/grandline.200.solutions\/?post_type=product&#038;p=1652"},"modified":"2024-11-13T13:05:30","modified_gmt":"2024-11-13T12:05:30","slug":"overlord-iv-aqua-float-girls-albedo","status":"publish","type":"product","link":"https:\/\/grandline.200.solutions\/?product=overlord-iv-aqua-float-girls-albedo","title":{"rendered":"Overlord IV Aqua Float Girls Albedo"},"content":{"rendered":"<p><span style=\"font-weight: 400;\">Figurka <\/span><b>Overlord IV Aqua Float Girls Albedo<\/b><span style=\"font-weight: 400;\"> zobrazuje Albedo, jak si u\u017e\u00edv\u00e1 relaxa\u010dn\u00ed chv\u00edle na nafukovac\u00edm kruhu. Tento kruh m\u00e1 n\u00e1pis \u201cI \u2661 AINZ\u201d, co\u017e dod\u00e1v\u00e1 figurce osobit\u00fd \u0161arm. <\/span><span style=\"font-weight: 400;\">Albedo je oble\u010dena v elegantn\u00edch b\u00edl\u00fdch a zlat\u00fdch bikin\u00e1ch, kter\u00e9 zd\u016fraz\u0148uj\u00ed jej\u00ed d\u00e9monickou kr\u00e1su<\/span><span style=\"font-weight: 400;\">. Tento sb\u011bratelsk\u00fd kousek je skv\u011bl\u00fdm dopl\u0148kem pro ka\u017ed\u00e9ho fanou\u0161ka s\u00e9rie.<\/span><\/p>\n<p><b>Vlastnosti:\u00a0<\/b><\/p>\n<p><span style=\"font-weight: 400;\">V\u00fd\u0161ka &#8211; 10 cm<\/span><\/p>\n<p><span style=\"font-weight: 400;\">Materi\u00e1l &#8211; PVC<\/span><\/p>\n<p><span style=\"font-weight: 400;\">Detailn\u00ed proveden\u00ed<\/span><\/p>\n<p><span style=\"font-weight: 400;\">Sb\u011bratelsk\u00e1 edice<\/span><\/p>\n","protected":false},"excerpt":{"rendered":"<p><span style=\"font-weight: 400;\">Figurka <\/span><b>Overlord IV Aqua Float Girls Albedo<\/b><span style=\"font-weight: 400;\"> zobrazuje Albedo, jak si u\u017e\u00edv\u00e1 relaxa\u010dn\u00ed chv\u00edle na nafukovac\u00edm kruhu. Tento kruh m\u00e1 n\u00e1pis \u201cI \u2661 AINZ\u201d, co\u017e dod\u00e1v\u00e1 figurce osobit\u00fd \u0161arm. <\/span><span style=\"font-weight: 400;\">Albedo je oble\u010dena v elegantn\u00edch b\u00edl\u00fdch a zlat\u00fdch bikin\u00e1ch, kter\u00e9 zd\u016fraz\u0148uj\u00ed jej\u00ed d\u00e9monickou kr\u00e1su<\/span><span style=\"font-weight: 400;\">. Tento sb\u011bratelsk\u00fd kousek je skv\u011bl\u00fdm dopl\u0148kem pro ka\u017ed\u00e9ho fanou\u0161ka s\u00e9rie.<\/span><\/p>\n","protected":false},"featured_media":1653,"comment_status":"open","ping_status":"closed","template":"","meta":{"inline_featured_image":false},"product_cat":[60,79,95],"product_tag":[],"class_list":{"0":"post-1652","1":"product","2":"type-product","3":"status-publish","4":"has-post-thumbnail","6":"product_cat-figurky","7":"product_cat-overlord","8":"product_cat-taito","10":"first","11":"instock","12":"shipping-taxable","13":"purchasable","14":"product-type-simple"},"_links":{"self":[{"href":"https:\/\/grandline.200.solutions\/index.php?rest_route=\/wp\/v2\/product\/1652","targetHints":{"allow":["GET"]}}],"collection":[{"href":"https:\/\/grandline.200.solutions\/index.php?rest_route=\/wp\/v2\/product"}],"about":[{"href":"https:\/\/grandline.200.solutions\/index.php?rest_route=\/wp\/v2\/types\/product"}],"replies":[{"embeddable":true,"href":"https:\/\/grandline.200.solutions\/index.php?rest_route=%2Fwp%2Fv2%2Fcomments&post=1652"}],"wp:featuredmedia":[{"embeddable":true,"href":"https:\/\/grandline.200.solutions\/index.php?rest_route=\/wp\/v2\/media\/1653"}],"wp:attachment":[{"href":"https:\/\/grandline.200.solutions\/index.php?rest_route=%2Fwp%2Fv2%2Fmedia&parent=1652"}],"wp:term":[{"taxonomy":"product_cat","embeddable":true,"href":"https:\/\/grandline.200.solutions\/index.php?rest_route=%2Fwp%2Fv2%2Fproduct_cat&post=1652"},{"taxonomy":"product_tag","embeddable":true,"href":"https:\/\/grandline.200.solutions\/index.php?rest_route=%2Fwp%2Fv2%2Fproduct_tag&post=1652"}],"curies":[{"name":"wp","href":"https:\/\/api.w.org\/{rel}","templated":true}]}}