{"id":1633,"date":"2024-11-07T22:36:00","date_gmt":"2024-11-07T21:36:00","guid":{"rendered":"https:\/\/grandline.200.solutions\/?post_type=product&#038;p=1633"},"modified":"2024-11-13T13:07:37","modified_gmt":"2024-11-13T12:07:37","slug":"overlord-bicute-bunnies-figure-albedo","status":"publish","type":"product","link":"https:\/\/grandline.200.solutions\/?product=overlord-bicute-bunnies-figure-albedo","title":{"rendered":"Overlord BiCute Bunnies Figure Albedo"},"content":{"rendered":"<p><span style=\"font-weight: 400;\">Figurka <\/span><b>Overlord BiCute Bunnies Figure Albedo<\/b><span style=\"font-weight: 400;\"> zobrazuje Albedo, jak je oble\u010den\u00e1 v roztomil\u00e9m b\u00edl\u00e9m bunny oble\u010dku, v\u010detn\u011b dlouh\u00fdch u\u0161\u00ed a nad\u00fdchan\u00e9ho oc\u00e1sku<\/span><span style=\"font-weight: 400;\">. Je zde zachycena v hrav\u00e9 a okouzluj\u00edc\u00ed p\u00f3ze, kter\u00e1 zd\u016fraz\u0148uje jej\u00ed p\u016fvab a eleganci. Tento sb\u011bratelsk\u00fd kousek nesm\u00ed chyb\u011bt \u017e\u00e1dn\u00e9mu fanou\u0161kovi s\u00e9rie.<\/span><\/p>\n<p><b>Vlastnosti:\u00a0<\/b><\/p>\n<p><span style=\"font-weight: 400;\">V\u00fd\u0161ka &#8211; 30 cm<\/span><\/p>\n<p><span style=\"font-weight: 400;\">Materi\u00e1l &#8211; PVC<\/span><\/p>\n<p><span style=\"font-weight: 400;\">Detailn\u00ed proveden\u00ed<\/span><\/p>\n<p><span style=\"font-weight: 400;\">Sb\u011bratelsk\u00e1 edice<\/span><\/p>\n","protected":false},"excerpt":{"rendered":"<p><span style=\"font-weight: 400;\">Figurka <\/span><b>Overlord BiCute Bunnies Figure Albedo<\/b><span style=\"font-weight: 400;\"> zobrazuje Albedo, jak je oble\u010den\u00e1 v roztomil\u00e9m b\u00edl\u00e9m bunny oble\u010dku, v\u010detn\u011b dlouh\u00fdch u\u0161\u00ed a nad\u00fdchan\u00e9ho oc\u00e1sku<\/span><span style=\"font-weight: 400;\">. Je zde zachycena v hrav\u00e9 a okouzluj\u00edc\u00ed p\u00f3ze, kter\u00e1 zd\u016fraz\u0148uje jej\u00ed p\u016fvab a eleganci. Tento sb\u011bratelsk\u00fd kousek nesm\u00ed chyb\u011bt \u017e\u00e1dn\u00e9mu fanou\u0161kovi s\u00e9rie.<\/span><\/p>\n","protected":false},"featured_media":1635,"comment_status":"open","ping_status":"closed","template":"","meta":{"inline_featured_image":false},"product_cat":[60,93,79],"product_tag":[],"class_list":{"0":"post-1633","1":"product","2":"type-product","3":"status-publish","4":"has-post-thumbnail","6":"product_cat-figurky","7":"product_cat-furyu","8":"product_cat-overlord","10":"first","11":"instock","12":"shipping-taxable","13":"purchasable","14":"product-type-simple"},"_links":{"self":[{"href":"https:\/\/grandline.200.solutions\/index.php?rest_route=\/wp\/v2\/product\/1633","targetHints":{"allow":["GET"]}}],"collection":[{"href":"https:\/\/grandline.200.solutions\/index.php?rest_route=\/wp\/v2\/product"}],"about":[{"href":"https:\/\/grandline.200.solutions\/index.php?rest_route=\/wp\/v2\/types\/product"}],"replies":[{"embeddable":true,"href":"https:\/\/grandline.200.solutions\/index.php?rest_route=%2Fwp%2Fv2%2Fcomments&post=1633"}],"wp:featuredmedia":[{"embeddable":true,"href":"https:\/\/grandline.200.solutions\/index.php?rest_route=\/wp\/v2\/media\/1635"}],"wp:attachment":[{"href":"https:\/\/grandline.200.solutions\/index.php?rest_route=%2Fwp%2Fv2%2Fmedia&parent=1633"}],"wp:term":[{"taxonomy":"product_cat","embeddable":true,"href":"https:\/\/grandline.200.solutions\/index.php?rest_route=%2Fwp%2Fv2%2Fproduct_cat&post=1633"},{"taxonomy":"product_tag","embeddable":true,"href":"https:\/\/grandline.200.solutions\/index.php?rest_route=%2Fwp%2Fv2%2Fproduct_tag&post=1633"}],"curies":[{"name":"wp","href":"https:\/\/api.w.org\/{rel}","templated":true}]}}