{"id":1625,"date":"2024-11-07T22:33:03","date_gmt":"2024-11-07T21:33:03","guid":{"rendered":"https:\/\/grandline.200.solutions\/?post_type=product&#038;p=1625"},"modified":"2024-11-13T13:07:30","modified_gmt":"2024-11-13T12:07:30","slug":"overlord-thermae-yutopia-albedo","status":"publish","type":"product","link":"https:\/\/grandline.200.solutions\/?product=overlord-thermae-yutopia-albedo","title":{"rendered":"Overlord Thermae Yu~topia Albedo"},"content":{"rendered":"<p><span style=\"font-weight: 400;\">Figurka <\/span><b>Overlord Thermae Yu~topia Albedo<\/b><span style=\"font-weight: 400;\"> zobrazuje Albedo<\/span><span style=\"font-weight: 400;\">, jak si u\u017e\u00edv\u00e1 relaxa\u010dn\u00ed koupel. Z\u00e1kladna figurky je navr\u017eena tak, aby to vypadalo, \u017ee je Albedo pono\u0159en\u00e1 ve vod\u011b, co\u017e dod\u00e1v\u00e1 cel\u00e9 sc\u00e9n\u011b autentick\u00fd vzhled. <\/span><span style=\"font-weight: 400;\">Tento sb\u011bratelsk\u00fd kousek je skv\u011bl\u00fdm dopl\u0148kem pro ka\u017ed\u00e9ho fanou\u0161ka s\u00e9rie.<\/span><\/p>\n<p><b>Vlastnosti:\u00a0<\/b><\/p>\n<p><span style=\"font-weight: 400;\">V\u00fd\u0161ka &#8211; 14 cm<\/span><\/p>\n<p><span style=\"font-weight: 400;\">Materi\u00e1l &#8211; PVC<\/span><\/p>\n<p><span style=\"font-weight: 400;\">Detailn\u00ed proveden\u00ed<\/span><\/p>\n<p><span style=\"font-weight: 400;\">Sb\u011bratelsk\u00e1 edice<\/span><\/p>\n","protected":false},"excerpt":{"rendered":"<p><span style=\"font-weight: 400;\">Figurka <\/span><b>Overlord Thermae Yu~topia Albedo<\/b><span style=\"font-weight: 400;\"> zobrazuje Albedo<\/span><span style=\"font-weight: 400;\">, jak si u\u017e\u00edv\u00e1 relaxa\u010dn\u00ed koupel. Z\u00e1kladna figurky je navr\u017eena tak, aby to vypadalo, \u017ee je Albedo pono\u0159en\u00e1 ve vod\u011b, co\u017e dod\u00e1v\u00e1 cel\u00e9 sc\u00e9n\u011b autentick\u00fd vzhled. <\/span><span style=\"font-weight: 400;\">Tento sb\u011bratelsk\u00fd kousek je skv\u011bl\u00fdm dopl\u0148kem pro ka\u017ed\u00e9ho fanou\u0161ka s\u00e9rie.<\/span><\/p>\n","protected":false},"featured_media":1627,"comment_status":"open","ping_status":"closed","template":"","meta":{"inline_featured_image":false},"product_cat":[60,79,94],"product_tag":[],"class_list":{"0":"post-1625","1":"product","2":"type-product","3":"status-publish","4":"has-post-thumbnail","6":"product_cat-figurky","7":"product_cat-overlord","8":"product_cat-sega","10":"first","11":"instock","12":"shipping-taxable","13":"purchasable","14":"product-type-simple"},"_links":{"self":[{"href":"https:\/\/grandline.200.solutions\/index.php?rest_route=\/wp\/v2\/product\/1625","targetHints":{"allow":["GET"]}}],"collection":[{"href":"https:\/\/grandline.200.solutions\/index.php?rest_route=\/wp\/v2\/product"}],"about":[{"href":"https:\/\/grandline.200.solutions\/index.php?rest_route=\/wp\/v2\/types\/product"}],"replies":[{"embeddable":true,"href":"https:\/\/grandline.200.solutions\/index.php?rest_route=%2Fwp%2Fv2%2Fcomments&post=1625"}],"wp:featuredmedia":[{"embeddable":true,"href":"https:\/\/grandline.200.solutions\/index.php?rest_route=\/wp\/v2\/media\/1627"}],"wp:attachment":[{"href":"https:\/\/grandline.200.solutions\/index.php?rest_route=%2Fwp%2Fv2%2Fmedia&parent=1625"}],"wp:term":[{"taxonomy":"product_cat","embeddable":true,"href":"https:\/\/grandline.200.solutions\/index.php?rest_route=%2Fwp%2Fv2%2Fproduct_cat&post=1625"},{"taxonomy":"product_tag","embeddable":true,"href":"https:\/\/grandline.200.solutions\/index.php?rest_route=%2Fwp%2Fv2%2Fproduct_tag&post=1625"}],"curies":[{"name":"wp","href":"https:\/\/api.w.org\/{rel}","templated":true}]}}