{"id":1622,"date":"2024-11-07T22:30:04","date_gmt":"2024-11-07T21:30:04","guid":{"rendered":"https:\/\/grandline.200.solutions\/?post_type=product&#038;p=1622"},"modified":"2024-11-13T13:08:13","modified_gmt":"2024-11-13T12:08:13","slug":"one-punch-man-saitama-genos-placky","status":"publish","type":"product","link":"https:\/\/grandline.200.solutions\/?product=one-punch-man-saitama-genos-placky","title":{"rendered":"One Punch Man Saitama &#038; Genos Placky"},"content":{"rendered":"<p><span style=\"font-weight: 400;\">Sada placek<\/span><b> One Punch Man Saitama &amp; Genos<\/b><span style=\"font-weight: 400;\"> obsahuje \u0161est placek s motivy z anime One Punch Man. Tyto placky jsou skv\u011bl\u00fdm dopl\u0148kem pro ka\u017ed\u00e9ho fanou\u0161ka s\u00e9rie, kter\u00fd chce m\u00edt sv\u00e9 obl\u00edben\u00e9 postavy st\u00e1le u sebe.<\/span><\/p>\n<p><b>Vlastnosti:\u00a0<\/b><\/p>\n<p><span style=\"font-weight: 400;\">Rozm\u011bry &#8211; 4 placky o pr\u016fm\u011bru 2,5 cm a 2 placky o pr\u016fm\u011bru 3,2 cm<\/span><\/p>\n","protected":false},"excerpt":{"rendered":"<p><span style=\"font-weight: 400;\">Sada placek<\/span><b> One Punch Man Saitama &amp; Genos<\/b><span style=\"font-weight: 400;\"> obsahuje \u0161est placek s motivy z anime One Punch Man. Tyto placky jsou skv\u011bl\u00fdm dopl\u0148kem pro ka\u017ed\u00e9ho fanou\u0161ka s\u00e9rie, kter\u00fd chce m\u00edt sv\u00e9 obl\u00edben\u00e9 postavy st\u00e1le u sebe.<\/span><\/p>\n","protected":false},"featured_media":1623,"comment_status":"open","ping_status":"closed","template":"","meta":{"inline_featured_image":false},"product_cat":[76,62,101],"product_tag":[],"class_list":{"0":"post-1622","1":"product","2":"type-product","3":"status-publish","4":"has-post-thumbnail","6":"product_cat-abystyle","7":"product_cat-odznacky","8":"product_cat-one-punch-man","10":"first","11":"instock","12":"shipping-taxable","13":"purchasable","14":"product-type-simple"},"_links":{"self":[{"href":"https:\/\/grandline.200.solutions\/index.php?rest_route=\/wp\/v2\/product\/1622","targetHints":{"allow":["GET"]}}],"collection":[{"href":"https:\/\/grandline.200.solutions\/index.php?rest_route=\/wp\/v2\/product"}],"about":[{"href":"https:\/\/grandline.200.solutions\/index.php?rest_route=\/wp\/v2\/types\/product"}],"replies":[{"embeddable":true,"href":"https:\/\/grandline.200.solutions\/index.php?rest_route=%2Fwp%2Fv2%2Fcomments&post=1622"}],"wp:featuredmedia":[{"embeddable":true,"href":"https:\/\/grandline.200.solutions\/index.php?rest_route=\/wp\/v2\/media\/1623"}],"wp:attachment":[{"href":"https:\/\/grandline.200.solutions\/index.php?rest_route=%2Fwp%2Fv2%2Fmedia&parent=1622"}],"wp:term":[{"taxonomy":"product_cat","embeddable":true,"href":"https:\/\/grandline.200.solutions\/index.php?rest_route=%2Fwp%2Fv2%2Fproduct_cat&post=1622"},{"taxonomy":"product_tag","embeddable":true,"href":"https:\/\/grandline.200.solutions\/index.php?rest_route=%2Fwp%2Fv2%2Fproduct_tag&post=1622"}],"curies":[{"name":"wp","href":"https:\/\/api.w.org\/{rel}","templated":true}]}}