{"id":1616,"date":"2024-11-07T22:23:30","date_gmt":"2024-11-07T21:23:30","guid":{"rendered":"https:\/\/grandline.200.solutions\/?post_type=product&#038;p=1616"},"modified":"2024-11-13T13:08:49","modified_gmt":"2024-11-13T12:08:49","slug":"one-piece-all-i-want-for-christmas-magnet","status":"publish","type":"product","link":"https:\/\/grandline.200.solutions\/?product=one-piece-all-i-want-for-christmas-magnet","title":{"rendered":"One Piece ALL I WANT FOR CHRISTMAS Magnet"},"content":{"rendered":"<p><span style=\"font-weight: 400;\">Magnet<\/span><b> One Piece ALL I WANT FOR CHRISTMAS <\/b><span style=\"font-weight: 400;\">je stylov\u00fd a praktick\u00fd dopln\u011bk pro ka\u017ed\u00e9ho milovn\u00edka One Piece. Tento magnet je ide\u00e1ln\u00ed pro um\u00edst\u011bn\u00ed na lednici, tabuli nebo jak\u00fdkoli kovov\u00fd povrch.<\/span><\/p>\n<p><b>Vlastnosti:\u00a0<\/b><\/p>\n<p><span style=\"font-weight: 400;\">V\u00fd\u0161ka &#8211; 8 cm<\/span><\/p>\n<p><span style=\"font-weight: 400;\">\u0160\u00ed\u0159ka &#8211; 5,5 cm<\/span><\/p>\n","protected":false},"excerpt":{"rendered":"<p><span style=\"font-weight: 400;\">Magnet<\/span><b> One Piece ALL I WANT FOR CHRISTMAS <\/b><span style=\"font-weight: 400;\">je stylov\u00fd a praktick\u00fd dopln\u011bk pro ka\u017ed\u00e9ho milovn\u00edka One Piece. Tento magnet je ide\u00e1ln\u00ed pro um\u00edst\u011bn\u00ed na lednici, tabuli nebo jak\u00fdkoli kovov\u00fd povrch.<\/span><\/p>\n","protected":false},"featured_media":1617,"comment_status":"open","ping_status":"closed","template":"","meta":{"inline_featured_image":false},"product_cat":[76,57,74],"product_tag":[],"class_list":{"0":"post-1616","1":"product","2":"type-product","3":"status-publish","4":"has-post-thumbnail","6":"product_cat-abystyle","7":"product_cat-magnetky","8":"product_cat-one-piece","10":"first","11":"instock","12":"shipping-taxable","13":"purchasable","14":"product-type-simple"},"_links":{"self":[{"href":"https:\/\/grandline.200.solutions\/index.php?rest_route=\/wp\/v2\/product\/1616","targetHints":{"allow":["GET"]}}],"collection":[{"href":"https:\/\/grandline.200.solutions\/index.php?rest_route=\/wp\/v2\/product"}],"about":[{"href":"https:\/\/grandline.200.solutions\/index.php?rest_route=\/wp\/v2\/types\/product"}],"replies":[{"embeddable":true,"href":"https:\/\/grandline.200.solutions\/index.php?rest_route=%2Fwp%2Fv2%2Fcomments&post=1616"}],"wp:featuredmedia":[{"embeddable":true,"href":"https:\/\/grandline.200.solutions\/index.php?rest_route=\/wp\/v2\/media\/1617"}],"wp:attachment":[{"href":"https:\/\/grandline.200.solutions\/index.php?rest_route=%2Fwp%2Fv2%2Fmedia&parent=1616"}],"wp:term":[{"taxonomy":"product_cat","embeddable":true,"href":"https:\/\/grandline.200.solutions\/index.php?rest_route=%2Fwp%2Fv2%2Fproduct_cat&post=1616"},{"taxonomy":"product_tag","embeddable":true,"href":"https:\/\/grandline.200.solutions\/index.php?rest_route=%2Fwp%2Fv2%2Fproduct_tag&post=1616"}],"curies":[{"name":"wp","href":"https:\/\/api.w.org\/{rel}","templated":true}]}}