{"id":1588,"date":"2024-11-07T21:10:24","date_gmt":"2024-11-07T20:10:24","guid":{"rendered":"https:\/\/grandline.200.solutions\/?post_type=product&#038;p=1588"},"modified":"2024-11-13T13:12:03","modified_gmt":"2024-11-13T12:12:03","slug":"one-piece-thousand-sunny-zaramovany-plakat","status":"publish","type":"product","link":"https:\/\/grandline.200.solutions\/?product=one-piece-thousand-sunny-zaramovany-plakat","title":{"rendered":"One Piece Thousand Sunny Zar\u00e1movan\u00fd plak\u00e1t"},"content":{"rendered":"<p><span style=\"font-weight: 400;\">Zar\u00e1movan\u00fd plak\u00e1t <\/span><b>One Piece Thousand Sunny <\/b><span style=\"font-weight: 400;\">zobrazuje lo\u010f Thousand Sunny obklopenou vlnami a je vyti\u0161t\u011bn na leskl\u00e9m plak\u00e1tov\u00e9m pap\u00edru. Elegantn\u00ed \u010dern\u00fd r\u00e1m dod\u00e1v\u00e1 tisku n\u00e1dech elegance, co\u017e z n\u011bj d\u011bl\u00e1 perfektn\u00ed dopln\u011bk pro ka\u017ed\u00e9ho fanou\u0161ka One Piece.<\/span><\/p>\n<p><b>Vlastnosti:\u00a0<\/b><\/p>\n<p><span style=\"font-weight: 400;\">Rozm\u011bry &#8211; 30,5 x 40,6 cm<\/span><\/p>\n<p><span style=\"font-weight: 400;\">\u0160\u00ed\u0159ka r\u00e1mu &#8211; 25 mm<\/span><\/p>\n","protected":false},"excerpt":{"rendered":"<p><span style=\"font-weight: 400;\">Zar\u00e1movan\u00fd plak\u00e1t <\/span><b>One Piece Thousand Sunny <\/b><span style=\"font-weight: 400;\">zobrazuje lo\u010f Thousand Sunny obklopenou vlnami a je vyti\u0161t\u011bn na leskl\u00e9m plak\u00e1tov\u00e9m pap\u00edru. Elegantn\u00ed \u010dern\u00fd r\u00e1m dod\u00e1v\u00e1 tisku n\u00e1dech elegance, co\u017e z n\u011bj d\u011bl\u00e1 perfektn\u00ed dopln\u011bk pro ka\u017ed\u00e9ho fanou\u0161ka One Piece.<\/span><\/p>\n","protected":false},"featured_media":1589,"comment_status":"open","ping_status":"closed","template":"","meta":{"inline_featured_image":false},"product_cat":[76,74,59],"product_tag":[],"class_list":{"0":"post-1588","1":"product","2":"type-product","3":"status-publish","4":"has-post-thumbnail","6":"product_cat-abystyle","7":"product_cat-one-piece","8":"product_cat-plakaty","10":"first","11":"instock","12":"shipping-taxable","13":"purchasable","14":"product-type-simple"},"_links":{"self":[{"href":"https:\/\/grandline.200.solutions\/index.php?rest_route=\/wp\/v2\/product\/1588","targetHints":{"allow":["GET"]}}],"collection":[{"href":"https:\/\/grandline.200.solutions\/index.php?rest_route=\/wp\/v2\/product"}],"about":[{"href":"https:\/\/grandline.200.solutions\/index.php?rest_route=\/wp\/v2\/types\/product"}],"replies":[{"embeddable":true,"href":"https:\/\/grandline.200.solutions\/index.php?rest_route=%2Fwp%2Fv2%2Fcomments&post=1588"}],"wp:featuredmedia":[{"embeddable":true,"href":"https:\/\/grandline.200.solutions\/index.php?rest_route=\/wp\/v2\/media\/1589"}],"wp:attachment":[{"href":"https:\/\/grandline.200.solutions\/index.php?rest_route=%2Fwp%2Fv2%2Fmedia&parent=1588"}],"wp:term":[{"taxonomy":"product_cat","embeddable":true,"href":"https:\/\/grandline.200.solutions\/index.php?rest_route=%2Fwp%2Fv2%2Fproduct_cat&post=1588"},{"taxonomy":"product_tag","embeddable":true,"href":"https:\/\/grandline.200.solutions\/index.php?rest_route=%2Fwp%2Fv2%2Fproduct_tag&post=1588"}],"curies":[{"name":"wp","href":"https:\/\/api.w.org\/{rel}","templated":true}]}}