{"id":1581,"date":"2024-11-07T21:06:13","date_gmt":"2024-11-07T20:06:13","guid":{"rendered":"https:\/\/grandline.200.solutions\/?post_type=product&#038;p=1581"},"modified":"2024-11-13T13:13:41","modified_gmt":"2024-11-13T12:13:41","slug":"one-piece-luffy-ace-sklenice","status":"publish","type":"product","link":"https:\/\/grandline.200.solutions\/?product=one-piece-luffy-ace-sklenice","title":{"rendered":"One Piece Luffy &#038; Ace Sklenice"},"content":{"rendered":"<p><span style=\"font-weight: 400;\">Set sklenic <\/span><b>One Piece Luffy &amp; Ace<\/b><span style=\"font-weight: 400;\"> je perfektn\u00ed dopln\u011bk pro ka\u017ed\u00e9ho fanou\u0161ka One Piece. Tato sada obsahuje dv\u011b elegantn\u00ed sklenice, ide\u00e1ln\u00ed t\u0159eba na rum, kter\u00e9 zobrazuj\u00ed ikonick\u00e9 jolly roger Luffyho a Ace.<\/span><\/p>\n<p><b>Vlastnosti:\u00a0<\/b><\/p>\n<p><span style=\"font-weight: 400;\">Objem &#8211; 300 ml<\/span><\/p>\n<p><span style=\"font-weight: 400;\">Materi\u00e1l &#8211; Sklo<\/span><\/p>\n<p><span style=\"font-weight: 400;\">Vhodn\u00e9 do my\u010dky n\u00e1dob\u00ed<\/span><\/p>\n","protected":false},"excerpt":{"rendered":"<p><span style=\"font-weight: 400;\">Set sklenic <\/span><b>One Piece Luffy &amp; Ace<\/b><span style=\"font-weight: 400;\"> je perfektn\u00ed dopln\u011bk pro ka\u017ed\u00e9ho fanou\u0161ka One Piece. Tato sada obsahuje dv\u011b elegantn\u00ed sklenice, ide\u00e1ln\u00ed t\u0159eba na rum, kter\u00e9 zobrazuj\u00ed ikonick\u00e9 jolly roger Luffyho a Ace.<\/span><\/p>\n","protected":false},"featured_media":1582,"comment_status":"open","ping_status":"closed","template":"","meta":{"inline_featured_image":false},"product_cat":[76,58,74],"product_tag":[],"class_list":{"0":"post-1581","1":"product","2":"type-product","3":"status-publish","4":"has-post-thumbnail","6":"product_cat-abystyle","7":"product_cat-nadobi","8":"product_cat-one-piece","10":"first","11":"instock","12":"shipping-taxable","13":"purchasable","14":"product-type-simple"},"_links":{"self":[{"href":"https:\/\/grandline.200.solutions\/index.php?rest_route=\/wp\/v2\/product\/1581","targetHints":{"allow":["GET"]}}],"collection":[{"href":"https:\/\/grandline.200.solutions\/index.php?rest_route=\/wp\/v2\/product"}],"about":[{"href":"https:\/\/grandline.200.solutions\/index.php?rest_route=\/wp\/v2\/types\/product"}],"replies":[{"embeddable":true,"href":"https:\/\/grandline.200.solutions\/index.php?rest_route=%2Fwp%2Fv2%2Fcomments&post=1581"}],"wp:featuredmedia":[{"embeddable":true,"href":"https:\/\/grandline.200.solutions\/index.php?rest_route=\/wp\/v2\/media\/1582"}],"wp:attachment":[{"href":"https:\/\/grandline.200.solutions\/index.php?rest_route=%2Fwp%2Fv2%2Fmedia&parent=1581"}],"wp:term":[{"taxonomy":"product_cat","embeddable":true,"href":"https:\/\/grandline.200.solutions\/index.php?rest_route=%2Fwp%2Fv2%2Fproduct_cat&post=1581"},{"taxonomy":"product_tag","embeddable":true,"href":"https:\/\/grandline.200.solutions\/index.php?rest_route=%2Fwp%2Fv2%2Fproduct_tag&post=1581"}],"curies":[{"name":"wp","href":"https:\/\/api.w.org\/{rel}","templated":true}]}}