{"id":1569,"date":"2024-11-07T20:59:56","date_gmt":"2024-11-07T19:59:56","guid":{"rendered":"https:\/\/grandline.200.solutions\/?post_type=product&#038;p=1569"},"modified":"2024-11-13T13:13:14","modified_gmt":"2024-11-13T12:13:14","slug":"one-piece-trafalgar-law-replica-cepice","status":"publish","type":"product","link":"https:\/\/grandline.200.solutions\/?product=one-piece-trafalgar-law-replica-cepice","title":{"rendered":"One Piece Trafalgar Law Replica \u010cepice"},"content":{"rendered":"<p><span style=\"font-weight: 400;\">\u010cepice <\/span><b>One Piece Trafalgar Law Replica<\/b><span style=\"font-weight: 400;\"> je skv\u011bl\u00fd dopln\u011bk pro ka\u017ed\u00e9ho fanou\u0161ka One Piece. Tato \u010depice v\u011brn\u011b kop\u00edruje vzhled \u010depice Trafalgara D. Water Lawa, zn\u00e1m\u00e9ho jako \u201cChirurga smrti\u201d. \u010cepice m\u00e1 elastick\u00fd p\u00e1sek vzadu, tak\u017ee padne na r\u016fzn\u00e9 velikosti hlavy, a polstrov\u00e1n\u00ed naho\u0159e pro perfektn\u00ed objem.<\/span><\/p>\n<p><b>Vlastnosti:\u00a0<\/b><\/p>\n<p><span style=\"font-weight: 400;\">Materi\u00e1l &#8211; Polyester<\/span><\/p>\n<p><span style=\"font-weight: 400;\">Rozm\u011bry &#8211; pr\u016fm\u011br 19 cm, v\u00fd\u0161ka 18 cm<\/span><span style=\"font-weight: 400;\"><br \/>\n<\/span><span style=\"font-weight: 400;\">Univerz\u00e1ln\u00ed velikost<\/span><\/p>\n<p><span style=\"font-weight: 400;\">Vycp\u00e1vka v horn\u00ed \u010d\u00e1sti \u010depice pro dokonal\u00fd objem<\/span><\/p>\n<p><span style=\"font-weight: 400;\">Vhodn\u00e1 pro cosplay<\/span><\/p>\n","protected":false},"excerpt":{"rendered":"<p><span style=\"font-weight: 400;\">\u010cepice <\/span><b>One Piece Trafalgar Law Replica<\/b><span style=\"font-weight: 400;\"> je skv\u011bl\u00fd dopln\u011bk pro ka\u017ed\u00e9ho fanou\u0161ka One Piece. Tato \u010depice v\u011brn\u011b kop\u00edruje vzhled \u010depice Trafalgara D. Water Lawa, zn\u00e1m\u00e9ho jako \u201cChirurga smrti\u201d. \u010cepice m\u00e1 elastick\u00fd p\u00e1sek vzadu, tak\u017ee padne na r\u016fzn\u00e9 velikosti hlavy, a polstrov\u00e1n\u00ed naho\u0159e pro perfektn\u00ed objem.<\/span><\/p>\n","protected":false},"featured_media":1572,"comment_status":"open","ping_status":"closed","template":"","meta":{"inline_featured_image":false},"product_cat":[76,64,74],"product_tag":[],"class_list":{"0":"post-1569","1":"product","2":"type-product","3":"status-publish","4":"has-post-thumbnail","6":"product_cat-abystyle","7":"product_cat-cepice","8":"product_cat-one-piece","10":"first","11":"instock","12":"shipping-taxable","13":"purchasable","14":"product-type-simple"},"_links":{"self":[{"href":"https:\/\/grandline.200.solutions\/index.php?rest_route=\/wp\/v2\/product\/1569","targetHints":{"allow":["GET"]}}],"collection":[{"href":"https:\/\/grandline.200.solutions\/index.php?rest_route=\/wp\/v2\/product"}],"about":[{"href":"https:\/\/grandline.200.solutions\/index.php?rest_route=\/wp\/v2\/types\/product"}],"replies":[{"embeddable":true,"href":"https:\/\/grandline.200.solutions\/index.php?rest_route=%2Fwp%2Fv2%2Fcomments&post=1569"}],"wp:featuredmedia":[{"embeddable":true,"href":"https:\/\/grandline.200.solutions\/index.php?rest_route=\/wp\/v2\/media\/1572"}],"wp:attachment":[{"href":"https:\/\/grandline.200.solutions\/index.php?rest_route=%2Fwp%2Fv2%2Fmedia&parent=1569"}],"wp:term":[{"taxonomy":"product_cat","embeddable":true,"href":"https:\/\/grandline.200.solutions\/index.php?rest_route=%2Fwp%2Fv2%2Fproduct_cat&post=1569"},{"taxonomy":"product_tag","embeddable":true,"href":"https:\/\/grandline.200.solutions\/index.php?rest_route=%2Fwp%2Fv2%2Fproduct_tag&post=1569"}],"curies":[{"name":"wp","href":"https:\/\/api.w.org\/{rel}","templated":true}]}}