{"id":1558,"date":"2024-11-07T20:54:15","date_gmt":"2024-11-07T19:54:15","guid":{"rendered":"https:\/\/grandline.200.solutions\/?post_type=product&#038;p=1558"},"modified":"2024-11-13T13:14:39","modified_gmt":"2024-11-13T12:14:39","slug":"one-piece-egghead-hrnek","status":"publish","type":"product","link":"https:\/\/grandline.200.solutions\/?product=one-piece-egghead-hrnek","title":{"rendered":"One Piece EggHead Hrnek"},"content":{"rendered":"<p><span style=\"font-weight: 400;\">Hrnek <\/span><b>One Piece EggHead<\/b><span style=\"font-weight: 400;\"> je ofici\u00e1ln\u011b licencovan\u00fd produkt s motivem z anime One Piece. Hrnek zobrazuje celou Straw Hat pos\u00e1dku v posledn\u00edm arcu na futuristick\u00e9m ostrov\u011b EggHead, co\u017e z n\u011bj \u010din\u00ed skv\u011bl\u00fd dopln\u011bk pro ka\u017ed\u00e9ho fanou\u0161ka s\u00e9rie.<\/span><\/p>\n<p><b>Vlastnosti:\u00a0<\/b><\/p>\n<p><span style=\"font-weight: 400;\">Objem &#8211; <\/span><span style=\"font-weight: 400;\">320 ml<\/span><\/p>\n<p><span style=\"font-weight: 400;\">Materi\u00e1l &#8211; Keramika<\/span><\/p>\n<p><span style=\"font-weight: 400;\">Vhodn\u00fd do my\u010dky a mikrovlnky<\/span><\/p>\n","protected":false},"excerpt":{"rendered":"<p><span style=\"font-weight: 400;\">Hrnek <\/span><b>One Piece EggHead<\/b><span style=\"font-weight: 400;\"> je ofici\u00e1ln\u011b licencovan\u00fd produkt s motivem z anime One Piece. Hrnek zobrazuje celou Straw Hat pos\u00e1dku v posledn\u00edm arcu na futuristick\u00e9m ostrov\u011b EggHead, co\u017e z n\u011bj \u010din\u00ed skv\u011bl\u00fd dopln\u011bk pro ka\u017ed\u00e9ho fanou\u0161ka s\u00e9rie.<\/span><\/p>\n","protected":false},"featured_media":1559,"comment_status":"open","ping_status":"closed","template":"","meta":{"inline_featured_image":false},"product_cat":[76,58,74],"product_tag":[],"class_list":{"0":"post-1558","1":"product","2":"type-product","3":"status-publish","4":"has-post-thumbnail","6":"product_cat-abystyle","7":"product_cat-nadobi","8":"product_cat-one-piece","10":"first","11":"instock","12":"shipping-taxable","13":"purchasable","14":"product-type-simple"},"_links":{"self":[{"href":"https:\/\/grandline.200.solutions\/index.php?rest_route=\/wp\/v2\/product\/1558","targetHints":{"allow":["GET"]}}],"collection":[{"href":"https:\/\/grandline.200.solutions\/index.php?rest_route=\/wp\/v2\/product"}],"about":[{"href":"https:\/\/grandline.200.solutions\/index.php?rest_route=\/wp\/v2\/types\/product"}],"replies":[{"embeddable":true,"href":"https:\/\/grandline.200.solutions\/index.php?rest_route=%2Fwp%2Fv2%2Fcomments&post=1558"}],"wp:featuredmedia":[{"embeddable":true,"href":"https:\/\/grandline.200.solutions\/index.php?rest_route=\/wp\/v2\/media\/1559"}],"wp:attachment":[{"href":"https:\/\/grandline.200.solutions\/index.php?rest_route=%2Fwp%2Fv2%2Fmedia&parent=1558"}],"wp:term":[{"taxonomy":"product_cat","embeddable":true,"href":"https:\/\/grandline.200.solutions\/index.php?rest_route=%2Fwp%2Fv2%2Fproduct_cat&post=1558"},{"taxonomy":"product_tag","embeddable":true,"href":"https:\/\/grandline.200.solutions\/index.php?rest_route=%2Fwp%2Fv2%2Fproduct_tag&post=1558"}],"curies":[{"name":"wp","href":"https:\/\/api.w.org\/{rel}","templated":true}]}}