{"id":1516,"date":"2024-11-07T20:42:07","date_gmt":"2024-11-07T19:42:07","guid":{"rendered":"https:\/\/grandline.200.solutions\/?post_type=product&#038;p=1516"},"modified":"2024-11-13T13:15:52","modified_gmt":"2024-11-13T12:15:52","slug":"one-piece-buster-call-3d-klicenka","status":"publish","type":"product","link":"https:\/\/grandline.200.solutions\/?product=one-piece-buster-call-3d-klicenka","title":{"rendered":"One Piece Buster Call 3D Kl\u00ed\u010denka"},"content":{"rendered":"<p><span style=\"font-weight: 400;\">3D Kl\u00ed\u010denka <\/span><b>One Piece Buster Call<\/b><span style=\"font-weight: 400;\"> je skv\u011bl\u00fd dopln\u011bk pro ka\u017ed\u00e9ho fanou\u0161ka One Piece. Tento p\u0159\u00edv\u011bsek v\u011brn\u011b kop\u00edruje zlat\u00fd hlem\u00fd\u017ed\u00ed telefon, kter\u00fd je zn\u00e1m\u00fd jako Buster Call a je ide\u00e1ln\u00ed pro kl\u00ed\u010de, batoh nebo ta\u0161ku. Ide\u00e1ln\u00ed pro fanou\u0161ky one Piece.<\/span><\/p>\n<p><b>Vlastnosti:\u00a0<\/b><\/p>\n<p><span style=\"font-weight: 400;\">Rozm\u011bry &#8211; 3,4 cm x 3,9 cm x 1,4 cm<\/span><\/p>\n<p><span style=\"font-weight: 400;\">Materi\u00e1l &#8211; Kvalitn\u00ed kov<\/span><\/p>\n","protected":false},"excerpt":{"rendered":"<p><span style=\"font-weight: 400;\">3D Kl\u00ed\u010denka <\/span><b>One Piece Buster Call<\/b><span style=\"font-weight: 400;\"> je skv\u011bl\u00fd dopln\u011bk pro ka\u017ed\u00e9ho fanou\u0161ka One Piece. Tento p\u0159\u00edv\u011bsek v\u011brn\u011b kop\u00edruje zlat\u00fd hlem\u00fd\u017ed\u00ed telefon, kter\u00fd je zn\u00e1m\u00fd jako Buster Call a je ide\u00e1ln\u00ed pro kl\u00ed\u010de, batoh nebo ta\u0161ku. Ide\u00e1ln\u00ed pro fanou\u0161ky one Piece.<\/span><\/p>\n","protected":false},"featured_media":1517,"comment_status":"open","ping_status":"closed","template":"","meta":{"inline_featured_image":false},"product_cat":[76,99,74],"product_tag":[],"class_list":{"0":"post-1516","1":"product","2":"type-product","3":"status-publish","4":"has-post-thumbnail","6":"product_cat-abystyle","7":"product_cat-klicenky","8":"product_cat-one-piece","10":"first","11":"instock","12":"shipping-taxable","13":"purchasable","14":"product-type-simple"},"_links":{"self":[{"href":"https:\/\/grandline.200.solutions\/index.php?rest_route=\/wp\/v2\/product\/1516","targetHints":{"allow":["GET"]}}],"collection":[{"href":"https:\/\/grandline.200.solutions\/index.php?rest_route=\/wp\/v2\/product"}],"about":[{"href":"https:\/\/grandline.200.solutions\/index.php?rest_route=\/wp\/v2\/types\/product"}],"replies":[{"embeddable":true,"href":"https:\/\/grandline.200.solutions\/index.php?rest_route=%2Fwp%2Fv2%2Fcomments&post=1516"}],"wp:featuredmedia":[{"embeddable":true,"href":"https:\/\/grandline.200.solutions\/index.php?rest_route=\/wp\/v2\/media\/1517"}],"wp:attachment":[{"href":"https:\/\/grandline.200.solutions\/index.php?rest_route=%2Fwp%2Fv2%2Fmedia&parent=1516"}],"wp:term":[{"taxonomy":"product_cat","embeddable":true,"href":"https:\/\/grandline.200.solutions\/index.php?rest_route=%2Fwp%2Fv2%2Fproduct_cat&post=1516"},{"taxonomy":"product_tag","embeddable":true,"href":"https:\/\/grandline.200.solutions\/index.php?rest_route=%2Fwp%2Fv2%2Fproduct_tag&post=1516"}],"curies":[{"name":"wp","href":"https:\/\/api.w.org\/{rel}","templated":true}]}}