{"id":1500,"date":"2024-11-07T19:40:09","date_gmt":"2024-11-07T18:40:09","guid":{"rendered":"https:\/\/grandline.200.solutions\/?post_type=product&#038;p=1500"},"modified":"2024-11-13T13:17:18","modified_gmt":"2024-11-13T12:17:18","slug":"dragon-ball-training-to-go-super-saiyan-sportovni-taska","status":"publish","type":"product","link":"https:\/\/grandline.200.solutions\/?product=dragon-ball-training-to-go-super-saiyan-sportovni-taska","title":{"rendered":"Dragon Ball Training to go Super Saiyan Sportovn\u00ed ta\u0161ka"},"content":{"rendered":"<p>Sportovn\u00ed ta\u0161ka <strong>Dragon Ball Training to go Super Saiyan<\/strong> v \u0161edo\u010dern\u00e9 barv\u011b je inspirov\u00e1na nejsiln\u011bj\u0161\u00ed anime charakterem pro v\u00e1\u0161 tr\u00e9nink. Tato ta\u0161ka je navr\u017eena pro odolnost a styl, s dostate\u010dn\u00fdm prostorem pro ve\u0161ker\u00e9 va\u0161e vybaven\u00ed. M\u00e1 velk\u00fd \u00falo\u017en\u00fd prostor a zadn\u00ed kapsu, nastaviteln\u00fd ramenn\u00ed popruh a rukojeti pro pohodln\u00e9 no\u0161en\u00ed. Tento kousek je ide\u00e1ln\u00ed pro ka\u017ed\u00e9ho fanou\u0161ka Dragon Ball.<\/p>\n<p><strong>Vlastnosti:<\/strong><\/p>\n<p>Materi\u00e1l &#8211; Polyester<\/p>\n<p>Rozm\u011bry &#8211; 50 x 25 x 25 cm<\/p>\n<p>Objem &#8211; 23 litr\u016f<\/p>\n","protected":false},"excerpt":{"rendered":"<p>Sportovn\u00ed ta\u0161ka <strong>Dragon Ball Training to go Super Saiyan<\/strong> v \u0161edo\u010dern\u00e9 barv\u011b je inspirov\u00e1na nejsiln\u011bj\u0161\u00ed anime charakterem pro v\u00e1\u0161 tr\u00e9nink. Tato ta\u0161ka je navr\u017eena pro odolnost a styl, s dostate\u010dn\u00fdm prostorem pro ve\u0161ker\u00e9 va\u0161e vybaven\u00ed. M\u00e1 velk\u00fd \u00falo\u017en\u00fd prostor a zadn\u00ed kapsu, nastaviteln\u00fd ramenn\u00ed popruh a rukojeti pro pohodln\u00e9 no\u0161en\u00ed. Tento kousek je ide\u00e1ln\u00ed pro ka\u017ed\u00e9ho fanou\u0161ka Dragon Ball.<\/p>\n","protected":false},"featured_media":1502,"comment_status":"open","ping_status":"closed","template":"","meta":{"inline_featured_image":false},"product_cat":[76,47,61],"product_tag":[],"class_list":{"0":"post-1500","1":"product","2":"type-product","3":"status-publish","4":"has-post-thumbnail","6":"product_cat-abystyle","7":"product_cat-dragon-ball","8":"product_cat-sportovni-tasky","10":"first","11":"instock","12":"shipping-taxable","13":"purchasable","14":"product-type-simple"},"_links":{"self":[{"href":"https:\/\/grandline.200.solutions\/index.php?rest_route=\/wp\/v2\/product\/1500","targetHints":{"allow":["GET"]}}],"collection":[{"href":"https:\/\/grandline.200.solutions\/index.php?rest_route=\/wp\/v2\/product"}],"about":[{"href":"https:\/\/grandline.200.solutions\/index.php?rest_route=\/wp\/v2\/types\/product"}],"replies":[{"embeddable":true,"href":"https:\/\/grandline.200.solutions\/index.php?rest_route=%2Fwp%2Fv2%2Fcomments&post=1500"}],"wp:featuredmedia":[{"embeddable":true,"href":"https:\/\/grandline.200.solutions\/index.php?rest_route=\/wp\/v2\/media\/1502"}],"wp:attachment":[{"href":"https:\/\/grandline.200.solutions\/index.php?rest_route=%2Fwp%2Fv2%2Fmedia&parent=1500"}],"wp:term":[{"taxonomy":"product_cat","embeddable":true,"href":"https:\/\/grandline.200.solutions\/index.php?rest_route=%2Fwp%2Fv2%2Fproduct_cat&post=1500"},{"taxonomy":"product_tag","embeddable":true,"href":"https:\/\/grandline.200.solutions\/index.php?rest_route=%2Fwp%2Fv2%2Fproduct_tag&post=1500"}],"curies":[{"name":"wp","href":"https:\/\/api.w.org\/{rel}","templated":true}]}}