{"id":1485,"date":"2024-11-07T17:57:30","date_gmt":"2024-11-07T16:57:30","guid":{"rendered":"https:\/\/grandline.200.solutions\/?post_type=product&#038;p=1485"},"modified":"2024-11-13T13:24:24","modified_gmt":"2024-11-13T12:24:24","slug":"one-piece-big-mom-saga-plakat","status":"publish","type":"product","link":"https:\/\/grandline.200.solutions\/?product=one-piece-big-mom-saga-plakat","title":{"rendered":"One Piece Big Mom saga Plak\u00e1t"},"content":{"rendered":"<p><span style=\"font-weight: 400;\">Plak\u00e1t <\/span><b>One Piece Big Mom saga<\/b><span style=\"font-weight: 400;\"> zachycuje epick\u00e9 momenty z Whole Cake Islandu, kde Luffy a jeho spojenci \u010del\u00ed ob\u00e1van\u00e9 Big Mom a jej\u00ed pos\u00e1dce. Plak\u00e1t je opat\u0159en ochrannou vrstvou proti degradaci barev, co\u017e zaji\u0161\u0165uje jeho dlouhou \u017eivotnost.<\/span><\/p>\n<p><b>Vlastnosti:\u00a0<\/b><\/p>\n<p><span style=\"font-weight: 400;\">V\u00fd\u0161ka &#8211; 91,5 cm<\/span><\/p>\n<p><span style=\"font-weight: 400;\">\u0160\u00ed\u0159ka &#8211; 61 cm<\/span><\/p>\n","protected":false},"excerpt":{"rendered":"<p><span style=\"font-weight: 400;\">Plak\u00e1t <\/span><b>One Piece Big Mom saga<\/b><span style=\"font-weight: 400;\"> zachycuje epick\u00e9 momenty z Whole Cake Islandu, kde Luffy a jeho spojenci \u010del\u00ed ob\u00e1van\u00e9 Big Mom a jej\u00ed pos\u00e1dce. Plak\u00e1t je opat\u0159en ochrannou vrstvou proti degradaci barev, co\u017e zaji\u0161\u0165uje jeho dlouhou \u017eivotnost.<\/span><\/p>\n","protected":false},"featured_media":1486,"comment_status":"open","ping_status":"closed","template":"","meta":{"inline_featured_image":false},"product_cat":[76,74,59],"product_tag":[],"class_list":{"0":"post-1485","1":"product","2":"type-product","3":"status-publish","4":"has-post-thumbnail","6":"product_cat-abystyle","7":"product_cat-one-piece","8":"product_cat-plakaty","10":"first","11":"instock","12":"shipping-taxable","13":"purchasable","14":"product-type-simple"},"_links":{"self":[{"href":"https:\/\/grandline.200.solutions\/index.php?rest_route=\/wp\/v2\/product\/1485","targetHints":{"allow":["GET"]}}],"collection":[{"href":"https:\/\/grandline.200.solutions\/index.php?rest_route=\/wp\/v2\/product"}],"about":[{"href":"https:\/\/grandline.200.solutions\/index.php?rest_route=\/wp\/v2\/types\/product"}],"replies":[{"embeddable":true,"href":"https:\/\/grandline.200.solutions\/index.php?rest_route=%2Fwp%2Fv2%2Fcomments&post=1485"}],"wp:featuredmedia":[{"embeddable":true,"href":"https:\/\/grandline.200.solutions\/index.php?rest_route=\/wp\/v2\/media\/1486"}],"wp:attachment":[{"href":"https:\/\/grandline.200.solutions\/index.php?rest_route=%2Fwp%2Fv2%2Fmedia&parent=1485"}],"wp:term":[{"taxonomy":"product_cat","embeddable":true,"href":"https:\/\/grandline.200.solutions\/index.php?rest_route=%2Fwp%2Fv2%2Fproduct_cat&post=1485"},{"taxonomy":"product_tag","embeddable":true,"href":"https:\/\/grandline.200.solutions\/index.php?rest_route=%2Fwp%2Fv2%2Fproduct_tag&post=1485"}],"curies":[{"name":"wp","href":"https:\/\/api.w.org\/{rel}","templated":true}]}}