{"id":1483,"date":"2024-11-07T17:55:17","date_gmt":"2024-11-07T16:55:17","guid":{"rendered":"https:\/\/grandline.200.solutions\/?post_type=product&#038;p=1483"},"modified":"2024-11-13T13:24:54","modified_gmt":"2024-11-13T12:24:54","slug":"one-piece-crew-plakat","status":"publish","type":"product","link":"https:\/\/grandline.200.solutions\/?product=one-piece-crew-plakat","title":{"rendered":"One Piece Crew Plak\u00e1t"},"content":{"rendered":"<p><span style=\"font-weight: 400;\">Plak\u00e1t na dve\u0159e <\/span><b>One Piece Crew<\/b> <span style=\"font-weight: 400;\">zachycuje celou pos\u00e1dku Luffyho. Tento plak\u00e1t je velmi kvalitn\u00ed a odoln\u00fd. Perfektn\u00ed dopln\u011bk pro ka\u017ed\u00e9ho fanou\u0161ka One Piece.<\/span><\/p>\n<p><b>Vlastnosti:\u00a0<\/b><\/p>\n<p><span style=\"font-weight: 400;\">V\u00fd\u0161ka &#8211; 158 cm<\/span><\/p>\n<p><span style=\"font-weight: 400;\">\u0160\u00ed\u0159ka &#8211; 53 cm<\/span><\/p>\n<p><span style=\"font-weight: 400;\">Plak\u00e1t na dve\u0159e<\/span><\/p>\n","protected":false},"excerpt":{"rendered":"<p><span style=\"font-weight: 400;\">Plak\u00e1t na dve\u0159e <\/span><b>One Piece Crew<\/b> <span style=\"font-weight: 400;\">zachycuje celou pos\u00e1dku Luffyho. Tento plak\u00e1t je velmi kvalitn\u00ed a odoln\u00fd. Perfektn\u00ed dopln\u011bk pro ka\u017ed\u00e9ho fanou\u0161ka One Piece.<\/span><\/p>\n","protected":false},"featured_media":1484,"comment_status":"open","ping_status":"closed","template":"","meta":{"inline_featured_image":false},"product_cat":[76,74,59],"product_tag":[],"class_list":{"0":"post-1483","1":"product","2":"type-product","3":"status-publish","4":"has-post-thumbnail","6":"product_cat-abystyle","7":"product_cat-one-piece","8":"product_cat-plakaty","10":"first","11":"instock","12":"shipping-taxable","13":"purchasable","14":"product-type-simple"},"_links":{"self":[{"href":"https:\/\/grandline.200.solutions\/index.php?rest_route=\/wp\/v2\/product\/1483","targetHints":{"allow":["GET"]}}],"collection":[{"href":"https:\/\/grandline.200.solutions\/index.php?rest_route=\/wp\/v2\/product"}],"about":[{"href":"https:\/\/grandline.200.solutions\/index.php?rest_route=\/wp\/v2\/types\/product"}],"replies":[{"embeddable":true,"href":"https:\/\/grandline.200.solutions\/index.php?rest_route=%2Fwp%2Fv2%2Fcomments&post=1483"}],"wp:featuredmedia":[{"embeddable":true,"href":"https:\/\/grandline.200.solutions\/index.php?rest_route=\/wp\/v2\/media\/1484"}],"wp:attachment":[{"href":"https:\/\/grandline.200.solutions\/index.php?rest_route=%2Fwp%2Fv2%2Fmedia&parent=1483"}],"wp:term":[{"taxonomy":"product_cat","embeddable":true,"href":"https:\/\/grandline.200.solutions\/index.php?rest_route=%2Fwp%2Fv2%2Fproduct_cat&post=1483"},{"taxonomy":"product_tag","embeddable":true,"href":"https:\/\/grandline.200.solutions\/index.php?rest_route=%2Fwp%2Fv2%2Fproduct_tag&post=1483"}],"curies":[{"name":"wp","href":"https:\/\/api.w.org\/{rel}","templated":true}]}}