{"id":1473,"date":"2024-11-07T17:49:41","date_gmt":"2024-11-07T16:49:41","guid":{"rendered":"https:\/\/grandline.200.solutions\/?post_type=product&#038;p=1473"},"modified":"2024-11-13T13:21:23","modified_gmt":"2024-11-13T12:21:23","slug":"one-piece-zoro-sportovni-taska","status":"publish","type":"product","link":"https:\/\/grandline.200.solutions\/?product=one-piece-zoro-sportovni-taska","title":{"rendered":"One Piece Zoro Sportovn\u00ed ta\u0161ka"},"content":{"rendered":"<p><span style=\"font-weight: 400;\">Sportovn\u00ed ta\u0161ka <\/span><b>One Piece Zoro<\/b><span style=\"font-weight: 400;\"> v \u0161edo\u010dern\u00e9 barv\u011b je inspirov\u00e1na budouc\u00edm nejsiln\u011bj\u0161\u00edm \u0161erm\u00ed\u0159em z anime One Piece. Tato ta\u0161ka je navr\u017eena pro odolnost a styl, s dostate\u010dn\u00fdm prostorem pro ve\u0161ker\u00e9 va\u0161e vybaven\u00ed. M\u00e1 velk\u00fd \u00falo\u017en\u00fd prostor a zadn\u00ed kapsu, nastaviteln\u00fd ramenn\u00ed popruh a rukojeti pro pohodln\u00e9 no\u0161en\u00ed. Tento kousek je ide\u00e1ln\u00ed pro ka\u017ed\u00e9ho fanou\u0161ka One Piece.<\/span><\/p>\n<p><b>Vlastnosti:\u00a0<\/b><\/p>\n<p><span style=\"font-weight: 400;\">Materi\u00e1l &#8211; Polyester<\/span><\/p>\n<p><span style=\"font-weight: 400;\">Rozm\u011bry &#8211; 50 x 25 x 25 cm<\/span><\/p>\n<p><span style=\"font-weight: 400;\">Objem &#8211; 23 litr\u016f<\/span><\/p>\n","protected":false},"excerpt":{"rendered":"<p><span style=\"font-weight: 400;\">Sportovn\u00ed ta\u0161ka <\/span><b>One Piece Zoro<\/b><span style=\"font-weight: 400;\"> v \u0161edo\u010dern\u00e9 barv\u011b je inspirov\u00e1na budouc\u00edm nejsiln\u011bj\u0161\u00edm \u0161erm\u00ed\u0159em z anime One Piece. Tato ta\u0161ka je navr\u017eena pro odolnost a styl, s dostate\u010dn\u00fdm prostorem pro ve\u0161ker\u00e9 va\u0161e vybaven\u00ed. M\u00e1 velk\u00fd \u00falo\u017en\u00fd prostor a zadn\u00ed kapsu, nastaviteln\u00fd ramenn\u00ed popruh a rukojeti pro pohodln\u00e9 no\u0161en\u00ed. Tento kousek je ide\u00e1ln\u00ed pro ka\u017ed\u00e9ho fanou\u0161ka One Piece.<\/span><\/p>\n","protected":false},"featured_media":1480,"comment_status":"open","ping_status":"closed","template":"","meta":{"inline_featured_image":false},"product_cat":[76,74,61],"product_tag":[],"class_list":{"0":"post-1473","1":"product","2":"type-product","3":"status-publish","4":"has-post-thumbnail","6":"product_cat-abystyle","7":"product_cat-one-piece","8":"product_cat-sportovni-tasky","10":"first","11":"instock","12":"shipping-taxable","13":"purchasable","14":"product-type-simple"},"_links":{"self":[{"href":"https:\/\/grandline.200.solutions\/index.php?rest_route=\/wp\/v2\/product\/1473","targetHints":{"allow":["GET"]}}],"collection":[{"href":"https:\/\/grandline.200.solutions\/index.php?rest_route=\/wp\/v2\/product"}],"about":[{"href":"https:\/\/grandline.200.solutions\/index.php?rest_route=\/wp\/v2\/types\/product"}],"replies":[{"embeddable":true,"href":"https:\/\/grandline.200.solutions\/index.php?rest_route=%2Fwp%2Fv2%2Fcomments&post=1473"}],"wp:featuredmedia":[{"embeddable":true,"href":"https:\/\/grandline.200.solutions\/index.php?rest_route=\/wp\/v2\/media\/1480"}],"wp:attachment":[{"href":"https:\/\/grandline.200.solutions\/index.php?rest_route=%2Fwp%2Fv2%2Fmedia&parent=1473"}],"wp:term":[{"taxonomy":"product_cat","embeddable":true,"href":"https:\/\/grandline.200.solutions\/index.php?rest_route=%2Fwp%2Fv2%2Fproduct_cat&post=1473"},{"taxonomy":"product_tag","embeddable":true,"href":"https:\/\/grandline.200.solutions\/index.php?rest_route=%2Fwp%2Fv2%2Fproduct_tag&post=1473"}],"curies":[{"name":"wp","href":"https:\/\/api.w.org\/{rel}","templated":true}]}}