{"id":1451,"date":"2024-11-07T17:28:30","date_gmt":"2024-11-07T16:28:30","guid":{"rendered":"https:\/\/grandline.200.solutions\/?post_type=product&#038;p=1451"},"modified":"2024-11-13T13:20:07","modified_gmt":"2024-11-13T12:20:07","slug":"one-piece-dxf-the-grandline-series-egghead-nami","status":"publish","type":"product","link":"https:\/\/grandline.200.solutions\/?product=one-piece-dxf-the-grandline-series-egghead-nami","title":{"rendered":"One Piece DXF The Grandline Series Egghead Nami"},"content":{"rendered":"<p><span style=\"font-weight: 400;\">Figurka<\/span><b> One Piece DXF The Grandline Series Egghead Nami<\/b><span style=\"font-weight: 400;\"> zobrazuje Nami v jej\u00edm outfitu z Egghead Arcu. Tato detailn\u011b zpracovan\u00e1 figurka Nami nen\u00ed jen navig\u00e1torka; je pr\u016fzkumnice nezn\u00e1ma, p\u0159ipraven\u00e1 zmapovat cestu skrze nejdivo\u010dej\u0161\u00ed hranice v\u011bdy. Tento sb\u011bratelsk\u00fd kousek by nem\u011bl chyb\u011bt ve sb\u00edrce \u017e\u00e1dn\u00e9ho fanou\u0161ka One Piece.<\/span><\/p>\n<p><strong>Vlastnosti:<\/strong><\/p>\n<p><span style=\"font-weight: 400;\">V\u00fd\u0161ka &#8211; 16 cm<\/span><\/p>\n<p><span style=\"font-weight: 400;\">Materi\u00e1l &#8211; PVC<\/span><\/p>\n<p><span style=\"font-weight: 400;\">Detailn\u00ed proveden\u00ed<\/span><\/p>\n<p><span style=\"font-weight: 400;\">Sb\u011bratelsk\u00e1 edice<\/span><\/p>\n","protected":false},"excerpt":{"rendered":"<p><span style=\"font-weight: 400;\">Figurka<\/span><b> One Piece DXF The Grandline Series Egghead Nami<\/b><span style=\"font-weight: 400;\"> zobrazuje Nami v jej\u00edm outfitu z Egghead Arcu. Tato detailn\u011b zpracovan\u00e1 figurka Nami nen\u00ed jen navig\u00e1torka; je pr\u016fzkumnice nezn\u00e1ma, p\u0159ipraven\u00e1 zmapovat cestu skrze nejdivo\u010dej\u0161\u00ed hranice v\u011bdy. Tento sb\u011bratelsk\u00fd kousek by nem\u011bl chyb\u011bt ve sb\u00edrce \u017e\u00e1dn\u00e9ho fanou\u0161ka One Piece.<\/span><\/p>\n","protected":false},"featured_media":1453,"comment_status":"open","ping_status":"closed","template":"","meta":{"inline_featured_image":false},"product_cat":[77,60,74],"product_tag":[],"class_list":{"0":"post-1451","1":"product","2":"type-product","3":"status-publish","4":"has-post-thumbnail","6":"product_cat-bandai-spirits","7":"product_cat-figurky","8":"product_cat-one-piece","10":"first","11":"instock","12":"shipping-taxable","13":"purchasable","14":"product-type-simple"},"_links":{"self":[{"href":"https:\/\/grandline.200.solutions\/index.php?rest_route=\/wp\/v2\/product\/1451","targetHints":{"allow":["GET"]}}],"collection":[{"href":"https:\/\/grandline.200.solutions\/index.php?rest_route=\/wp\/v2\/product"}],"about":[{"href":"https:\/\/grandline.200.solutions\/index.php?rest_route=\/wp\/v2\/types\/product"}],"replies":[{"embeddable":true,"href":"https:\/\/grandline.200.solutions\/index.php?rest_route=%2Fwp%2Fv2%2Fcomments&post=1451"}],"wp:featuredmedia":[{"embeddable":true,"href":"https:\/\/grandline.200.solutions\/index.php?rest_route=\/wp\/v2\/media\/1453"}],"wp:attachment":[{"href":"https:\/\/grandline.200.solutions\/index.php?rest_route=%2Fwp%2Fv2%2Fmedia&parent=1451"}],"wp:term":[{"taxonomy":"product_cat","embeddable":true,"href":"https:\/\/grandline.200.solutions\/index.php?rest_route=%2Fwp%2Fv2%2Fproduct_cat&post=1451"},{"taxonomy":"product_tag","embeddable":true,"href":"https:\/\/grandline.200.solutions\/index.php?rest_route=%2Fwp%2Fv2%2Fproduct_tag&post=1451"}],"curies":[{"name":"wp","href":"https:\/\/api.w.org\/{rel}","templated":true}]}}