{"id":1435,"date":"2024-11-07T17:24:52","date_gmt":"2024-11-07T16:24:52","guid":{"rendered":"https:\/\/grandline.200.solutions\/?post_type=product&#038;p=1435"},"modified":"2024-11-13T13:19:49","modified_gmt":"2024-11-13T12:19:49","slug":"one-piece-king-of-artist-monkey-d-luffy-gear-5","status":"publish","type":"product","link":"https:\/\/grandline.200.solutions\/?product=one-piece-king-of-artist-monkey-d-luffy-gear-5","title":{"rendered":"One Piece KING OF ARTIST Monkey D. Luffy ~Gear 5~"},"content":{"rendered":"<p><span style=\"font-weight: 400;\">Figurka <\/span><b>One Piece KING OF ARTIST Monkey D. Luffy ~Gear 5~<\/b><span style=\"font-weight: 400;\"> zobrazuje Luffyho v jeho dlouho o\u010dek\u00e1van\u00e9 Gear 5 form\u011b. Luffy je zde zachycen v dynamick\u00e9 p\u00f3ze, kter\u00e1 zd\u016fraz\u0148uje jeho s\u00edlu a odhodlanost, s \u0161irok\u00fdm \u00fasm\u011bvem na tv\u00e1\u0159i. Tato figurka je detailn\u011b propracovan\u00e1 a v\u011brn\u011b zachycuje jeho vzhled z anime, v\u010detn\u011b jeho ikonick\u00e9ho b\u00edl\u00e9ho outfitu a sand\u00e1l\u016f. Je to v\u00fdjime\u010dn\u00fd kousek, kter\u00fd by nem\u011bl chyb\u011bt ve sb\u00edrce \u017e\u00e1dn\u00e9ho fanou\u0161ka One Piece.<\/span><\/p>\n<p><b>Vlastnosti:\u00a0<\/b><\/p>\n<p><span style=\"font-weight: 400;\">V\u00fd\u0161ka &#8211; 15 cm<\/span><\/p>\n<p><span style=\"font-weight: 400;\">Materi\u00e1l &#8211; PVC<\/span><\/p>\n<p><span style=\"font-weight: 400;\">Detailn\u00ed proveden\u00ed<\/span><\/p>\n<p><span style=\"font-weight: 400;\">Sb\u011bratelsk\u00e1 edice<\/span><\/p>\n","protected":false},"excerpt":{"rendered":"<p><span style=\"font-weight: 400;\">Figurka <\/span><b>One Piece KING OF ARTIST Monkey D. Luffy ~Gear 5~<\/b><span style=\"font-weight: 400;\"> zobrazuje Luffyho v jeho dlouho o\u010dek\u00e1van\u00e9 Gear 5 form\u011b. Luffy je zde zachycen v dynamick\u00e9 p\u00f3ze, kter\u00e1 zd\u016fraz\u0148uje jeho s\u00edlu a odhodlanost, s \u0161irok\u00fdm \u00fasm\u011bvem na tv\u00e1\u0159i. Tato figurka je detailn\u011b propracovan\u00e1 a v\u011brn\u011b zachycuje jeho vzhled z anime, v\u010detn\u011b jeho ikonick\u00e9ho b\u00edl\u00e9ho outfitu a sand\u00e1l\u016f. Je to v\u00fdjime\u010dn\u00fd kousek, kter\u00fd by nem\u011bl chyb\u011bt ve sb\u00edrce \u017e\u00e1dn\u00e9ho fanou\u0161ka One Piece.<\/span><\/p>\n","protected":false},"featured_media":1441,"comment_status":"open","ping_status":"closed","template":"","meta":{"inline_featured_image":false},"product_cat":[77,60,74],"product_tag":[],"class_list":{"0":"post-1435","1":"product","2":"type-product","3":"status-publish","4":"has-post-thumbnail","6":"product_cat-bandai-spirits","7":"product_cat-figurky","8":"product_cat-one-piece","10":"first","11":"instock","12":"shipping-taxable","13":"purchasable","14":"product-type-simple"},"_links":{"self":[{"href":"https:\/\/grandline.200.solutions\/index.php?rest_route=\/wp\/v2\/product\/1435","targetHints":{"allow":["GET"]}}],"collection":[{"href":"https:\/\/grandline.200.solutions\/index.php?rest_route=\/wp\/v2\/product"}],"about":[{"href":"https:\/\/grandline.200.solutions\/index.php?rest_route=\/wp\/v2\/types\/product"}],"replies":[{"embeddable":true,"href":"https:\/\/grandline.200.solutions\/index.php?rest_route=%2Fwp%2Fv2%2Fcomments&post=1435"}],"wp:featuredmedia":[{"embeddable":true,"href":"https:\/\/grandline.200.solutions\/index.php?rest_route=\/wp\/v2\/media\/1441"}],"wp:attachment":[{"href":"https:\/\/grandline.200.solutions\/index.php?rest_route=%2Fwp%2Fv2%2Fmedia&parent=1435"}],"wp:term":[{"taxonomy":"product_cat","embeddable":true,"href":"https:\/\/grandline.200.solutions\/index.php?rest_route=%2Fwp%2Fv2%2Fproduct_cat&post=1435"},{"taxonomy":"product_tag","embeddable":true,"href":"https:\/\/grandline.200.solutions\/index.php?rest_route=%2Fwp%2Fv2%2Fproduct_tag&post=1435"}],"curies":[{"name":"wp","href":"https:\/\/api.w.org\/{rel}","templated":true}]}}