{"id":1419,"date":"2024-11-07T16:31:03","date_gmt":"2024-11-07T15:31:03","guid":{"rendered":"https:\/\/grandline.200.solutions\/?post_type=product&#038;p=1419"},"modified":"2024-11-13T13:18:24","modified_gmt":"2024-11-13T12:18:24","slug":"demon-slayer-vibration-stars-tsuyuri-kanao","status":"publish","type":"product","link":"https:\/\/grandline.200.solutions\/?product=demon-slayer-vibration-stars-tsuyuri-kanao","title":{"rendered":"Demon Slayer VIBRATION STARS Tsuyuri Kanao"},"content":{"rendered":"<p>Figurka <strong>Demon Slayer VIBRATION STARS Tsuyuri Kanao<\/strong> zobrazuje Kanao v dynamick\u00e9 bojov\u00e9 p\u00f3ze, kter\u00e1 zd\u016fraz\u0148uje jej\u00ed hbitost a eleganci. Tato figurka je detailn\u011b propracovan\u00e1, v\u010detn\u011b jemn\u00fdch detail\u016f na jej\u00edm oble\u010den\u00ed a v\u00fdrazu, kter\u00e9 v\u011brn\u011b zachycuj\u00ed jej\u00ed vzhled z anime. Tento kousek je perfektn\u00edm dopl\u0148kem pro ka\u017ed\u00e9ho fanou\u0161ka Demon Slayera.<\/p>\n<p><strong>Vlastnosti:<\/strong><\/p>\n<p>V\u00fd\u0161ka &#8211; 14 cm<\/p>\n<p>Materi\u00e1l &#8211; PVC<\/p>\n<p>Detailn\u00ed proveden\u00ed<\/p>\n<p>Sb\u011bratelsk\u00e1 edice<\/p>\n","protected":false},"excerpt":{"rendered":"<p>Figurka <strong>Demon Slayer VIBRATION STARS Tsuyuri Kanao<\/strong> zobrazuje Kanao v dynamick\u00e9 bojov\u00e9 p\u00f3ze, kter\u00e1 zd\u016fraz\u0148uje jej\u00ed hbitost a eleganci. Tato figurka je detailn\u011b propracovan\u00e1, v\u010detn\u011b jemn\u00fdch detail\u016f na jej\u00edm oble\u010den\u00ed a v\u00fdrazu, kter\u00e9 v\u011brn\u011b zachycuj\u00ed jej\u00ed vzhled z anime. Tento kousek je perfektn\u00edm dopl\u0148kem pro ka\u017ed\u00e9ho fanou\u0161ka Demon Slayera.<\/p>\n","protected":false},"featured_media":2662,"comment_status":"open","ping_status":"closed","template":"","meta":{"inline_featured_image":false},"product_cat":[77,45,60],"product_tag":[],"class_list":{"0":"post-1419","1":"product","2":"type-product","3":"status-publish","4":"has-post-thumbnail","6":"product_cat-bandai-spirits","7":"product_cat-demon-slayer","8":"product_cat-figurky","10":"first","11":"instock","12":"shipping-taxable","13":"purchasable","14":"product-type-simple"},"_links":{"self":[{"href":"https:\/\/grandline.200.solutions\/index.php?rest_route=\/wp\/v2\/product\/1419","targetHints":{"allow":["GET"]}}],"collection":[{"href":"https:\/\/grandline.200.solutions\/index.php?rest_route=\/wp\/v2\/product"}],"about":[{"href":"https:\/\/grandline.200.solutions\/index.php?rest_route=\/wp\/v2\/types\/product"}],"replies":[{"embeddable":true,"href":"https:\/\/grandline.200.solutions\/index.php?rest_route=%2Fwp%2Fv2%2Fcomments&post=1419"}],"wp:featuredmedia":[{"embeddable":true,"href":"https:\/\/grandline.200.solutions\/index.php?rest_route=\/wp\/v2\/media\/2662"}],"wp:attachment":[{"href":"https:\/\/grandline.200.solutions\/index.php?rest_route=%2Fwp%2Fv2%2Fmedia&parent=1419"}],"wp:term":[{"taxonomy":"product_cat","embeddable":true,"href":"https:\/\/grandline.200.solutions\/index.php?rest_route=%2Fwp%2Fv2%2Fproduct_cat&post=1419"},{"taxonomy":"product_tag","embeddable":true,"href":"https:\/\/grandline.200.solutions\/index.php?rest_route=%2Fwp%2Fv2%2Fproduct_tag&post=1419"}],"curies":[{"name":"wp","href":"https:\/\/api.w.org\/{rel}","templated":true}]}}