{"id":1417,"date":"2024-11-07T16:29:30","date_gmt":"2024-11-07T15:29:30","guid":{"rendered":"https:\/\/grandline.200.solutions\/?post_type=product&#038;p=1417"},"modified":"2024-11-13T13:18:16","modified_gmt":"2024-11-13T12:18:16","slug":"demon-slayer-swordsmith-village-xross-link-kamado-tanjiro","status":"publish","type":"product","link":"https:\/\/grandline.200.solutions\/?product=demon-slayer-swordsmith-village-xross-link-kamado-tanjiro","title":{"rendered":"Demon Slayer Swordsmith Village Xross Link Kamado Tanjiro"},"content":{"rendered":"<p>Figurka <strong>Demon Slayer Swordsmith Village Xross Link Kamado Tanjiro<\/strong> zobrazuje Tanjira v jeho ikonick\u00e9 p\u00f3ze z Swordsmith Village Arcu a zachycuje ho s me\u010dem p\u0159ipraven\u00fdm k boji, co\u017e zd\u016fraz\u0148uje jeho odhodlanost a s\u00edlu. Tento detailn\u011b propracovan\u00fd sb\u011bratelsk\u00fd kousek je perfektn\u00edm dopl\u0148kem pro ka\u017ed\u00e9ho fanou\u0161ka Demon Slayera.<\/p>\n<p><strong>Vlastnosti:<\/strong><\/p>\n<p>V\u00fd\u0161ka &#8211; 12 cm<\/p>\n<p>Materi\u00e1l &#8211; PVC<\/p>\n<p>Detailn\u00ed proveden\u00ed<\/p>\n<p>Sb\u011bratelsk\u00e1 edice<\/p>\n","protected":false},"excerpt":{"rendered":"<p>Figurka <strong>Demon Slayer Swordsmith Village Xross Link Kamado Tanjiro<\/strong> zobrazuje Tanjira v jeho ikonick\u00e9 p\u00f3ze z Swordsmith Village Arcu a zachycuje ho s me\u010dem p\u0159ipraven\u00fdm k boji, co\u017e zd\u016fraz\u0148uje jeho odhodlanost a s\u00edlu. Tento detailn\u011b propracovan\u00fd sb\u011bratelsk\u00fd kousek je perfektn\u00edm dopl\u0148kem pro ka\u017ed\u00e9ho fanou\u0161ka Demon Slayera.<\/p>\n","protected":false},"featured_media":2658,"comment_status":"open","ping_status":"closed","template":"","meta":{"inline_featured_image":false},"product_cat":[45,60,94],"product_tag":[],"class_list":{"0":"post-1417","1":"product","2":"type-product","3":"status-publish","4":"has-post-thumbnail","6":"product_cat-demon-slayer","7":"product_cat-figurky","8":"product_cat-sega","10":"first","11":"instock","12":"shipping-taxable","13":"purchasable","14":"product-type-simple"},"_links":{"self":[{"href":"https:\/\/grandline.200.solutions\/index.php?rest_route=\/wp\/v2\/product\/1417","targetHints":{"allow":["GET"]}}],"collection":[{"href":"https:\/\/grandline.200.solutions\/index.php?rest_route=\/wp\/v2\/product"}],"about":[{"href":"https:\/\/grandline.200.solutions\/index.php?rest_route=\/wp\/v2\/types\/product"}],"replies":[{"embeddable":true,"href":"https:\/\/grandline.200.solutions\/index.php?rest_route=%2Fwp%2Fv2%2Fcomments&post=1417"}],"wp:featuredmedia":[{"embeddable":true,"href":"https:\/\/grandline.200.solutions\/index.php?rest_route=\/wp\/v2\/media\/2658"}],"wp:attachment":[{"href":"https:\/\/grandline.200.solutions\/index.php?rest_route=%2Fwp%2Fv2%2Fmedia&parent=1417"}],"wp:term":[{"taxonomy":"product_cat","embeddable":true,"href":"https:\/\/grandline.200.solutions\/index.php?rest_route=%2Fwp%2Fv2%2Fproduct_cat&post=1417"},{"taxonomy":"product_tag","embeddable":true,"href":"https:\/\/grandline.200.solutions\/index.php?rest_route=%2Fwp%2Fv2%2Fproduct_tag&post=1417"}],"curies":[{"name":"wp","href":"https:\/\/api.w.org\/{rel}","templated":true}]}}