{"id":1411,"date":"2024-11-07T16:15:55","date_gmt":"2024-11-07T15:15:55","guid":{"rendered":"https:\/\/grandline.200.solutions\/?post_type=product&#038;p=1411"},"modified":"2024-11-13T13:17:42","modified_gmt":"2024-11-13T12:17:42","slug":"demon-slayer-pillars-plakat","status":"publish","type":"product","link":"https:\/\/grandline.200.solutions\/?product=demon-slayer-pillars-plakat","title":{"rendered":"Demon Slayer Pillars Plak\u00e1t"},"content":{"rendered":"<p>Plak\u00e1t <strong>Demon Slayer Pillars<\/strong> zobrazuje dev\u011bt Hashir\u016f z Demon Slayer Corps, elitn\u00edch bojovn\u00edk\u016f zn\u00e1m\u00fdch sv\u00fdmi v\u00fdjime\u010dn\u00fdmi bojov\u00fdmi schopnostmi a v\u016fd\u010d\u00edmi dovednostmi. Plak\u00e1t je opat\u0159en ochrannou vrstvou proti degradaci barev, co\u017e zaji\u0161\u0165uje jeho dlouhou \u017eivotnost.<\/p>\n<p><strong>Vlastnosti: <\/strong><\/p>\n<p>V\u00fd\u0161ka &#8211; 91,5 cm<\/p>\n<p>\u0160\u00ed\u0159ka &#8211; 61 cm<\/p>\n","protected":false},"excerpt":{"rendered":"<p>Plak\u00e1t <strong>Demon Slayer Pillars<\/strong> zobrazuje dev\u011bt Hashir\u016f z Demon Slayer Corps, elitn\u00edch bojovn\u00edk\u016f zn\u00e1m\u00fdch sv\u00fdmi v\u00fdjime\u010dn\u00fdmi bojov\u00fdmi schopnostmi a v\u016fd\u010d\u00edmi dovednostmi. Plak\u00e1t je opat\u0159en ochrannou vrstvou proti degradaci barev, co\u017e zaji\u0161\u0165uje jeho dlouhou \u017eivotnost.<\/p>\n","protected":false},"featured_media":1412,"comment_status":"open","ping_status":"closed","template":"","meta":{"inline_featured_image":false},"product_cat":[76,45,59],"product_tag":[],"class_list":{"0":"post-1411","1":"product","2":"type-product","3":"status-publish","4":"has-post-thumbnail","6":"product_cat-abystyle","7":"product_cat-demon-slayer","8":"product_cat-plakaty","10":"first","11":"instock","12":"shipping-taxable","13":"purchasable","14":"product-type-simple"},"_links":{"self":[{"href":"https:\/\/grandline.200.solutions\/index.php?rest_route=\/wp\/v2\/product\/1411","targetHints":{"allow":["GET"]}}],"collection":[{"href":"https:\/\/grandline.200.solutions\/index.php?rest_route=\/wp\/v2\/product"}],"about":[{"href":"https:\/\/grandline.200.solutions\/index.php?rest_route=\/wp\/v2\/types\/product"}],"replies":[{"embeddable":true,"href":"https:\/\/grandline.200.solutions\/index.php?rest_route=%2Fwp%2Fv2%2Fcomments&post=1411"}],"wp:featuredmedia":[{"embeddable":true,"href":"https:\/\/grandline.200.solutions\/index.php?rest_route=\/wp\/v2\/media\/1412"}],"wp:attachment":[{"href":"https:\/\/grandline.200.solutions\/index.php?rest_route=%2Fwp%2Fv2%2Fmedia&parent=1411"}],"wp:term":[{"taxonomy":"product_cat","embeddable":true,"href":"https:\/\/grandline.200.solutions\/index.php?rest_route=%2Fwp%2Fv2%2Fproduct_cat&post=1411"},{"taxonomy":"product_tag","embeddable":true,"href":"https:\/\/grandline.200.solutions\/index.php?rest_route=%2Fwp%2Fv2%2Fproduct_tag&post=1411"}],"curies":[{"name":"wp","href":"https:\/\/api.w.org\/{rel}","templated":true}]}}