{"id":1405,"date":"2024-11-07T16:07:05","date_gmt":"2024-11-07T15:07:05","guid":{"rendered":"https:\/\/grandline.200.solutions\/?post_type=product&#038;p=1405"},"modified":"2024-11-13T13:15:17","modified_gmt":"2024-11-13T12:15:17","slug":"demon-slayer-symbols-sklenicky-na-panaky","status":"publish","type":"product","link":"https:\/\/grandline.200.solutions\/?product=demon-slayer-symbols-sklenicky-na-panaky","title":{"rendered":"Demon Slayer Symbols Skleni\u010dky na pan\u00e1ky"},"content":{"rendered":"<p>Pan\u00e1kov\u00e9 skleni\u010dky <strong>Demon Slayer Symbols<\/strong> jsou ofici\u00e1ln\u011b licencovan\u00fd produkt inspirovan\u00fd anime Demon Slayer. Skleni\u010dky jsou zdobeny ikonick\u00fdmi symboly z anime, co\u017e z n\u00ed \u010din\u00ed skv\u011bl\u00fd dopln\u011bk pro ka\u017ed\u00e9ho fanou\u0161ka s\u00e9rie.<\/p>\n<p><strong>Vlastnosti:<\/strong><\/p>\n<p>Objem &#8211; 5 cl<\/p>\n<p>Materi\u00e1l &#8211; Vysoce kvalitn\u00ed sklo<\/p>\n<p>Nen\u00ed vhodn\u00e9 do my\u010dky n\u00e1dob\u00ed<\/p>\n","protected":false},"excerpt":{"rendered":"<p>Pan\u00e1kov\u00e9 skleni\u010dky <strong>Demon Slayer Symbols<\/strong> jsou ofici\u00e1ln\u011b licencovan\u00fd produkt inspirovan\u00fd anime Demon Slayer. Skleni\u010dky jsou zdobeny ikonick\u00fdmi symboly z anime, co\u017e z n\u00ed \u010din\u00ed skv\u011bl\u00fd dopln\u011bk pro ka\u017ed\u00e9ho fanou\u0161ka s\u00e9rie.<\/p>\n","protected":false},"featured_media":1410,"comment_status":"open","ping_status":"closed","template":"","meta":{"inline_featured_image":false},"product_cat":[76,45,58],"product_tag":[],"class_list":{"0":"post-1405","1":"product","2":"type-product","3":"status-publish","4":"has-post-thumbnail","6":"product_cat-abystyle","7":"product_cat-demon-slayer","8":"product_cat-nadobi","10":"first","11":"instock","12":"shipping-taxable","13":"purchasable","14":"product-type-simple"},"_links":{"self":[{"href":"https:\/\/grandline.200.solutions\/index.php?rest_route=\/wp\/v2\/product\/1405","targetHints":{"allow":["GET"]}}],"collection":[{"href":"https:\/\/grandline.200.solutions\/index.php?rest_route=\/wp\/v2\/product"}],"about":[{"href":"https:\/\/grandline.200.solutions\/index.php?rest_route=\/wp\/v2\/types\/product"}],"replies":[{"embeddable":true,"href":"https:\/\/grandline.200.solutions\/index.php?rest_route=%2Fwp%2Fv2%2Fcomments&post=1405"}],"wp:featuredmedia":[{"embeddable":true,"href":"https:\/\/grandline.200.solutions\/index.php?rest_route=\/wp\/v2\/media\/1410"}],"wp:attachment":[{"href":"https:\/\/grandline.200.solutions\/index.php?rest_route=%2Fwp%2Fv2%2Fmedia&parent=1405"}],"wp:term":[{"taxonomy":"product_cat","embeddable":true,"href":"https:\/\/grandline.200.solutions\/index.php?rest_route=%2Fwp%2Fv2%2Fproduct_cat&post=1405"},{"taxonomy":"product_tag","embeddable":true,"href":"https:\/\/grandline.200.solutions\/index.php?rest_route=%2Fwp%2Fv2%2Fproduct_tag&post=1405"}],"curies":[{"name":"wp","href":"https:\/\/api.w.org\/{rel}","templated":true}]}}