{"id":1400,"date":"2024-11-07T16:05:02","date_gmt":"2024-11-07T15:05:02","guid":{"rendered":"https:\/\/grandline.200.solutions\/?post_type=product&#038;p=1400"},"modified":"2024-11-13T13:15:06","modified_gmt":"2024-11-13T12:15:06","slug":"demon-slayer-slayers-destnik","status":"publish","type":"product","link":"https:\/\/grandline.200.solutions\/?product=demon-slayer-slayers-destnik","title":{"rendered":"Demon Slayer Slayers De\u0161tn\u00edk"},"content":{"rendered":"<p>De\u0161tn\u00edk <strong>Demon Slayer Slayers<\/strong> je stylov\u00fd a praktick\u00fd dopln\u011bk pro fanou\u0161ky s\u00e9rie Demon Slayer. Tento skl\u00e1dac\u00ed de\u0161tn\u00edk je navr\u017een s motivem postav ze s\u00e9rie, co\u017e mu dod\u00e1v\u00e1 jedine\u010dn\u00fd vzhled. De\u0161tn\u00edk je vyroben z odoln\u00fdch materi\u00e1l\u016f a je dod\u00e1v\u00e1n s odpov\u00eddaj\u00edc\u00edm pouzdrem pro snadn\u00e9 p\u0159en\u00e1\u0161en\u00ed. Je ide\u00e1ln\u00ed pro ochranu p\u0159ed de\u0161t\u011bm a z\u00e1rove\u0148 umo\u017e\u0148uje vyj\u00e1d\u0159it svou l\u00e1sku k t\u00e9to popul\u00e1rn\u00ed anime s\u00e9rii.<\/p>\n<p><strong>Vlastnosti:<\/strong><\/p>\n<p>Rozm\u011bry &#8211; Pr\u016fm\u011br cca 96 cm v otev\u0159en\u00e9m stavu, v\u00fd\u0161ka cca 30 cm x d\u00e9lka cca 6 cm ve slo\u017een\u00e9m stavu<\/p>\n<p>Materi\u00e1l &#8211; Polyester<\/p>\n","protected":false},"excerpt":{"rendered":"<p>De\u0161tn\u00edk <strong>Demon Slayer Slayers<\/strong> je stylov\u00fd a praktick\u00fd dopln\u011bk pro fanou\u0161ky s\u00e9rie Demon Slayer. Tento skl\u00e1dac\u00ed de\u0161tn\u00edk je navr\u017een s motivem postav ze s\u00e9rie, co\u017e mu dod\u00e1v\u00e1 jedine\u010dn\u00fd vzhled. De\u0161tn\u00edk je vyroben z odoln\u00fdch materi\u00e1l\u016f a je dod\u00e1v\u00e1n s odpov\u00eddaj\u00edc\u00edm pouzdrem pro snadn\u00e9 p\u0159en\u00e1\u0161en\u00ed. Je ide\u00e1ln\u00ed pro ochranu p\u0159ed de\u0161t\u011bm a z\u00e1rove\u0148 umo\u017e\u0148uje vyj\u00e1d\u0159it svou l\u00e1sku k t\u00e9to popul\u00e1rn\u00ed anime s\u00e9rii.<\/p>\n","protected":false},"featured_media":1404,"comment_status":"open","ping_status":"closed","template":"","meta":{"inline_featured_image":false},"product_cat":[76,45,63],"product_tag":[],"class_list":{"0":"post-1400","1":"product","2":"type-product","3":"status-publish","4":"has-post-thumbnail","6":"product_cat-abystyle","7":"product_cat-demon-slayer","8":"product_cat-destniky","10":"first","11":"instock","12":"shipping-taxable","13":"purchasable","14":"product-type-simple"},"_links":{"self":[{"href":"https:\/\/grandline.200.solutions\/index.php?rest_route=\/wp\/v2\/product\/1400","targetHints":{"allow":["GET"]}}],"collection":[{"href":"https:\/\/grandline.200.solutions\/index.php?rest_route=\/wp\/v2\/product"}],"about":[{"href":"https:\/\/grandline.200.solutions\/index.php?rest_route=\/wp\/v2\/types\/product"}],"replies":[{"embeddable":true,"href":"https:\/\/grandline.200.solutions\/index.php?rest_route=%2Fwp%2Fv2%2Fcomments&post=1400"}],"wp:featuredmedia":[{"embeddable":true,"href":"https:\/\/grandline.200.solutions\/index.php?rest_route=\/wp\/v2\/media\/1404"}],"wp:attachment":[{"href":"https:\/\/grandline.200.solutions\/index.php?rest_route=%2Fwp%2Fv2%2Fmedia&parent=1400"}],"wp:term":[{"taxonomy":"product_cat","embeddable":true,"href":"https:\/\/grandline.200.solutions\/index.php?rest_route=%2Fwp%2Fv2%2Fproduct_cat&post=1400"},{"taxonomy":"product_tag","embeddable":true,"href":"https:\/\/grandline.200.solutions\/index.php?rest_route=%2Fwp%2Fv2%2Fproduct_tag&post=1400"}],"curies":[{"name":"wp","href":"https:\/\/api.w.org\/{rel}","templated":true}]}}