{"id":1393,"date":"2024-11-07T15:59:57","date_gmt":"2024-11-07T14:59:57","guid":{"rendered":"https:\/\/grandline.200.solutions\/?post_type=product&#038;p=1393"},"modified":"2024-11-13T13:14:31","modified_gmt":"2024-11-13T12:14:31","slug":"demon-slayer-pillars-a5-zapisnik","status":"publish","type":"product","link":"https:\/\/grandline.200.solutions\/?product=demon-slayer-pillars-a5-zapisnik","title":{"rendered":"Demon Slayer Pillars A5 Z\u00e1pisn\u00edk"},"content":{"rendered":"<p>Z\u00e1pisn\u00edk<strong> Demon Slayer Pillars<\/strong> <strong>A5<\/strong> je ide\u00e1ln\u00ed pro ka\u017ed\u00e9ho fanou\u0161ka s\u00e9rie Demon Slayer. Tento z\u00e1pisn\u00edk m\u00e1 tvrd\u00e9 desky s matn\u00fdm povrchem a z\u00e1lo\u017ekou pro snadn\u00e9 ozna\u010den\u00ed str\u00e1nek. Na ob\u00e1lce jsou zobrazeni Hashirov\u00e9, nejlep\u0161\u00ed bojovn\u00edci Demon Slayer Corps, co\u017e dod\u00e1v\u00e1 z\u00e1pisn\u00edku jedine\u010dn\u00fd vzhled.<\/p>\n<p><strong>Vlastnosti:<\/strong><\/p>\n<p>V\u00fd\u0161ka &#8211; 21,7 cm<\/p>\n<p>\u0160\u00ed\u0159ka &#8211; 15,5 cm<\/p>\n<p>Materi\u00e1l &#8211; Pap\u00edr<\/p>\n<p>180 str\u00e1nek<\/p>\n","protected":false},"excerpt":{"rendered":"<p>Z\u00e1pisn\u00edk <strong>Demon Slayer Pillars A5<\/strong> je ide\u00e1ln\u00ed pro ka\u017ed\u00e9ho fanou\u0161ka s\u00e9rie Demon Slayer. Tento z\u00e1pisn\u00edk m\u00e1 tvrd\u00e9 desky s matn\u00fdm povrchem a z\u00e1lo\u017ekou pro snadn\u00e9 ozna\u010den\u00ed str\u00e1nek. Na ob\u00e1lce jsou zobrazeni Hashirov\u00e9, nejlep\u0161\u00ed bojovn\u00edci Demon Slayer Corps, co\u017e dod\u00e1v\u00e1 z\u00e1pisn\u00edku jedine\u010dn\u00fd vzhled.<\/p>\n","protected":false},"featured_media":1399,"comment_status":"open","ping_status":"closed","template":"","meta":{"inline_featured_image":false},"product_cat":[76,45,65],"product_tag":[],"class_list":{"0":"post-1393","1":"product","2":"type-product","3":"status-publish","4":"has-post-thumbnail","6":"product_cat-abystyle","7":"product_cat-demon-slayer","8":"product_cat-zapisniky","10":"first","11":"instock","12":"shipping-taxable","13":"purchasable","14":"product-type-simple"},"_links":{"self":[{"href":"https:\/\/grandline.200.solutions\/index.php?rest_route=\/wp\/v2\/product\/1393","targetHints":{"allow":["GET"]}}],"collection":[{"href":"https:\/\/grandline.200.solutions\/index.php?rest_route=\/wp\/v2\/product"}],"about":[{"href":"https:\/\/grandline.200.solutions\/index.php?rest_route=\/wp\/v2\/types\/product"}],"replies":[{"embeddable":true,"href":"https:\/\/grandline.200.solutions\/index.php?rest_route=%2Fwp%2Fv2%2Fcomments&post=1393"}],"wp:featuredmedia":[{"embeddable":true,"href":"https:\/\/grandline.200.solutions\/index.php?rest_route=\/wp\/v2\/media\/1399"}],"wp:attachment":[{"href":"https:\/\/grandline.200.solutions\/index.php?rest_route=%2Fwp%2Fv2%2Fmedia&parent=1393"}],"wp:term":[{"taxonomy":"product_cat","embeddable":true,"href":"https:\/\/grandline.200.solutions\/index.php?rest_route=%2Fwp%2Fv2%2Fproduct_cat&post=1393"},{"taxonomy":"product_tag","embeddable":true,"href":"https:\/\/grandline.200.solutions\/index.php?rest_route=%2Fwp%2Fv2%2Fproduct_tag&post=1393"}],"curies":[{"name":"wp","href":"https:\/\/api.w.org\/{rel}","templated":true}]}}