{"id":1388,"date":"2024-11-07T15:56:50","date_gmt":"2024-11-07T14:56:50","guid":{"rendered":"https:\/\/grandline.200.solutions\/?post_type=product&#038;p=1388"},"modified":"2024-11-13T13:13:57","modified_gmt":"2024-11-13T12:13:57","slug":"demon-slayer-tanjiro-tengen-sportovni-taska","status":"publish","type":"product","link":"https:\/\/grandline.200.solutions\/?product=demon-slayer-tanjiro-tengen-sportovni-taska","title":{"rendered":"Demon Slayer Tanjiro &#038; Tengen Sportovn\u00ed ta\u0161ka"},"content":{"rendered":"<p>Sportovn\u00ed ta\u0161ka<strong> Demon Slayer Tanjiro &amp; Tengen<\/strong> v \u0161edo\u010dern\u00e9 barv\u011b a je inspirov\u00e1na postavami Tanjira Kamada a Tengena Uzui, co\u017e se odr\u00e1\u017e\u00ed v jej\u00edm designu a barevn\u00e9m proveden\u00ed. Tato ta\u0161ka je navr\u017eena pro odolnost a styl, s dostate\u010dn\u00fdm prostorem pro ve\u0161ker\u00e9 va\u0161e vybaven\u00ed. M\u00e1 velk\u00fd \u00falo\u017en\u00fd prostor a zadn\u00ed kapsu, nastaviteln\u00fd ramenn\u00ed popruh a rukojeti pro pohodln\u00e9 no\u0161en\u00ed. Tento kousek je ide\u00e1ln\u00ed pro ka\u017ed\u00e9ho fanou\u0161ka Demon Slayera.<\/p>\n<p><strong>Vlastnosti:<\/strong><\/p>\n<p>Materi\u00e1l &#8211; Polyester<\/p>\n<p>Rozm\u011bry &#8211; 50 x 25 x 25 cm<\/p>\n<p>Objem &#8211; 23 litr\u016f<\/p>\n","protected":false},"excerpt":{"rendered":"<p>Sportovn\u00ed ta\u0161ka <strong>Demon Slayer Tanjiro &amp; Tengen<\/strong> v \u0161edo\u010dern\u00e9 barv\u011b a je inspirov\u00e1na postavami Tanjira Kamada a Tengena Uzui, co\u017e se odr\u00e1\u017e\u00ed v jej\u00edm designu a barevn\u00e9m proveden\u00ed. Tato ta\u0161ka je navr\u017eena pro odolnost a styl, s dostate\u010dn\u00fdm prostorem pro ve\u0161ker\u00e9 va\u0161e vybaven\u00ed. M\u00e1 velk\u00fd \u00falo\u017en\u00fd prostor a zadn\u00ed kapsu, nastaviteln\u00fd ramenn\u00ed popruh a rukojeti pro pohodln\u00e9 no\u0161en\u00ed. Tento kousek je ide\u00e1ln\u00ed pro ka\u017ed\u00e9ho fanou\u0161ka Demon Slayera.<\/p>\n","protected":false},"featured_media":1390,"comment_status":"open","ping_status":"closed","template":"","meta":{"inline_featured_image":false},"product_cat":[76,45,61],"product_tag":[],"class_list":{"0":"post-1388","1":"product","2":"type-product","3":"status-publish","4":"has-post-thumbnail","6":"product_cat-abystyle","7":"product_cat-demon-slayer","8":"product_cat-sportovni-tasky","10":"first","11":"instock","12":"shipping-taxable","13":"purchasable","14":"product-type-simple"},"_links":{"self":[{"href":"https:\/\/grandline.200.solutions\/index.php?rest_route=\/wp\/v2\/product\/1388","targetHints":{"allow":["GET"]}}],"collection":[{"href":"https:\/\/grandline.200.solutions\/index.php?rest_route=\/wp\/v2\/product"}],"about":[{"href":"https:\/\/grandline.200.solutions\/index.php?rest_route=\/wp\/v2\/types\/product"}],"replies":[{"embeddable":true,"href":"https:\/\/grandline.200.solutions\/index.php?rest_route=%2Fwp%2Fv2%2Fcomments&post=1388"}],"wp:featuredmedia":[{"embeddable":true,"href":"https:\/\/grandline.200.solutions\/index.php?rest_route=\/wp\/v2\/media\/1390"}],"wp:attachment":[{"href":"https:\/\/grandline.200.solutions\/index.php?rest_route=%2Fwp%2Fv2%2Fmedia&parent=1388"}],"wp:term":[{"taxonomy":"product_cat","embeddable":true,"href":"https:\/\/grandline.200.solutions\/index.php?rest_route=%2Fwp%2Fv2%2Fproduct_cat&post=1388"},{"taxonomy":"product_tag","embeddable":true,"href":"https:\/\/grandline.200.solutions\/index.php?rest_route=%2Fwp%2Fv2%2Fproduct_tag&post=1388"}],"curies":[{"name":"wp","href":"https:\/\/api.w.org\/{rel}","templated":true}]}}