{"id":1386,"date":"2024-11-07T15:54:40","date_gmt":"2024-11-07T14:54:40","guid":{"rendered":"https:\/\/grandline.200.solutions\/?post_type=product&#038;p=1386"},"modified":"2024-11-13T13:11:19","modified_gmt":"2024-11-13T12:11:19","slug":"demon-slayer-trio-try-it-figure-tomioka-giyu","status":"publish","type":"product","link":"https:\/\/grandline.200.solutions\/?product=demon-slayer-trio-try-it-figure-tomioka-giyu","title":{"rendered":"Demon Slayer Trio-Try-iT Figure Tomioka Giyu"},"content":{"rendered":"<p>Figurka <strong>Demon Slayer Trio-Try-iT Figure Tomioka Giyu<\/strong> zobrazuje Giyu Tomioku, Vodn\u00edho Hashiru, v jeho charakteristick\u00e9 p\u00f3ze s jeho v\u00e1\u017en\u00fdm v\u00fdrazem, kter\u00fd odr\u00e1\u017e\u00ed jeho odhodlanost a smysl pro spravedlnost. Tato figurka je detailn\u011b propracovan\u00e1, v\u010detn\u011b jemn\u00fdch detail\u016f na jeho uniform\u011b a v\u00fdrazu, kter\u00e9 v\u011brn\u011b zachycuj\u00ed jeho vzhled z anime Demon Slayer. Perfektn\u00ed kousek do sb\u00edrky pro ka\u017ed\u00e9ho fanou\u0161ka.<\/p>\n<p><strong>Vlastnosti:<\/strong><\/p>\n<p>V\u00fd\u0161ka &#8211; 18 cm<\/p>\n<p>Materi\u00e1l &#8211; PVC<\/p>\n<p>Detailn\u00ed proveden\u00ed<\/p>\n<p>Sb\u011bratelsk\u00e1 edice<\/p>\n","protected":false},"excerpt":{"rendered":"<p>Figurka <strong>Demon Slayer Trio-Try-iT Figure Tomioka Giyu<\/strong> zobrazuje Giyu Tomioku, Vodn\u00edho Hashiru, v jeho charakteristick\u00e9 p\u00f3ze s jeho v\u00e1\u017en\u00fdm v\u00fdrazem, kter\u00fd odr\u00e1\u017e\u00ed jeho odhodlanost a smysl pro spravedlnost. Tato figurka je detailn\u011b propracovan\u00e1, v\u010detn\u011b jemn\u00fdch detail\u016f na jeho uniform\u011b a v\u00fdrazu, kter\u00e9 v\u011brn\u011b zachycuj\u00ed jeho vzhled z anime Demon Slayer. Perfektn\u00ed kousek do sb\u00edrky pro ka\u017ed\u00e9ho fanou\u0161ka.<\/p>\n","protected":false},"featured_media":2642,"comment_status":"open","ping_status":"closed","template":"","meta":{"inline_featured_image":false},"product_cat":[45,60,93],"product_tag":[],"class_list":{"0":"post-1386","1":"product","2":"type-product","3":"status-publish","4":"has-post-thumbnail","6":"product_cat-demon-slayer","7":"product_cat-figurky","8":"product_cat-furyu","10":"first","11":"instock","12":"shipping-taxable","13":"purchasable","14":"product-type-simple"},"_links":{"self":[{"href":"https:\/\/grandline.200.solutions\/index.php?rest_route=\/wp\/v2\/product\/1386","targetHints":{"allow":["GET"]}}],"collection":[{"href":"https:\/\/grandline.200.solutions\/index.php?rest_route=\/wp\/v2\/product"}],"about":[{"href":"https:\/\/grandline.200.solutions\/index.php?rest_route=\/wp\/v2\/types\/product"}],"replies":[{"embeddable":true,"href":"https:\/\/grandline.200.solutions\/index.php?rest_route=%2Fwp%2Fv2%2Fcomments&post=1386"}],"wp:featuredmedia":[{"embeddable":true,"href":"https:\/\/grandline.200.solutions\/index.php?rest_route=\/wp\/v2\/media\/2642"}],"wp:attachment":[{"href":"https:\/\/grandline.200.solutions\/index.php?rest_route=%2Fwp%2Fv2%2Fmedia&parent=1386"}],"wp:term":[{"taxonomy":"product_cat","embeddable":true,"href":"https:\/\/grandline.200.solutions\/index.php?rest_route=%2Fwp%2Fv2%2Fproduct_cat&post=1386"},{"taxonomy":"product_tag","embeddable":true,"href":"https:\/\/grandline.200.solutions\/index.php?rest_route=%2Fwp%2Fv2%2Fproduct_tag&post=1386"}],"curies":[{"name":"wp","href":"https:\/\/api.w.org\/{rel}","templated":true}]}}