{"id":1384,"date":"2024-11-07T15:52:35","date_gmt":"2024-11-07T14:52:35","guid":{"rendered":"https:\/\/grandline.200.solutions\/?post_type=product&#038;p=1384"},"modified":"2024-11-13T13:11:29","modified_gmt":"2024-11-13T12:11:29","slug":"demon-slayer-swordsmith-village-xross-link-shinazugawa-genya","status":"publish","type":"product","link":"https:\/\/grandline.200.solutions\/?product=demon-slayer-swordsmith-village-xross-link-shinazugawa-genya","title":{"rendered":"Demon Slayer Swordsmith Village Xross Link Shinazugawa Genya"},"content":{"rendered":"<p>Figurka <strong>Demon Slayer Swordsmith Village Xross Link Shinazugawa Genya<\/strong> zobrazuje Genyu v jeho ikonick\u00e9 p\u00f3ze z Swordsmith Village Arcu s jeho odhodlan\u00fdm v\u00fdrazem a p\u0159ipraven\u00e9ho k boji, co\u017e dokonale vystihuje jeho bojovnou povahu. Detaily na jeho oble\u010den\u00ed a v\u00fdrazu jsou pe\u010dliv\u011b propracovan\u00e9, co\u017e p\u0159in\u00e1\u0161\u00ed postavu k \u017eivotu. Tento sb\u011bratelsk\u00fd kousek je perfektn\u00edm dopl\u0148kem pro ka\u017ed\u00e9ho fanou\u0161ka t\u00e9to anime s\u00e9rie.<\/p>\n<p><strong>Vlastnosti:<\/strong><\/p>\n<p>V\u00fd\u0161ka &#8211; 16 cm<\/p>\n<p>Materi\u00e1l &#8211; PVC<\/p>\n<p>Detailn\u00ed proveden\u00ed<\/p>\n<p>Sb\u011bratelsk\u00e1 edice<\/p>\n","protected":false},"excerpt":{"rendered":"<p>Figurka <strong>Demon Slayer Swordsmith Village Xross Link Shinazugawa Genya<\/strong> zobrazuje Genyu v jeho ikonick\u00e9 p\u00f3ze z Swordsmith Village Arcu s jeho odhodlan\u00fdm v\u00fdrazem a p\u0159ipraven\u00e9ho k boji, co\u017e dokonale vystihuje jeho bojovnou povahu. Detaily na jeho oble\u010den\u00ed a v\u00fdrazu jsou pe\u010dliv\u011b propracovan\u00e9, co\u017e p\u0159in\u00e1\u0161\u00ed postavu k \u017eivotu. Tento sb\u011bratelsk\u00fd kousek je perfektn\u00edm dopl\u0148kem pro ka\u017ed\u00e9ho fanou\u0161ka t\u00e9to anime s\u00e9rie.<\/p>\n","protected":false},"featured_media":2640,"comment_status":"open","ping_status":"closed","template":"","meta":{"inline_featured_image":false},"product_cat":[45,60,94],"product_tag":[],"class_list":{"0":"post-1384","1":"product","2":"type-product","3":"status-publish","4":"has-post-thumbnail","6":"product_cat-demon-slayer","7":"product_cat-figurky","8":"product_cat-sega","10":"first","11":"instock","12":"shipping-taxable","13":"purchasable","14":"product-type-simple"},"_links":{"self":[{"href":"https:\/\/grandline.200.solutions\/index.php?rest_route=\/wp\/v2\/product\/1384","targetHints":{"allow":["GET"]}}],"collection":[{"href":"https:\/\/grandline.200.solutions\/index.php?rest_route=\/wp\/v2\/product"}],"about":[{"href":"https:\/\/grandline.200.solutions\/index.php?rest_route=\/wp\/v2\/types\/product"}],"replies":[{"embeddable":true,"href":"https:\/\/grandline.200.solutions\/index.php?rest_route=%2Fwp%2Fv2%2Fcomments&post=1384"}],"wp:featuredmedia":[{"embeddable":true,"href":"https:\/\/grandline.200.solutions\/index.php?rest_route=\/wp\/v2\/media\/2640"}],"wp:attachment":[{"href":"https:\/\/grandline.200.solutions\/index.php?rest_route=%2Fwp%2Fv2%2Fmedia&parent=1384"}],"wp:term":[{"taxonomy":"product_cat","embeddable":true,"href":"https:\/\/grandline.200.solutions\/index.php?rest_route=%2Fwp%2Fv2%2Fproduct_cat&post=1384"},{"taxonomy":"product_tag","embeddable":true,"href":"https:\/\/grandline.200.solutions\/index.php?rest_route=%2Fwp%2Fv2%2Fproduct_tag&post=1384"}],"curies":[{"name":"wp","href":"https:\/\/api.w.org\/{rel}","templated":true}]}}