{"id":1379,"date":"2024-11-07T15:42:00","date_gmt":"2024-11-07T14:42:00","guid":{"rendered":"https:\/\/grandline.200.solutions\/?post_type=product&#038;p=1379"},"modified":"2024-11-13T13:12:41","modified_gmt":"2024-11-13T12:12:41","slug":"demon-slayer-premium-chokonose-figure-chuugokaigi-shinazugawa-sanemi","status":"publish","type":"product","link":"https:\/\/grandline.200.solutions\/?product=demon-slayer-premium-chokonose-figure-chuugokaigi-shinazugawa-sanemi","title":{"rendered":"Demon Slayer Premium Chokonose Figure Chuugokaigi Shinazugawa Sanemi"},"content":{"rendered":"<p>Figurka <strong>Demon Slayer Premium Chokonose Figure Chuugokaigi Shinazugawa Sanemi<\/strong> zobrazuje kle\u010d\u00edc\u00edho Sanemiho, V\u011btrn\u00e9ho Hashiru, s jeho charakteristick\u00fdm odhodlan\u00fdm v\u00fdrazem a detaily na jeho uniform\u011b. Tento sb\u011bratelsk\u00fd kousek je ide\u00e1ln\u00ed pro ka\u017ed\u00e9ho fanou\u0161ka Demon Slayer.<\/p>\n<p><strong>Vlastnosti:<\/strong><\/p>\n<p>V\u00fd\u0161ka &#8211; 11 cm<\/p>\n<p>Materi\u00e1l &#8211; PVC<\/p>\n<p>Detailn\u00ed proveden\u00ed<\/p>\n<p>Sb\u011bratelsk\u00e1 edice<\/p>\n","protected":false},"excerpt":{"rendered":"<p>Figurka <strong>Demon Slayer Premium Chokonose Figure Chuugokaigi Shinazugawa Sanemi<\/strong> zobrazuje kle\u010d\u00edc\u00edho Sanemiho, V\u011btrn\u00e9ho Hashiru, s jeho charakteristick\u00fdm odhodlan\u00fdm v\u00fdrazem a detaily na jeho uniform\u011b. Tento sb\u011bratelsk\u00fd kousek je ide\u00e1ln\u00ed pro ka\u017ed\u00e9ho fanou\u0161ka Demon Slayer.<\/p>\n","protected":false},"featured_media":2630,"comment_status":"open","ping_status":"closed","template":"","meta":{"inline_featured_image":false},"product_cat":[45,60,94],"product_tag":[],"class_list":{"0":"post-1379","1":"product","2":"type-product","3":"status-publish","4":"has-post-thumbnail","6":"product_cat-demon-slayer","7":"product_cat-figurky","8":"product_cat-sega","10":"first","11":"instock","12":"shipping-taxable","13":"purchasable","14":"product-type-simple"},"_links":{"self":[{"href":"https:\/\/grandline.200.solutions\/index.php?rest_route=\/wp\/v2\/product\/1379","targetHints":{"allow":["GET"]}}],"collection":[{"href":"https:\/\/grandline.200.solutions\/index.php?rest_route=\/wp\/v2\/product"}],"about":[{"href":"https:\/\/grandline.200.solutions\/index.php?rest_route=\/wp\/v2\/types\/product"}],"replies":[{"embeddable":true,"href":"https:\/\/grandline.200.solutions\/index.php?rest_route=%2Fwp%2Fv2%2Fcomments&post=1379"}],"wp:featuredmedia":[{"embeddable":true,"href":"https:\/\/grandline.200.solutions\/index.php?rest_route=\/wp\/v2\/media\/2630"}],"wp:attachment":[{"href":"https:\/\/grandline.200.solutions\/index.php?rest_route=%2Fwp%2Fv2%2Fmedia&parent=1379"}],"wp:term":[{"taxonomy":"product_cat","embeddable":true,"href":"https:\/\/grandline.200.solutions\/index.php?rest_route=%2Fwp%2Fv2%2Fproduct_cat&post=1379"},{"taxonomy":"product_tag","embeddable":true,"href":"https:\/\/grandline.200.solutions\/index.php?rest_route=%2Fwp%2Fv2%2Fproduct_tag&post=1379"}],"curies":[{"name":"wp","href":"https:\/\/api.w.org\/{rel}","templated":true}]}}