{"id":1371,"date":"2024-11-07T15:33:22","date_gmt":"2024-11-07T14:33:22","guid":{"rendered":"https:\/\/grandline.200.solutions\/?post_type=product&#038;p=1371"},"modified":"2024-11-13T13:13:03","modified_gmt":"2024-11-13T12:13:03","slug":"demon-slayer-premium-chokonose-figure-iguro-obanai","status":"publish","type":"product","link":"https:\/\/grandline.200.solutions\/?product=demon-slayer-premium-chokonose-figure-iguro-obanai","title":{"rendered":"Demon Slayer Premium Chokonose Figure Iguro Obanai"},"content":{"rendered":"<p>Figurka <strong>Demon Slayer Premium Chokonose Figure Iguro Obanai<\/strong> zobrazuje Obanaie, jednoho z Hashir\u016f, v jeho charakteristick\u00e9 sed\u00edc\u00ed p\u00f3ze. Obanai je zde zachycen s jeho typick\u00fdm klidn\u00fdm a odhodlan\u00fdm v\u00fdrazem, p\u0159ipraven\u00fd k boji. Tato figurka je detailn\u011b propracovan\u00e1, v\u010detn\u011b jemn\u00fdch detail\u016f na jeho uniform\u011b a hadovi, kter\u00fd se mu vine kolem krku. Tento sb\u011bratelsk\u00fd kousek je skv\u011bl\u00fdm dopl\u0148kem pro ka\u017ed\u00e9ho fanou\u0161ka Demon Slayera.<\/p>\n<p><strong>Vlastnosti:<\/strong><\/p>\n<p>V\u00fd\u0161ka &#8211; 15 cm<\/p>\n<p>Materi\u00e1l &#8211; PVC<\/p>\n<p>Detailn\u00ed proveden\u00ed<\/p>\n<p>Sb\u011bratelsk\u00e1 edice<\/p>\n","protected":false},"excerpt":{"rendered":"<p>Figurka <strong>Demon Slayer Premium Chokonose Figure Iguro Obanai<\/strong> zobrazuje Obanaie, jednoho z Hashir\u016f, v jeho charakteristick\u00e9 sed\u00edc\u00ed p\u00f3ze. Obanai je zde zachycen s jeho typick\u00fdm klidn\u00fdm a odhodlan\u00fdm v\u00fdrazem, p\u0159ipraven\u00fd k boji. Tato figurka je detailn\u011b propracovan\u00e1, v\u010detn\u011b jemn\u00fdch detail\u016f na jeho uniform\u011b a hadovi, kter\u00fd se mu vine kolem krku. Tento sb\u011bratelsk\u00fd kousek je skv\u011bl\u00fdm dopl\u0148kem pro ka\u017ed\u00e9ho fanou\u0161ka Demon Slayera.<\/p>\n","protected":false},"featured_media":2621,"comment_status":"open","ping_status":"closed","template":"","meta":{"inline_featured_image":false},"product_cat":[45,60,94],"product_tag":[],"class_list":{"0":"post-1371","1":"product","2":"type-product","3":"status-publish","4":"has-post-thumbnail","6":"product_cat-demon-slayer","7":"product_cat-figurky","8":"product_cat-sega","10":"first","11":"instock","12":"shipping-taxable","13":"purchasable","14":"product-type-simple"},"_links":{"self":[{"href":"https:\/\/grandline.200.solutions\/index.php?rest_route=\/wp\/v2\/product\/1371","targetHints":{"allow":["GET"]}}],"collection":[{"href":"https:\/\/grandline.200.solutions\/index.php?rest_route=\/wp\/v2\/product"}],"about":[{"href":"https:\/\/grandline.200.solutions\/index.php?rest_route=\/wp\/v2\/types\/product"}],"replies":[{"embeddable":true,"href":"https:\/\/grandline.200.solutions\/index.php?rest_route=%2Fwp%2Fv2%2Fcomments&post=1371"}],"wp:featuredmedia":[{"embeddable":true,"href":"https:\/\/grandline.200.solutions\/index.php?rest_route=\/wp\/v2\/media\/2621"}],"wp:attachment":[{"href":"https:\/\/grandline.200.solutions\/index.php?rest_route=%2Fwp%2Fv2%2Fmedia&parent=1371"}],"wp:term":[{"taxonomy":"product_cat","embeddable":true,"href":"https:\/\/grandline.200.solutions\/index.php?rest_route=%2Fwp%2Fv2%2Fproduct_cat&post=1371"},{"taxonomy":"product_tag","embeddable":true,"href":"https:\/\/grandline.200.solutions\/index.php?rest_route=%2Fwp%2Fv2%2Fproduct_tag&post=1371"}],"curies":[{"name":"wp","href":"https:\/\/api.w.org\/{rel}","templated":true}]}}