{"id":1369,"date":"2024-11-07T15:27:47","date_gmt":"2024-11-07T14:27:47","guid":{"rendered":"https:\/\/grandline.200.solutions\/?post_type=product&#038;p=1369"},"modified":"2024-11-13T13:13:10","modified_gmt":"2024-11-13T12:13:10","slug":"demon-slayer-oni-no-so-vol-9-daki","status":"publish","type":"product","link":"https:\/\/grandline.200.solutions\/?product=demon-slayer-oni-no-so-vol-9-daki","title":{"rendered":"Demon Slayer Oni no So Vol.9 Daki"},"content":{"rendered":"<p>Figurka <strong>Demon Slayer Oni no So Vol.9 Daki zobrazuje Daki<\/strong>, jednu z hlavn\u00edch antagonist\u016f 2. s\u00e9rie Demon Slayer. Daki je zde zachycena ve sv\u00e9 d\u00e9monick\u00e9 podob\u011b s b\u00edl\u00fdmi a zelen\u00fdmi vlasy. Tato figurka je detailn\u011b propracovan\u00e1, v\u010detn\u011b jemn\u00fdch detail\u016f na jej\u00edm oble\u010den\u00ed a v\u00fdrazu, kter\u00e9 v\u011brn\u011b zachycuj\u00ed jej\u00ed vzhled z anime. Tento sb\u011bratelsk\u00fd kousek by nem\u011bl chyb\u011bt ve sb\u00edrce \u017e\u00e1dn\u00e9ho fanou\u0161ka t\u00e9to anime s\u00e9rie.<\/p>\n<p><strong>Vlastnosti:<\/strong><\/p>\n<p>V\u00fd\u0161ka &#8211; 16 cm<\/p>\n<p>Materi\u00e1l &#8211; PVC<\/p>\n<p>Detailn\u00ed proveden\u00ed<\/p>\n<p>Sb\u011bratelsk\u00e1 edice<\/p>\n","protected":false},"excerpt":{"rendered":"<p>Figurka <strong>Demon Slayer Oni no So Vol.9 Daki zobrazuje Daki<\/strong>, jednu z hlavn\u00edch antagonist\u016f 2. s\u00e9rie Demon Slayer. Daki je zde zachycena ve sv\u00e9 d\u00e9monick\u00e9 podob\u011b s b\u00edl\u00fdmi a zelen\u00fdmi vlasy. Tato figurka je detailn\u011b propracovan\u00e1, v\u010detn\u011b jemn\u00fdch detail\u016f na jej\u00edm oble\u010den\u00ed a v\u00fdrazu, kter\u00e9 v\u011brn\u011b zachycuj\u00ed jej\u00ed vzhled z anime. Tento sb\u011bratelsk\u00fd kousek by nem\u011bl chyb\u011bt ve sb\u00edrce \u017e\u00e1dn\u00e9ho fanou\u0161ka t\u00e9to anime s\u00e9rie.<\/p>\n","protected":false},"featured_media":2708,"comment_status":"open","ping_status":"closed","template":"","meta":{"inline_featured_image":false},"product_cat":[77,45,60],"product_tag":[],"class_list":{"0":"post-1369","1":"product","2":"type-product","3":"status-publish","4":"has-post-thumbnail","6":"product_cat-bandai-spirits","7":"product_cat-demon-slayer","8":"product_cat-figurky","10":"first","11":"instock","12":"shipping-taxable","13":"purchasable","14":"product-type-simple"},"_links":{"self":[{"href":"https:\/\/grandline.200.solutions\/index.php?rest_route=\/wp\/v2\/product\/1369","targetHints":{"allow":["GET"]}}],"collection":[{"href":"https:\/\/grandline.200.solutions\/index.php?rest_route=\/wp\/v2\/product"}],"about":[{"href":"https:\/\/grandline.200.solutions\/index.php?rest_route=\/wp\/v2\/types\/product"}],"replies":[{"embeddable":true,"href":"https:\/\/grandline.200.solutions\/index.php?rest_route=%2Fwp%2Fv2%2Fcomments&post=1369"}],"wp:featuredmedia":[{"embeddable":true,"href":"https:\/\/grandline.200.solutions\/index.php?rest_route=\/wp\/v2\/media\/2708"}],"wp:attachment":[{"href":"https:\/\/grandline.200.solutions\/index.php?rest_route=%2Fwp%2Fv2%2Fmedia&parent=1369"}],"wp:term":[{"taxonomy":"product_cat","embeddable":true,"href":"https:\/\/grandline.200.solutions\/index.php?rest_route=%2Fwp%2Fv2%2Fproduct_cat&post=1369"},{"taxonomy":"product_tag","embeddable":true,"href":"https:\/\/grandline.200.solutions\/index.php?rest_route=%2Fwp%2Fv2%2Fproduct_tag&post=1369"}],"curies":[{"name":"wp","href":"https:\/\/api.w.org\/{rel}","templated":true}]}}