{"id":1367,"date":"2024-11-07T15:22:07","date_gmt":"2024-11-07T14:22:07","guid":{"rendered":"https:\/\/grandline.200.solutions\/?post_type=product&#038;p=1367"},"modified":"2024-11-13T13:13:17","modified_gmt":"2024-11-13T12:13:17","slug":"demon-slayer-kizuna-no-so-hashibira-inosuke","status":"publish","type":"product","link":"https:\/\/grandline.200.solutions\/?product=demon-slayer-kizuna-no-so-hashibira-inosuke","title":{"rendered":"Demon Slayer Kizuna no So Hashibira Inosuke"},"content":{"rendered":"<p>Figurka <strong>Demon Slayer Kizuna no Sou Hashibira Inosuke<\/strong> zobrazuje Inosukeho v bojov\u00e9 p\u00f3ze s jeho charakteristickou prase\u010d\u00ed maskou, p\u0159ipraven\u00e9ho k boji. Tato figurka je pe\u010dliv\u011b vypracovan\u00e1, s d\u016frazem na detaily jeho oble\u010den\u00ed a v\u00fdraz\u016f, kter\u00e9 v\u011brn\u011b odr\u00e1\u017eej\u00ed jeho vzhled z anime Demon Slayer: Kimetsu no Yaiba. Tento sb\u011bratelsk\u00fd kousek je ide\u00e1ln\u00ed pro ka\u017ed\u00e9ho fanou\u0161ka Demon Slayer, kter\u00fd chce m\u00edt ve sv\u00e9 sb\u00edrce n\u011bco opravdu v\u00fdjime\u010dn\u00e9ho.<\/p>\n<p><strong>Vlastnosti:<\/strong><\/p>\n<p>V\u00fd\u0161ka &#8211; 15 cm<\/p>\n<p>Materi\u00e1l &#8211; PVC<\/p>\n<p>Detailn\u00ed proveden\u00ed<\/p>\n<p>Sb\u011bratelsk\u00e1 edice<\/p>\n<p>&nbsp;<\/p>\n","protected":false},"excerpt":{"rendered":"<p>Figurka <strong>Demon Slayer Kizuna no Sou Hashibira Inosuke<\/strong> zobrazuje Inosukeho v bojov\u00e9 p\u00f3ze s jeho charakteristickou prase\u010d\u00ed maskou, p\u0159ipraven\u00e9ho k boji. Tato figurka je pe\u010dliv\u011b vypracovan\u00e1, s d\u016frazem na detaily jeho oble\u010den\u00ed a v\u00fdraz\u016f, kter\u00e9 v\u011brn\u011b odr\u00e1\u017eej\u00ed jeho vzhled z anime Demon Slayer: Kimetsu no Yaiba. Tento sb\u011bratelsk\u00fd kousek je ide\u00e1ln\u00ed pro ka\u017ed\u00e9ho fanou\u0161ka Demon Slayer, kter\u00fd chce m\u00edt ve sv\u00e9 sb\u00edrce n\u011bco opravdu v\u00fdjime\u010dn\u00e9ho.<\/p>\n","protected":false},"featured_media":2615,"comment_status":"open","ping_status":"closed","template":"","meta":{"inline_featured_image":false},"product_cat":[76,38,45,60],"product_tag":[],"class_list":{"0":"post-1367","1":"product","2":"type-product","3":"status-publish","4":"has-post-thumbnail","6":"product_cat-abystyle","7":"product_cat-anime","8":"product_cat-demon-slayer","9":"product_cat-figurky","11":"first","12":"instock","13":"shipping-taxable","14":"purchasable","15":"product-type-simple"},"_links":{"self":[{"href":"https:\/\/grandline.200.solutions\/index.php?rest_route=\/wp\/v2\/product\/1367","targetHints":{"allow":["GET"]}}],"collection":[{"href":"https:\/\/grandline.200.solutions\/index.php?rest_route=\/wp\/v2\/product"}],"about":[{"href":"https:\/\/grandline.200.solutions\/index.php?rest_route=\/wp\/v2\/types\/product"}],"replies":[{"embeddable":true,"href":"https:\/\/grandline.200.solutions\/index.php?rest_route=%2Fwp%2Fv2%2Fcomments&post=1367"}],"wp:featuredmedia":[{"embeddable":true,"href":"https:\/\/grandline.200.solutions\/index.php?rest_route=\/wp\/v2\/media\/2615"}],"wp:attachment":[{"href":"https:\/\/grandline.200.solutions\/index.php?rest_route=%2Fwp%2Fv2%2Fmedia&parent=1367"}],"wp:term":[{"taxonomy":"product_cat","embeddable":true,"href":"https:\/\/grandline.200.solutions\/index.php?rest_route=%2Fwp%2Fv2%2Fproduct_cat&post=1367"},{"taxonomy":"product_tag","embeddable":true,"href":"https:\/\/grandline.200.solutions\/index.php?rest_route=%2Fwp%2Fv2%2Fproduct_tag&post=1367"}],"curies":[{"name":"wp","href":"https:\/\/api.w.org\/{rel}","templated":true}]}}