{"id":1357,"date":"2024-11-07T14:52:53","date_gmt":"2024-11-07T13:52:53","guid":{"rendered":"https:\/\/grandline.200.solutions\/?post_type=product&#038;p=1357"},"modified":"2024-11-13T12:54:10","modified_gmt":"2024-11-13T11:54:10","slug":"demon-slayer-xross-link-kamado-tanjiro","status":"publish","type":"product","link":"https:\/\/grandline.200.solutions\/?product=demon-slayer-xross-link-kamado-tanjiro","title":{"rendered":"Demon Slayer Xross Link Kamado Tanjiro"},"content":{"rendered":"<p>Figurka <strong>Demon Slayer Xross Link Kamado Tanjiro<\/strong> zobrazuje Tanjira, hlavn\u00edho hrdinu s\u00e9rie Demon Slayer, v jeho ikonick\u00e9 bojov\u00e9 p\u00f3ze s me\u010dem, p\u0159ipraven\u00e9ho k boji. Figurka je detailn\u011b propracovan\u00e1, v\u010detn\u011b jemn\u00fdch detail\u016f na jeho oble\u010den\u00ed a v\u00fdrazu, kter\u00e9 v\u011brn\u011b zachycuj\u00ed jeho vzhled z anime. Tento sb\u011bratelsk\u00fd kousek je ide\u00e1ln\u00ed pro ka\u017ed\u00e9ho fanou\u0161ka anime Demon Slayer.<\/p>\n<p><strong>Vlastnosti:<\/strong><\/p>\n<p>V\u00fd\u0161ka &#8211; 17 cm<\/p>\n<p>Materi\u00e1l &#8211; PVC<\/p>\n<p>Detailn\u00ed proveden\u00ed<\/p>\n<p>Sb\u011bratelsk\u00e1 edice<\/p>\n","protected":false},"excerpt":{"rendered":"<p>Figurka<strong> Demon Slayer Xross Link Kamado Tanjiro<\/strong> zobrazuje Tanjira, hlavn\u00edho hrdinu s\u00e9rie Demon Slayer, v jeho ikonick\u00e9 bojov\u00e9 p\u00f3ze s me\u010dem, p\u0159ipraven\u00e9ho k boji. Figurka je detailn\u011b propracovan\u00e1, v\u010detn\u011b jemn\u00fdch detail\u016f na jeho oble\u010den\u00ed a v\u00fdrazu, kter\u00e9 v\u011brn\u011b zachycuj\u00ed jeho vzhled z anime. Tento sb\u011bratelsk\u00fd kousek je ide\u00e1ln\u00ed pro ka\u017ed\u00e9ho fanou\u0161ka anime Demon Slayer.<\/p>\n","protected":false},"featured_media":2583,"comment_status":"open","ping_status":"closed","template":"","meta":{"inline_featured_image":false},"product_cat":[45,60,94],"product_tag":[],"class_list":{"0":"post-1357","1":"product","2":"type-product","3":"status-publish","4":"has-post-thumbnail","6":"product_cat-demon-slayer","7":"product_cat-figurky","8":"product_cat-sega","10":"first","11":"instock","12":"shipping-taxable","13":"purchasable","14":"product-type-simple"},"_links":{"self":[{"href":"https:\/\/grandline.200.solutions\/index.php?rest_route=\/wp\/v2\/product\/1357","targetHints":{"allow":["GET"]}}],"collection":[{"href":"https:\/\/grandline.200.solutions\/index.php?rest_route=\/wp\/v2\/product"}],"about":[{"href":"https:\/\/grandline.200.solutions\/index.php?rest_route=\/wp\/v2\/types\/product"}],"replies":[{"embeddable":true,"href":"https:\/\/grandline.200.solutions\/index.php?rest_route=%2Fwp%2Fv2%2Fcomments&post=1357"}],"wp:featuredmedia":[{"embeddable":true,"href":"https:\/\/grandline.200.solutions\/index.php?rest_route=\/wp\/v2\/media\/2583"}],"wp:attachment":[{"href":"https:\/\/grandline.200.solutions\/index.php?rest_route=%2Fwp%2Fv2%2Fmedia&parent=1357"}],"wp:term":[{"taxonomy":"product_cat","embeddable":true,"href":"https:\/\/grandline.200.solutions\/index.php?rest_route=%2Fwp%2Fv2%2Fproduct_cat&post=1357"},{"taxonomy":"product_tag","embeddable":true,"href":"https:\/\/grandline.200.solutions\/index.php?rest_route=%2Fwp%2Fv2%2Fproduct_tag&post=1357"}],"curies":[{"name":"wp","href":"https:\/\/api.w.org\/{rel}","templated":true}]}}