{"id":1353,"date":"2024-11-07T14:48:38","date_gmt":"2024-11-07T13:48:38","guid":{"rendered":"https:\/\/grandline.200.solutions\/?post_type=product&#038;p=1353"},"modified":"2024-11-13T12:54:28","modified_gmt":"2024-11-13T11:54:28","slug":"demon-slayer-figuarts-zero-tengen-uzui","status":"publish","type":"product","link":"https:\/\/grandline.200.solutions\/?product=demon-slayer-figuarts-zero-tengen-uzui","title":{"rendered":"Demon Slayer Figuarts ZERO Tengen Uzui"},"content":{"rendered":"<p>Figurka <strong>Demon Slayer Figuarts ZERO Tengen Uzui<\/strong> zobrazuje Tengena, Zvukov\u00e9ho Hashiru, v dynamick\u00e9 bojov\u00e9 sc\u00e9n\u011b s jeho charakteristick\u00fdmi \u0159et\u011bzov\u00fdmi me\u010di. Tato figurka je detailn\u011b propracovan\u00e1, v\u010detn\u011b efekt\u016f, kter\u00e9 zd\u016fraz\u0148uj\u00ed jeho bojovou techniku. Tenhle speci\u00e1ln\u00ed kousek by v\u00e1m nem\u011bl chyb\u011bt ve sb\u00edrce.<\/p>\n<p><strong>Vlastnosti:<\/strong><\/p>\n<p>V\u00fd\u0161ka &#8211; 14 cm<\/p>\n<p>Materi\u00e1l &#8211; PVC<\/p>\n<p>Detailn\u00ed proveden\u00ed<\/p>\n<p>Sb\u011bratelsk\u00e1 edice<\/p>\n","protected":false},"excerpt":{"rendered":"<p>Figurka <strong>Demon Slayer Figuarts ZERO Tengen Uzui<\/strong> zobrazuje Tengena, Zvukov\u00e9ho Hashiru, v dynamick\u00e9 bojov\u00e9 sc\u00e9n\u011b s jeho charakteristick\u00fdmi \u0159et\u011bzov\u00fdmi me\u010di. Tato figurka je detailn\u011b propracovan\u00e1, v\u010detn\u011b efekt\u016f, kter\u00e9 zd\u016fraz\u0148uj\u00ed jeho bojovou techniku. Tenhle speci\u00e1ln\u00ed kousek by v\u00e1m nem\u011bl chyb\u011bt ve sb\u00edrce.<\/p>\n","protected":false},"featured_media":2585,"comment_status":"open","ping_status":"closed","template":"","meta":{"inline_featured_image":false},"product_cat":[77,45,60],"product_tag":[],"class_list":{"0":"post-1353","1":"product","2":"type-product","3":"status-publish","4":"has-post-thumbnail","6":"product_cat-bandai-spirits","7":"product_cat-demon-slayer","8":"product_cat-figurky","10":"first","11":"instock","12":"shipping-taxable","13":"purchasable","14":"product-type-simple"},"_links":{"self":[{"href":"https:\/\/grandline.200.solutions\/index.php?rest_route=\/wp\/v2\/product\/1353","targetHints":{"allow":["GET"]}}],"collection":[{"href":"https:\/\/grandline.200.solutions\/index.php?rest_route=\/wp\/v2\/product"}],"about":[{"href":"https:\/\/grandline.200.solutions\/index.php?rest_route=\/wp\/v2\/types\/product"}],"replies":[{"embeddable":true,"href":"https:\/\/grandline.200.solutions\/index.php?rest_route=%2Fwp%2Fv2%2Fcomments&post=1353"}],"wp:featuredmedia":[{"embeddable":true,"href":"https:\/\/grandline.200.solutions\/index.php?rest_route=\/wp\/v2\/media\/2585"}],"wp:attachment":[{"href":"https:\/\/grandline.200.solutions\/index.php?rest_route=%2Fwp%2Fv2%2Fmedia&parent=1353"}],"wp:term":[{"taxonomy":"product_cat","embeddable":true,"href":"https:\/\/grandline.200.solutions\/index.php?rest_route=%2Fwp%2Fv2%2Fproduct_cat&post=1353"},{"taxonomy":"product_tag","embeddable":true,"href":"https:\/\/grandline.200.solutions\/index.php?rest_route=%2Fwp%2Fv2%2Fproduct_tag&post=1353"}],"curies":[{"name":"wp","href":"https:\/\/api.w.org\/{rel}","templated":true}]}}