{"id":1349,"date":"2024-11-07T14:42:20","date_gmt":"2024-11-07T13:42:20","guid":{"rendered":"https:\/\/grandline.200.solutions\/?post_type=product&#038;p=1349"},"modified":"2024-11-13T12:54:45","modified_gmt":"2024-11-13T11:54:45","slug":"demon-slayer-oni-no-so-vol-8-gyuutaro","status":"publish","type":"product","link":"https:\/\/grandline.200.solutions\/?product=demon-slayer-oni-no-so-vol-8-gyuutaro","title":{"rendered":"Demon Slayer Oni no So Vol.8 Gyuutaro"},"content":{"rendered":"<p>Figurka <strong>Demon Slayer Oni no So Vol.8 Gyuutaro<\/strong> zobrazuje Gyuutara, jednoho z hlavn\u00edch antagonist\u016f 2. s\u00e9rie Demon Slayer. Gyuutaro je zde zachycen v dynamick\u00e9 bojov\u00e9 p\u00f3ze, kter\u00e1 zd\u016fraz\u0148uje jeho d\u011bsivou a zlov\u011bstnou povahu. Tato figurka je detailn\u011b propracovan\u00e1, v\u010detn\u011b jemn\u00fdch detail\u016f na jeho oble\u010den\u00ed a v\u00fdrazu, kter\u00e9 v\u011brn\u011b zachycuj\u00ed jeho vzhled z anime. Tento sb\u011bratelsk\u00fd kousek by nem\u011bl chyb\u011bt ve sb\u00edrce \u017e\u00e1dn\u00e9ho fanou\u0161ka Demon Slayera.<\/p>\n<p><strong>Vlastnosti:<\/strong><\/p>\n<p>V\u00fd\u0161ka &#8211; 16 cm<\/p>\n<p>Materi\u00e1l &#8211; PVC<\/p>\n<p>Detailn\u00ed proveden\u00ed<\/p>\n<p>Sb\u011bratelsk\u00e1 edice<\/p>\n","protected":false},"excerpt":{"rendered":"<p>Figurka <strong>Demon Slayer Oni no So Vol.8 Gyuutaro<\/strong> zobrazuje Gyuutara, jednoho z hlavn\u00edch antagonist\u016f 2. s\u00e9rie Demon Slayer. Gyuutaro je zde zachycen v dynamick\u00e9 bojov\u00e9 p\u00f3ze, kter\u00e1 zd\u016fraz\u0148uje jeho d\u011bsivou a zlov\u011bstnou povahu. Tato figurka je detailn\u011b propracovan\u00e1, v\u010detn\u011b jemn\u00fdch detail\u016f na jeho oble\u010den\u00ed a v\u00fdrazu, kter\u00e9 v\u011brn\u011b zachycuj\u00ed jeho vzhled z anime. Tento sb\u011bratelsk\u00fd kousek by nem\u011bl chyb\u011bt ve sb\u00edrce \u017e\u00e1dn\u00e9ho fanou\u0161ka Demon Slayera.<\/p>\n","protected":false},"featured_media":2595,"comment_status":"open","ping_status":"closed","template":"","meta":{"inline_featured_image":false},"product_cat":[77,45,60],"product_tag":[],"class_list":{"0":"post-1349","1":"product","2":"type-product","3":"status-publish","4":"has-post-thumbnail","6":"product_cat-bandai-spirits","7":"product_cat-demon-slayer","8":"product_cat-figurky","10":"first","11":"instock","12":"shipping-taxable","13":"purchasable","14":"product-type-simple"},"_links":{"self":[{"href":"https:\/\/grandline.200.solutions\/index.php?rest_route=\/wp\/v2\/product\/1349","targetHints":{"allow":["GET"]}}],"collection":[{"href":"https:\/\/grandline.200.solutions\/index.php?rest_route=\/wp\/v2\/product"}],"about":[{"href":"https:\/\/grandline.200.solutions\/index.php?rest_route=\/wp\/v2\/types\/product"}],"replies":[{"embeddable":true,"href":"https:\/\/grandline.200.solutions\/index.php?rest_route=%2Fwp%2Fv2%2Fcomments&post=1349"}],"wp:featuredmedia":[{"embeddable":true,"href":"https:\/\/grandline.200.solutions\/index.php?rest_route=\/wp\/v2\/media\/2595"}],"wp:attachment":[{"href":"https:\/\/grandline.200.solutions\/index.php?rest_route=%2Fwp%2Fv2%2Fmedia&parent=1349"}],"wp:term":[{"taxonomy":"product_cat","embeddable":true,"href":"https:\/\/grandline.200.solutions\/index.php?rest_route=%2Fwp%2Fv2%2Fproduct_cat&post=1349"},{"taxonomy":"product_tag","embeddable":true,"href":"https:\/\/grandline.200.solutions\/index.php?rest_route=%2Fwp%2Fv2%2Fproduct_tag&post=1349"}],"curies":[{"name":"wp","href":"https:\/\/api.w.org\/{rel}","templated":true}]}}