{"id":1344,"date":"2024-11-07T14:30:56","date_gmt":"2024-11-07T13:30:56","guid":{"rendered":"https:\/\/grandline.200.solutions\/?post_type=product&#038;p=1344"},"modified":"2024-11-13T12:54:01","modified_gmt":"2024-11-13T11:54:01","slug":"demon-slayer-kizuna-no-sou-kanroji-mitsuri","status":"publish","type":"product","link":"https:\/\/grandline.200.solutions\/?product=demon-slayer-kizuna-no-sou-kanroji-mitsuri","title":{"rendered":"Demon Slayer Kizuna no Sou Kanroji Mitsuri"},"content":{"rendered":"<p>Figurka <strong>Demon Slayer Kizuna no Sou Kanroji Mitsuri<\/strong> zobrazuje Mitsuri, zn\u00e1mou jako Hashiru L\u00e1sky, v dynamick\u00e9 p\u00f3ze, kter\u00e1 zd\u016fraz\u0148uje jej\u00ed s\u00edlu a eleganci. Tato figurka je detailn\u011b propracovan\u00e1, v\u010detn\u011b jemn\u00fdch detail\u016f na jej\u00edm oble\u010den\u00ed a v\u00fdrazu, kter\u00e9 v\u011brn\u011b zachycuj\u00ed jej\u00ed vzhled z anime Demon Slayer. Tento sb\u011bratelsk\u00fd kousek by nem\u011bl chyb\u011bt ve sb\u00edrce \u017e\u00e1dn\u00e9ho fanou\u0161ka Demon Slayer. Jej\u00ed elegantn\u00ed design ji \u010din\u00ed jedine\u010dnou a obl\u00edbenou mezi sb\u011brateli.<\/p>\n<p><b>Vlastnosti:\u00a0<\/b><\/p>\n<p><span style=\"font-weight: 400;\">V\u00fd\u0161ka &#8211; 16 cm<\/span><\/p>\n<p><span style=\"font-weight: 400;\">Materi\u00e1l &#8211; PVC<\/span><\/p>\n<p><span style=\"font-weight: 400;\">Detailn\u00ed proveden\u00ed<\/span><\/p>\n<p><span style=\"font-weight: 400;\">Sb\u011bratelsk\u00e1 edice<\/span><\/p>\n","protected":false},"excerpt":{"rendered":"<p>Figurka <strong>Demon Slayer Kizuna no Sou Kanroji Mitsuri<\/strong> zobrazuje Mitsuri, zn\u00e1mou jako Hashiru L\u00e1sky, v dynamick\u00e9 p\u00f3ze, kter\u00e1 zd\u016fraz\u0148uje jej\u00ed s\u00edlu a eleganci. Tato figurka je detailn\u011b propracovan\u00e1, v\u010detn\u011b jemn\u00fdch detail\u016f na jej\u00edm oble\u010den\u00ed a v\u00fdrazu, kter\u00e9 v\u011brn\u011b zachycuj\u00ed jej\u00ed vzhled z anime Demon Slayer. Tento sb\u011bratelsk\u00fd kousek by nem\u011bl chyb\u011bt ve sb\u00edrce \u017e\u00e1dn\u00e9ho fanou\u0161ka Demon Slayer. Jej\u00ed elegantn\u00ed design ji \u010din\u00ed jedine\u010dnou a obl\u00edbenou mezi sb\u011brateli.<\/p>\n","protected":false},"featured_media":2716,"comment_status":"open","ping_status":"closed","template":"","meta":{"inline_featured_image":false},"product_cat":[77,45,60],"product_tag":[],"class_list":{"0":"post-1344","1":"product","2":"type-product","3":"status-publish","4":"has-post-thumbnail","6":"product_cat-bandai-spirits","7":"product_cat-demon-slayer","8":"product_cat-figurky","10":"first","11":"instock","12":"shipping-taxable","13":"purchasable","14":"product-type-simple"},"_links":{"self":[{"href":"https:\/\/grandline.200.solutions\/index.php?rest_route=\/wp\/v2\/product\/1344","targetHints":{"allow":["GET"]}}],"collection":[{"href":"https:\/\/grandline.200.solutions\/index.php?rest_route=\/wp\/v2\/product"}],"about":[{"href":"https:\/\/grandline.200.solutions\/index.php?rest_route=\/wp\/v2\/types\/product"}],"replies":[{"embeddable":true,"href":"https:\/\/grandline.200.solutions\/index.php?rest_route=%2Fwp%2Fv2%2Fcomments&post=1344"}],"wp:featuredmedia":[{"embeddable":true,"href":"https:\/\/grandline.200.solutions\/index.php?rest_route=\/wp\/v2\/media\/2716"}],"wp:attachment":[{"href":"https:\/\/grandline.200.solutions\/index.php?rest_route=%2Fwp%2Fv2%2Fmedia&parent=1344"}],"wp:term":[{"taxonomy":"product_cat","embeddable":true,"href":"https:\/\/grandline.200.solutions\/index.php?rest_route=%2Fwp%2Fv2%2Fproduct_cat&post=1344"},{"taxonomy":"product_tag","embeddable":true,"href":"https:\/\/grandline.200.solutions\/index.php?rest_route=%2Fwp%2Fv2%2Fproduct_tag&post=1344"}],"curies":[{"name":"wp","href":"https:\/\/api.w.org\/{rel}","templated":true}]}}