{"id":1342,"date":"2024-11-07T12:27:15","date_gmt":"2024-11-07T11:27:15","guid":{"rendered":"https:\/\/grandline.200.solutions\/?post_type=product&#038;p=1342"},"modified":"2024-11-21T21:18:40","modified_gmt":"2024-11-21T20:18:40","slug":"death-note-power-couple-plakat","status":"publish","type":"product","link":"https:\/\/grandline.200.solutions\/?product=death-note-power-couple-plakat","title":{"rendered":"Death Note Power couple Plak\u00e1t"},"content":{"rendered":"<p>Plak\u00e1t <strong>Death Note Power couple<\/strong> zobrazuje Kira a Misu, partnery ve zlo\u010dinu, jak jsou p\u0159ipraveni ud\u011blat cokoli pro definov\u00e1n\u00ed novou verzi spravedlnosti. Tento kousek by nem\u011bl chyb\u011bt na zdi \u017e\u00e1dn\u00e9ho fanou\u0161ka Death Note. Plak\u00e1t je opat\u0159en ochrannou vrstvou proti degradaci barev, co\u017e zaji\u0161\u0165uje jeho dlouhou \u017eivotnost.<\/p>\n<p><b>Vlastnosti:\u00a0<\/b><\/p>\n<p><span style=\"font-weight: 400;\">V\u00fd\u0161ka &#8211; 91,5 cm<\/span><\/p>\n<p><span style=\"font-weight: 400;\">\u0160\u00ed\u0159ka &#8211; 61 cm<\/span><\/p>\n","protected":false},"excerpt":{"rendered":"<p>Plak\u00e1t <strong>Death Note Power couple<\/strong> zobrazuje Kira a Misu, partnery ve zlo\u010dinu, jak jsou p\u0159ipraveni ud\u011blat cokoli pro definov\u00e1n\u00ed novou verzi spravedlnosti. Tento kousek by nem\u011bl chyb\u011bt na zdi \u017e\u00e1dn\u00e9ho fanou\u0161ka Death Note. Plak\u00e1t je opat\u0159en ochrannou vrstvou proti degradaci barev, co\u017e zaji\u0161\u0165uje jeho dlouhou \u017eivotnost.<\/p>\n","protected":false},"featured_media":1343,"comment_status":"open","ping_status":"closed","template":"","meta":{"inline_featured_image":false},"product_cat":[76,44,59],"product_tag":[],"class_list":{"0":"post-1342","1":"product","2":"type-product","3":"status-publish","4":"has-post-thumbnail","6":"product_cat-abystyle","7":"product_cat-death-note","8":"product_cat-plakaty","10":"first","11":"instock","12":"shipping-taxable","13":"purchasable","14":"product-type-simple"},"_links":{"self":[{"href":"https:\/\/grandline.200.solutions\/index.php?rest_route=\/wp\/v2\/product\/1342","targetHints":{"allow":["GET"]}}],"collection":[{"href":"https:\/\/grandline.200.solutions\/index.php?rest_route=\/wp\/v2\/product"}],"about":[{"href":"https:\/\/grandline.200.solutions\/index.php?rest_route=\/wp\/v2\/types\/product"}],"replies":[{"embeddable":true,"href":"https:\/\/grandline.200.solutions\/index.php?rest_route=%2Fwp%2Fv2%2Fcomments&post=1342"}],"wp:featuredmedia":[{"embeddable":true,"href":"https:\/\/grandline.200.solutions\/index.php?rest_route=\/wp\/v2\/media\/1343"}],"wp:attachment":[{"href":"https:\/\/grandline.200.solutions\/index.php?rest_route=%2Fwp%2Fv2%2Fmedia&parent=1342"}],"wp:term":[{"taxonomy":"product_cat","embeddable":true,"href":"https:\/\/grandline.200.solutions\/index.php?rest_route=%2Fwp%2Fv2%2Fproduct_cat&post=1342"},{"taxonomy":"product_tag","embeddable":true,"href":"https:\/\/grandline.200.solutions\/index.php?rest_route=%2Fwp%2Fv2%2Fproduct_tag&post=1342"}],"curies":[{"name":"wp","href":"https:\/\/api.w.org\/{rel}","templated":true}]}}