{"id":1339,"date":"2024-11-07T12:25:46","date_gmt":"2024-11-07T11:25:46","guid":{"rendered":"https:\/\/grandline.200.solutions\/?post_type=product&#038;p=1339"},"modified":"2024-11-13T12:50:28","modified_gmt":"2024-11-13T11:50:28","slug":"death-note-protagonists-plakat","status":"publish","type":"product","link":"https:\/\/grandline.200.solutions\/?product=death-note-protagonists-plakat","title":{"rendered":"Death Note Protagonists Plak\u00e1t"},"content":{"rendered":"<p>Plak\u00e1t <strong>Death Note Protagonists<\/strong> zobrazuje v\u0161echny d\u016fle\u017eit\u00e9 postavy z anime Death Note. Je to skv\u011bl\u00fd dopln\u011bk pro ka\u017ed\u00e9ho fanou\u0161ka Death Note, kter\u00fd chce m\u00edt doma kousek t\u00e9to epick\u00e9 s\u00e9rie. Plak\u00e1t je opat\u0159en ochrannou vrstvou proti degradaci barev, co\u017e zaji\u0161\u0165uje jeho dlouhou \u017eivotnost.<\/p>\n<p><b>Vlastnosti:\u00a0<\/b><\/p>\n<p><span style=\"font-weight: 400;\">V\u00fd\u0161ka &#8211; 91,5 cm<\/span><\/p>\n<p><span style=\"font-weight: 400;\">\u0160\u00ed\u0159ka &#8211; 61 cm<\/span><\/p>\n","protected":false},"excerpt":{"rendered":"<p>Plak\u00e1t <strong>Death Note Protagonists<\/strong> zobrazuje v\u0161echny d\u016fle\u017eit\u00e9 postavy z anime Death Note. Je to skv\u011bl\u00fd dopln\u011bk pro ka\u017ed\u00e9ho fanou\u0161ka Death Note, kter\u00fd chce m\u00edt doma kousek t\u00e9to epick\u00e9 s\u00e9rie. Plak\u00e1t je opat\u0159en ochrannou vrstvou proti degradaci barev, co\u017e zaji\u0161\u0165uje jeho dlouhou \u017eivotnost.<\/p>\n","protected":false},"featured_media":1341,"comment_status":"open","ping_status":"closed","template":"","meta":{"inline_featured_image":false},"product_cat":[76,38,44,59],"product_tag":[],"class_list":{"0":"post-1339","1":"product","2":"type-product","3":"status-publish","4":"has-post-thumbnail","6":"product_cat-abystyle","7":"product_cat-anime","8":"product_cat-death-note","9":"product_cat-plakaty","11":"first","12":"instock","13":"shipping-taxable","14":"purchasable","15":"product-type-simple"},"_links":{"self":[{"href":"https:\/\/grandline.200.solutions\/index.php?rest_route=\/wp\/v2\/product\/1339","targetHints":{"allow":["GET"]}}],"collection":[{"href":"https:\/\/grandline.200.solutions\/index.php?rest_route=\/wp\/v2\/product"}],"about":[{"href":"https:\/\/grandline.200.solutions\/index.php?rest_route=\/wp\/v2\/types\/product"}],"replies":[{"embeddable":true,"href":"https:\/\/grandline.200.solutions\/index.php?rest_route=%2Fwp%2Fv2%2Fcomments&post=1339"}],"wp:featuredmedia":[{"embeddable":true,"href":"https:\/\/grandline.200.solutions\/index.php?rest_route=\/wp\/v2\/media\/1341"}],"wp:attachment":[{"href":"https:\/\/grandline.200.solutions\/index.php?rest_route=%2Fwp%2Fv2%2Fmedia&parent=1339"}],"wp:term":[{"taxonomy":"product_cat","embeddable":true,"href":"https:\/\/grandline.200.solutions\/index.php?rest_route=%2Fwp%2Fv2%2Fproduct_cat&post=1339"},{"taxonomy":"product_tag","embeddable":true,"href":"https:\/\/grandline.200.solutions\/index.php?rest_route=%2Fwp%2Fv2%2Fproduct_tag&post=1339"}],"curies":[{"name":"wp","href":"https:\/\/api.w.org\/{rel}","templated":true}]}}