{"id":1337,"date":"2024-11-07T12:24:32","date_gmt":"2024-11-07T11:24:32","guid":{"rendered":"https:\/\/grandline.200.solutions\/?post_type=product&#038;p=1337"},"modified":"2024-11-13T12:50:43","modified_gmt":"2024-11-13T11:50:43","slug":"death-note-l-lahev","status":"publish","type":"product","link":"https:\/\/grandline.200.solutions\/?product=death-note-l-lahev","title":{"rendered":"Death Note L L\u00e1hev"},"content":{"rendered":"<p>L\u00e1hev <strong>Death Note L<\/strong> je ofici\u00e1ln\u011b licencovan\u00fd produkt inspirovan\u00fd postavou L z anime Death Note. L\u00e1hev je navr\u017eena tak, aby udr\u017eovala va\u0161e n\u00e1poje \u010derstv\u00e9 a v\u00e1s hydratovan\u00e9, a\u0165 u\u017e jste uprost\u0159ed vy\u0161et\u0159ov\u00e1n\u00ed jako L nebo jen na proch\u00e1zce. Skv\u011bl\u00e1 pro fanou\u0161ky tohoto anime.<\/p>\n<p><b>Vlastnosti:\u00a0<\/b><\/p>\n<p><span style=\"font-weight: 400;\">Materi\u00e1l &#8211; Nerezov\u00e1 ocel<\/span><\/p>\n<p><span style=\"font-weight: 400;\">Objem &#8211; 500 ml<\/span><\/p>\n<p><span style=\"font-weight: 400;\">Nen\u00ed vhodn\u00e1 do mikrovlnn\u00e9 trouby a my\u010dky n\u00e1dob\u00ed<\/span><\/p>\n<p>&nbsp;<\/p>\n","protected":false},"excerpt":{"rendered":"<p>L\u00e1hev<strong> Death Note L<\/strong> je ofici\u00e1ln\u011b licencovan\u00fd produkt inspirovan\u00fd postavou L z anime Death Note. L\u00e1hev je navr\u017eena tak, aby udr\u017eovala va\u0161e n\u00e1poje \u010derstv\u00e9 a v\u00e1s hydratovan\u00e9, a\u0165 u\u017e jste uprost\u0159ed vy\u0161et\u0159ov\u00e1n\u00ed jako L nebo jen na proch\u00e1zce. Skv\u011bl\u00e1 pro fanou\u0161ky tohoto anime.<\/p>\n<p>&nbsp;<\/p>\n","protected":false},"featured_media":1338,"comment_status":"open","ping_status":"closed","template":"","meta":{"inline_featured_image":false},"product_cat":[76,38,44,58],"product_tag":[],"class_list":{"0":"post-1337","1":"product","2":"type-product","3":"status-publish","4":"has-post-thumbnail","6":"product_cat-abystyle","7":"product_cat-anime","8":"product_cat-death-note","9":"product_cat-nadobi","11":"first","12":"instock","13":"shipping-taxable","14":"purchasable","15":"product-type-simple"},"_links":{"self":[{"href":"https:\/\/grandline.200.solutions\/index.php?rest_route=\/wp\/v2\/product\/1337","targetHints":{"allow":["GET"]}}],"collection":[{"href":"https:\/\/grandline.200.solutions\/index.php?rest_route=\/wp\/v2\/product"}],"about":[{"href":"https:\/\/grandline.200.solutions\/index.php?rest_route=\/wp\/v2\/types\/product"}],"replies":[{"embeddable":true,"href":"https:\/\/grandline.200.solutions\/index.php?rest_route=%2Fwp%2Fv2%2Fcomments&post=1337"}],"wp:featuredmedia":[{"embeddable":true,"href":"https:\/\/grandline.200.solutions\/index.php?rest_route=\/wp\/v2\/media\/1338"}],"wp:attachment":[{"href":"https:\/\/grandline.200.solutions\/index.php?rest_route=%2Fwp%2Fv2%2Fmedia&parent=1337"}],"wp:term":[{"taxonomy":"product_cat","embeddable":true,"href":"https:\/\/grandline.200.solutions\/index.php?rest_route=%2Fwp%2Fv2%2Fproduct_cat&post=1337"},{"taxonomy":"product_tag","embeddable":true,"href":"https:\/\/grandline.200.solutions\/index.php?rest_route=%2Fwp%2Fv2%2Fproduct_tag&post=1337"}],"curies":[{"name":"wp","href":"https:\/\/api.w.org\/{rel}","templated":true}]}}