{"id":1315,"date":"2024-11-07T12:05:51","date_gmt":"2024-11-07T11:05:51","guid":{"rendered":"https:\/\/grandline.200.solutions\/?post_type=product&#038;p=1315"},"modified":"2024-11-13T12:49:56","modified_gmt":"2024-11-13T11:49:56","slug":"death-note-ryuk-ponozky","status":"publish","type":"product","link":"https:\/\/grandline.200.solutions\/?product=death-note-ryuk-ponozky","title":{"rendered":"Death Note Ryuk Pono\u017eky"},"content":{"rendered":"<p>Pono\u017eky <strong>Death Note Ryuk<\/strong> jsou stylov\u00fdm dopl\u0148kem pro ka\u017ed\u00e9ho fanou\u0161ka s\u00e9rie Death Note. Tyto \u010dern\u00e9 pono\u017eky maj\u00ed vysoce kvalitn\u00ed v\u00fd\u0161ivku s motivem Ryuka, obl\u00edben\u00e9ho boha smrti. Jsou vyrobeny z kombinace bavlny, polyesteru a elastanu, co\u017e zaji\u0161\u0165uje pohodln\u00e9 no\u0161en\u00ed. Pono\u017eky jsou univerz\u00e1ln\u00ed velikosti, tak\u017ee padnou v\u011bt\u0161in\u011b lid\u00ed.<\/p>\n<p><b>Vlastnosti:\u00a0<\/b><\/p>\n<p><span style=\"font-weight: 400;\">Materi\u00e1l &#8211; Bavlna, polyester a elastan<\/span><\/p>\n<p><span style=\"font-weight: 400;\">Jeden p\u00e1r<\/span><\/p>\n<p><span style=\"font-weight: 400;\">Univerz\u00e1ln\u00ed velikost<\/span><\/p>\n","protected":false},"excerpt":{"rendered":"<p>Pono\u017eky <strong>Death Note Ryuk<\/strong> jsou stylov\u00fdm dopl\u0148kem pro ka\u017ed\u00e9ho fanou\u0161ka s\u00e9rie Death Note. Tyto \u010dern\u00e9 pono\u017eky maj\u00ed vysoce kvalitn\u00ed v\u00fd\u0161ivku s motivem Ryuka, obl\u00edben\u00e9ho boha smrti. Jsou vyrobeny z kombinace bavlny, polyesteru a elastanu, co\u017e zaji\u0161\u0165uje pohodln\u00e9 no\u0161en\u00ed. Pono\u017eky jsou univerz\u00e1ln\u00ed velikosti, tak\u017ee padnou v\u011bt\u0161in\u011b lid\u00ed.<\/p>\n","protected":false},"featured_media":1320,"comment_status":"open","ping_status":"closed","template":"","meta":{"inline_featured_image":false},"product_cat":[76,38,44,96,97],"product_tag":[],"class_list":{"0":"post-1315","1":"product","2":"type-product","3":"status-publish","4":"has-post-thumbnail","6":"product_cat-abystyle","7":"product_cat-anime","8":"product_cat-death-note","9":"product_cat-obleceni","10":"product_cat-ponozky","12":"first","13":"instock","14":"shipping-taxable","15":"purchasable","16":"product-type-simple"},"_links":{"self":[{"href":"https:\/\/grandline.200.solutions\/index.php?rest_route=\/wp\/v2\/product\/1315","targetHints":{"allow":["GET"]}}],"collection":[{"href":"https:\/\/grandline.200.solutions\/index.php?rest_route=\/wp\/v2\/product"}],"about":[{"href":"https:\/\/grandline.200.solutions\/index.php?rest_route=\/wp\/v2\/types\/product"}],"replies":[{"embeddable":true,"href":"https:\/\/grandline.200.solutions\/index.php?rest_route=%2Fwp%2Fv2%2Fcomments&post=1315"}],"wp:featuredmedia":[{"embeddable":true,"href":"https:\/\/grandline.200.solutions\/index.php?rest_route=\/wp\/v2\/media\/1320"}],"wp:attachment":[{"href":"https:\/\/grandline.200.solutions\/index.php?rest_route=%2Fwp%2Fv2%2Fmedia&parent=1315"}],"wp:term":[{"taxonomy":"product_cat","embeddable":true,"href":"https:\/\/grandline.200.solutions\/index.php?rest_route=%2Fwp%2Fv2%2Fproduct_cat&post=1315"},{"taxonomy":"product_tag","embeddable":true,"href":"https:\/\/grandline.200.solutions\/index.php?rest_route=%2Fwp%2Fv2%2Fproduct_tag&post=1315"}],"curies":[{"name":"wp","href":"https:\/\/api.w.org\/{rel}","templated":true}]}}