{"id":1304,"date":"2024-11-07T11:57:09","date_gmt":"2024-11-07T10:57:09","guid":{"rendered":"https:\/\/grandline.200.solutions\/?post_type=product&#038;p=1304"},"modified":"2024-11-13T12:49:25","modified_gmt":"2024-11-13T11:49:25","slug":"dan-da-dan-portraits-hrnek","status":"publish","type":"product","link":"https:\/\/grandline.200.solutions\/?product=dan-da-dan-portraits-hrnek","title":{"rendered":"Dan Da Dan Portraits Hrnek"},"content":{"rendered":"<p>Hrnek <strong>Dan Da Dan Portraits<\/strong> je ofici\u00e1ln\u011b licencovan\u00fd produkt s motivem z anime Dan Da Dan. Hrnek zobrazuje hlavn\u00ed postavy Momo a Okaruna, spolu s jejich p\u0159\u00e1teli a spojenci, co\u017e p\u0159in\u00e1\u0161\u00ed do ka\u017edodenn\u00edho \u017eivota trochu dobrodru\u017estv\u00ed. Je to skv\u011bl\u00fd dopln\u011bk pro ka\u017ed\u00e9ho fanou\u0161ka Dan Da Dan.<\/p>\n<p><b>Vlastnosti:\u00a0<\/b><\/p>\n<p><span style=\"font-weight: 400;\">Objem &#8211; <\/span><span style=\"font-weight: 400;\">320 ml<\/span><\/p>\n<p><span style=\"font-weight: 400;\">Materi\u00e1l &#8211; Keramika<\/span><\/p>\n<p><span style=\"font-weight: 400;\">Vhodn\u00fd do my\u010dky a mikrovlnky<\/span><\/p>\n","protected":false},"excerpt":{"rendered":"<p>Hrnek <strong>Dan Da Dan Portraits<\/strong> je ofici\u00e1ln\u011b licencovan\u00fd produkt s motivem z anime Dan Da Dan. Hrnek zobrazuje hlavn\u00ed postavy Momo a Okaruna, spolu s jejich p\u0159\u00e1teli a spojenci, co\u017e p\u0159in\u00e1\u0161\u00ed do ka\u017edodenn\u00edho \u017eivota trochu dobrodru\u017estv\u00ed. Je to skv\u011bl\u00fd dopln\u011bk pro ka\u017ed\u00e9ho fanou\u0161ka Dan Da Dan.<\/p>\n<p>&nbsp;<\/p>\n","protected":false},"featured_media":1307,"comment_status":"open","ping_status":"closed","template":"","meta":{"inline_featured_image":false},"product_cat":[76,38,43,58],"product_tag":[],"class_list":{"0":"post-1304","1":"product","2":"type-product","3":"status-publish","4":"has-post-thumbnail","6":"product_cat-abystyle","7":"product_cat-anime","8":"product_cat-dan-da-dan","9":"product_cat-nadobi","11":"first","12":"instock","13":"shipping-taxable","14":"purchasable","15":"product-type-simple"},"_links":{"self":[{"href":"https:\/\/grandline.200.solutions\/index.php?rest_route=\/wp\/v2\/product\/1304","targetHints":{"allow":["GET"]}}],"collection":[{"href":"https:\/\/grandline.200.solutions\/index.php?rest_route=\/wp\/v2\/product"}],"about":[{"href":"https:\/\/grandline.200.solutions\/index.php?rest_route=\/wp\/v2\/types\/product"}],"replies":[{"embeddable":true,"href":"https:\/\/grandline.200.solutions\/index.php?rest_route=%2Fwp%2Fv2%2Fcomments&post=1304"}],"wp:featuredmedia":[{"embeddable":true,"href":"https:\/\/grandline.200.solutions\/index.php?rest_route=\/wp\/v2\/media\/1307"}],"wp:attachment":[{"href":"https:\/\/grandline.200.solutions\/index.php?rest_route=%2Fwp%2Fv2%2Fmedia&parent=1304"}],"wp:term":[{"taxonomy":"product_cat","embeddable":true,"href":"https:\/\/grandline.200.solutions\/index.php?rest_route=%2Fwp%2Fv2%2Fproduct_cat&post=1304"},{"taxonomy":"product_tag","embeddable":true,"href":"https:\/\/grandline.200.solutions\/index.php?rest_route=%2Fwp%2Fv2%2Fproduct_tag&post=1304"}],"curies":[{"name":"wp","href":"https:\/\/api.w.org\/{rel}","templated":true}]}}