{"id":1302,"date":"2024-11-07T11:53:48","date_gmt":"2024-11-07T10:53:48","guid":{"rendered":"https:\/\/grandline.200.solutions\/?post_type=product&#038;p=1302"},"modified":"2024-11-13T12:49:07","modified_gmt":"2024-11-13T11:49:07","slug":"blue-lock-isagi-vs-rin-plakat","status":"publish","type":"product","link":"https:\/\/grandline.200.solutions\/?product=blue-lock-isagi-vs-rin-plakat","title":{"rendered":"Blue Lock Isagi vs Rin Plak\u00e1t"},"content":{"rendered":"<p>Plak\u00e1t<strong> Blue Lock Isagi vs Rin<\/strong> zobrazuje intenzivn\u00ed a dramatick\u00fd moment, kter\u00fd dokonale vystihuje nap\u011bt\u00ed a sout\u011b\u017eivost mezi Yoichi Isagim a Rinem Itoshim, dv\u011bma hlavn\u00edmi rivaly t\u00e9to s\u00e9rie. Plak\u00e1t je opat\u0159en ochrannou vrstvou proti degradaci barev, co\u017e zaji\u0161\u0165uje jeho dlouhou \u017eivotnost.<\/p>\n<p><b>Vlastnosti:\u00a0<\/b><\/p>\n<p><span style=\"font-weight: 400;\">V\u00fd\u0161ka &#8211; 91,5 cm<\/span><\/p>\n<p><span style=\"font-weight: 400;\">\u0160\u00ed\u0159ka &#8211; 61 cm<\/span><\/p>\n","protected":false},"excerpt":{"rendered":"<p>Plak\u00e1t<strong> Blue Lock Isagi vs Rin<\/strong> zobrazuje intenzivn\u00ed a dramatick\u00fd moment, kter\u00fd dokonale vystihuje nap\u011bt\u00ed a sout\u011b\u017eivost mezi Yoichi Isagim a Rinem Itoshim, dv\u011bma hlavn\u00edmi rivaly t\u00e9to s\u00e9rie. Plak\u00e1t je opat\u0159en ochrannou vrstvou proti degradaci barev, co\u017e zaji\u0161\u0165uje jeho dlouhou \u017eivotnost.<\/p>\n","protected":false},"featured_media":1303,"comment_status":"open","ping_status":"closed","template":"","meta":{"inline_featured_image":false},"product_cat":[76,38,42,59],"product_tag":[],"class_list":{"0":"post-1302","1":"product","2":"type-product","3":"status-publish","4":"has-post-thumbnail","6":"product_cat-abystyle","7":"product_cat-anime","8":"product_cat-blue-lock","9":"product_cat-plakaty","11":"first","12":"instock","13":"shipping-taxable","14":"purchasable","15":"product-type-simple"},"_links":{"self":[{"href":"https:\/\/grandline.200.solutions\/index.php?rest_route=\/wp\/v2\/product\/1302","targetHints":{"allow":["GET"]}}],"collection":[{"href":"https:\/\/grandline.200.solutions\/index.php?rest_route=\/wp\/v2\/product"}],"about":[{"href":"https:\/\/grandline.200.solutions\/index.php?rest_route=\/wp\/v2\/types\/product"}],"replies":[{"embeddable":true,"href":"https:\/\/grandline.200.solutions\/index.php?rest_route=%2Fwp%2Fv2%2Fcomments&post=1302"}],"wp:featuredmedia":[{"embeddable":true,"href":"https:\/\/grandline.200.solutions\/index.php?rest_route=\/wp\/v2\/media\/1303"}],"wp:attachment":[{"href":"https:\/\/grandline.200.solutions\/index.php?rest_route=%2Fwp%2Fv2%2Fmedia&parent=1302"}],"wp:term":[{"taxonomy":"product_cat","embeddable":true,"href":"https:\/\/grandline.200.solutions\/index.php?rest_route=%2Fwp%2Fv2%2Fproduct_cat&post=1302"},{"taxonomy":"product_tag","embeddable":true,"href":"https:\/\/grandline.200.solutions\/index.php?rest_route=%2Fwp%2Fv2%2Fproduct_tag&post=1302"}],"curies":[{"name":"wp","href":"https:\/\/api.w.org\/{rel}","templated":true}]}}