{"id":1296,"date":"2024-11-07T11:50:07","date_gmt":"2024-11-07T10:50:07","guid":{"rendered":"https:\/\/grandline.200.solutions\/?post_type=product&#038;p=1296"},"modified":"2024-11-13T12:48:52","modified_gmt":"2024-11-13T11:48:52","slug":"blue-lock-training-center-sportovni-taska","status":"publish","type":"product","link":"https:\/\/grandline.200.solutions\/?product=blue-lock-training-center-sportovni-taska","title":{"rendered":"Blue Lock Training center Sportovn\u00ed ta\u0161ka"},"content":{"rendered":"<p>Sportovn\u00ed ta\u0161ka <strong>Blue Lock Training Center<\/strong> v \u0161edo\u010dern\u00e9 barv\u011b je inspirov\u00e1na intenzivn\u00edm tr\u00e9ninkov\u00fdm re\u017eimem z anime Blue Lock. Tato ta\u0161ka je navr\u017eena pro odolnost a styl, s dostate\u010dn\u00fdm prostorem pro ve\u0161ker\u00e9 va\u0161e vybaven\u00ed. M\u00e1 velk\u00fd \u00falo\u017en\u00fd prostor a zadn\u00ed kapsu, nastaviteln\u00fd ramenn\u00ed popruh a rukojeti pro pohodln\u00e9 no\u0161en\u00ed. Tento kousek je ide\u00e1ln\u00ed pro ka\u017ed\u00e9ho fanou\u0161ka Blue Lock.<\/p>\n<p><b>Vlastnosti:\u00a0<\/b><\/p>\n<p><span style=\"font-weight: 400;\">Materi\u00e1l &#8211; Polyester<\/span><\/p>\n<p><span style=\"font-weight: 400;\">Rozm\u011bry &#8211; 50 x 25 x 25 cm<\/span><\/p>\n<p><span style=\"font-weight: 400;\">Objem &#8211; 23 litr\u016f<\/span><\/p>\n","protected":false},"excerpt":{"rendered":"<p>Sportovn\u00ed ta\u0161ka <strong>Blue Lock Training Center<\/strong> v \u0161edo\u010dern\u00e9 barv\u011b je inspirov\u00e1na intenzivn\u00edm tr\u00e9ninkov\u00fdm re\u017eimem z anime Blue Lock. Tato ta\u0161ka je navr\u017eena pro odolnost a styl, s dostate\u010dn\u00fdm prostorem pro ve\u0161ker\u00e9 va\u0161e vybaven\u00ed. M\u00e1 velk\u00fd \u00falo\u017en\u00fd prostor a zadn\u00ed kapsu, nastaviteln\u00fd ramenn\u00ed popruh a rukojeti pro pohodln\u00e9 no\u0161en\u00ed. Tento kousek je ide\u00e1ln\u00ed pro ka\u017ed\u00e9ho fanou\u0161ka Blue Lock.<\/p>\n","protected":false},"featured_media":1298,"comment_status":"open","ping_status":"closed","template":"","meta":{"inline_featured_image":false},"product_cat":[76,38,42,61],"product_tag":[],"class_list":{"0":"post-1296","1":"product","2":"type-product","3":"status-publish","4":"has-post-thumbnail","6":"product_cat-abystyle","7":"product_cat-anime","8":"product_cat-blue-lock","9":"product_cat-sportovni-tasky","11":"first","12":"instock","13":"shipping-taxable","14":"purchasable","15":"product-type-simple"},"_links":{"self":[{"href":"https:\/\/grandline.200.solutions\/index.php?rest_route=\/wp\/v2\/product\/1296","targetHints":{"allow":["GET"]}}],"collection":[{"href":"https:\/\/grandline.200.solutions\/index.php?rest_route=\/wp\/v2\/product"}],"about":[{"href":"https:\/\/grandline.200.solutions\/index.php?rest_route=\/wp\/v2\/types\/product"}],"replies":[{"embeddable":true,"href":"https:\/\/grandline.200.solutions\/index.php?rest_route=%2Fwp%2Fv2%2Fcomments&post=1296"}],"wp:featuredmedia":[{"embeddable":true,"href":"https:\/\/grandline.200.solutions\/index.php?rest_route=\/wp\/v2\/media\/1298"}],"wp:attachment":[{"href":"https:\/\/grandline.200.solutions\/index.php?rest_route=%2Fwp%2Fv2%2Fmedia&parent=1296"}],"wp:term":[{"taxonomy":"product_cat","embeddable":true,"href":"https:\/\/grandline.200.solutions\/index.php?rest_route=%2Fwp%2Fv2%2Fproduct_cat&post=1296"},{"taxonomy":"product_tag","embeddable":true,"href":"https:\/\/grandline.200.solutions\/index.php?rest_route=%2Fwp%2Fv2%2Fproduct_tag&post=1296"}],"curies":[{"name":"wp","href":"https:\/\/api.w.org\/{rel}","templated":true}]}}