{"id":1284,"date":"2024-11-07T11:43:44","date_gmt":"2024-11-07T10:43:44","guid":{"rendered":"https:\/\/grandline.200.solutions\/?post_type=product&#038;p=1284"},"modified":"2024-11-13T12:47:14","modified_gmt":"2024-11-13T11:47:14","slug":"bleach-sofvimates-kon","status":"publish","type":"product","link":"https:\/\/grandline.200.solutions\/?product=bleach-sofvimates-kon","title":{"rendered":"BLEACH SOFVIMATES Kon"},"content":{"rendered":"<p>Figurka <strong>BLEACH SOFVIMATES Kon<\/strong> zobrazuje Kona, modifikovanou du\u0161i z anime Bleach. Kon je zde zachycen ve sv\u00e9 roztomil\u00e9 ply\u0161ov\u00e9 podob\u011b, kter\u00e1 je zn\u00e1m\u00e1 fanou\u0161k\u016fm s\u00e9rie. Tento sb\u011bratelsk\u00fd kousek je perfektn\u00ed pro ka\u017ed\u00e9ho, kdo miluje Bleach.<\/p>\n<p><b>Vlastnosti:\u00a0<\/b><\/p>\n<p><span style=\"font-weight: 400;\">V\u00fd\u0161ka &#8211; 13 cm<\/span><\/p>\n<p><span style=\"font-weight: 400;\">Materi\u00e1l &#8211; PVC<\/span><\/p>\n<p><span style=\"font-weight: 400;\">Detailn\u00ed proveden\u00ed<\/span><\/p>\n<p><span style=\"font-weight: 400;\">Sb\u011bratelsk\u00e1 edice<\/span><\/p>\n","protected":false},"excerpt":{"rendered":"<p>Figurka <strong>BLEACH SOFVIMATES Kon<\/strong> zobrazuje Kona, modifikovanou du\u0161i z anime Bleach. Kon je zde zachycen ve sv\u00e9 roztomil\u00e9 ply\u0161ov\u00e9 podob\u011b, kter\u00e1 je zn\u00e1m\u00e1 fanou\u0161k\u016fm s\u00e9rie. Tento sb\u011bratelsk\u00fd kousek je perfektn\u00ed pro ka\u017ed\u00e9ho, kdo miluje Bleach.<\/p>\n","protected":false},"featured_media":1290,"comment_status":"open","ping_status":"closed","template":"","meta":{"inline_featured_image":false},"product_cat":[77,41,60],"product_tag":[],"class_list":{"0":"post-1284","1":"product","2":"type-product","3":"status-publish","4":"has-post-thumbnail","6":"product_cat-bandai-spirits","7":"product_cat-bleach","8":"product_cat-figurky","10":"first","11":"instock","12":"shipping-taxable","13":"purchasable","14":"product-type-simple"},"_links":{"self":[{"href":"https:\/\/grandline.200.solutions\/index.php?rest_route=\/wp\/v2\/product\/1284","targetHints":{"allow":["GET"]}}],"collection":[{"href":"https:\/\/grandline.200.solutions\/index.php?rest_route=\/wp\/v2\/product"}],"about":[{"href":"https:\/\/grandline.200.solutions\/index.php?rest_route=\/wp\/v2\/types\/product"}],"replies":[{"embeddable":true,"href":"https:\/\/grandline.200.solutions\/index.php?rest_route=%2Fwp%2Fv2%2Fcomments&post=1284"}],"wp:featuredmedia":[{"embeddable":true,"href":"https:\/\/grandline.200.solutions\/index.php?rest_route=\/wp\/v2\/media\/1290"}],"wp:attachment":[{"href":"https:\/\/grandline.200.solutions\/index.php?rest_route=%2Fwp%2Fv2%2Fmedia&parent=1284"}],"wp:term":[{"taxonomy":"product_cat","embeddable":true,"href":"https:\/\/grandline.200.solutions\/index.php?rest_route=%2Fwp%2Fv2%2Fproduct_cat&post=1284"},{"taxonomy":"product_tag","embeddable":true,"href":"https:\/\/grandline.200.solutions\/index.php?rest_route=%2Fwp%2Fv2%2Fproduct_tag&post=1284"}],"curies":[{"name":"wp","href":"https:\/\/api.w.org\/{rel}","templated":true}]}}