{"id":1272,"date":"2024-11-07T11:39:00","date_gmt":"2024-11-07T10:39:00","guid":{"rendered":"https:\/\/grandline.200.solutions\/?post_type=product&#038;p=1272"},"modified":"2024-11-13T12:33:34","modified_gmt":"2024-11-13T11:33:34","slug":"bleach-thousand-year-blood-war-vibration-stars-kurosaki-ichigo","status":"publish","type":"product","link":"https:\/\/grandline.200.solutions\/?product=bleach-thousand-year-blood-war-vibration-stars-kurosaki-ichigo","title":{"rendered":"Bleach: Thousand-Year Blood War Vibration Stars Kurosaki Ichigo"},"content":{"rendered":"<p>Figurka <strong>Bleach: Thousand-Year Blood War Vibration Stars Kurosaki Ichigo<\/strong> zobrazuje hlavn\u00edho protagonistu Ichiga Kurosakiho v dynamick\u00e9 bojov\u00e9 p\u00f3ze. Tato figurka zachycuje intenzitu a energii s\u00e9rie, co\u017e z n\u00ed \u010din\u00ed fantastick\u00fd dopln\u011bk pro ka\u017ed\u00e9ho fanou\u0161ka Bleach.<\/p>\n<p><b>Vlastnosti:\u00a0<\/b><\/p>\n<p><span style=\"font-weight: 400;\">V\u00fd\u0161ka &#8211; 12 cm<\/span><\/p>\n<p><span style=\"font-weight: 400;\">Materi\u00e1l &#8211; PVC<\/span><\/p>\n<p><span style=\"font-weight: 400;\">Detailn\u00ed proveden\u00ed<\/span><\/p>\n<p><span style=\"font-weight: 400;\">Sb\u011bratelsk\u00e1 edice<\/span><\/p>\n","protected":false},"excerpt":{"rendered":"<p>Figurka <strong>Bleach: Thousand-Year Blood War Vibration Stars Kurosaki Ichigo<\/strong> zobrazuje hlavn\u00edho protagonistu Ichiga Kurosakiho v dynamick\u00e9 bojov\u00e9 p\u00f3ze. Tato figurka zachycuje intenzitu a energii s\u00e9rie, co\u017e z n\u00ed \u010din\u00ed fantastick\u00fd dopln\u011bk pro ka\u017ed\u00e9ho fanou\u0161ka Bleach.<\/p>\n","protected":false},"featured_media":1276,"comment_status":"open","ping_status":"closed","template":"","meta":{"inline_featured_image":false},"product_cat":[77,41,60],"product_tag":[],"class_list":{"0":"post-1272","1":"product","2":"type-product","3":"status-publish","4":"has-post-thumbnail","6":"product_cat-bandai-spirits","7":"product_cat-bleach","8":"product_cat-figurky","10":"first","11":"instock","12":"shipping-taxable","13":"purchasable","14":"product-type-simple"},"_links":{"self":[{"href":"https:\/\/grandline.200.solutions\/index.php?rest_route=\/wp\/v2\/product\/1272","targetHints":{"allow":["GET"]}}],"collection":[{"href":"https:\/\/grandline.200.solutions\/index.php?rest_route=\/wp\/v2\/product"}],"about":[{"href":"https:\/\/grandline.200.solutions\/index.php?rest_route=\/wp\/v2\/types\/product"}],"replies":[{"embeddable":true,"href":"https:\/\/grandline.200.solutions\/index.php?rest_route=%2Fwp%2Fv2%2Fcomments&post=1272"}],"wp:featuredmedia":[{"embeddable":true,"href":"https:\/\/grandline.200.solutions\/index.php?rest_route=\/wp\/v2\/media\/1276"}],"wp:attachment":[{"href":"https:\/\/grandline.200.solutions\/index.php?rest_route=%2Fwp%2Fv2%2Fmedia&parent=1272"}],"wp:term":[{"taxonomy":"product_cat","embeddable":true,"href":"https:\/\/grandline.200.solutions\/index.php?rest_route=%2Fwp%2Fv2%2Fproduct_cat&post=1272"},{"taxonomy":"product_tag","embeddable":true,"href":"https:\/\/grandline.200.solutions\/index.php?rest_route=%2Fwp%2Fv2%2Fproduct_tag&post=1272"}],"curies":[{"name":"wp","href":"https:\/\/api.w.org\/{rel}","templated":true}]}}