{"id":1248,"date":"2024-11-07T11:23:51","date_gmt":"2024-11-07T10:23:51","guid":{"rendered":"https:\/\/grandline.200.solutions\/?post_type=product&#038;p=1248"},"modified":"2024-11-13T12:32:31","modified_gmt":"2024-11-13T11:32:31","slug":"bleach-relax-time-shihouin-yoruichi","status":"publish","type":"product","link":"https:\/\/grandline.200.solutions\/?product=bleach-relax-time-shihouin-yoruichi","title":{"rendered":"Bleach Relax Time Shihouin Yoruichi"},"content":{"rendered":"<p><strong>Figurka Bleach Relax Time Shihouin Yoruichi<\/strong> zobrazuje Yoruichi v uvoln\u011bn\u00e9 a pohodln\u00e9 p\u00f3ze. Yoruichi je zde zachycena, jak sed\u00ed s p\u0159ek\u0159\u00ed\u017een\u00fdma nohama, co\u017e zd\u016fraz\u0148uje jej\u00ed le\u017e\u00e9rn\u00ed a z\u00e1rove\u0148 sebev\u011bdom\u00fd vzhled. Tento sb\u011bratelsk\u00fd kousek je skv\u011bl\u00fdm dopl\u0148kem pro ka\u017ed\u00e9ho fanou\u0161ka s\u00e9rie.<\/p>\n<p><b>Vlastnosti:\u00a0<\/b><\/p>\n<p><span style=\"font-weight: 400;\">V\u00fd\u0161ka &#8211; 10 cm<\/span><\/p>\n<p><span style=\"font-weight: 400;\">Materi\u00e1l &#8211; PVC<\/span><\/p>\n<p><span style=\"font-weight: 400;\">Detailn\u00ed proveden\u00ed<\/span><\/p>\n<p><span style=\"font-weight: 400;\">Sb\u011bratelsk\u00e1 edice<\/span><\/p>\n","protected":false},"excerpt":{"rendered":"<p>Figurka<strong> Bleach Relax Time Shihouin Yoruichi<\/strong> zobrazuje Yoruichi v uvoln\u011bn\u00e9 a pohodln\u00e9 p\u00f3ze. Yoruichi je zde zachycena, jak sed\u00ed s p\u0159ek\u0159\u00ed\u017een\u00fdma nohama, co\u017e zd\u016fraz\u0148uje jej\u00ed le\u017e\u00e9rn\u00ed a z\u00e1rove\u0148 sebev\u011bdom\u00fd vzhled. Tento sb\u011bratelsk\u00fd kousek je skv\u011bl\u00fdm dopl\u0148kem pro ka\u017ed\u00e9ho fanou\u0161ka s\u00e9rie.<\/p>\n","protected":false},"featured_media":1252,"comment_status":"open","ping_status":"closed","template":"","meta":{"inline_featured_image":false},"product_cat":[77,41,60],"product_tag":[],"class_list":{"0":"post-1248","1":"product","2":"type-product","3":"status-publish","4":"has-post-thumbnail","6":"product_cat-bandai-spirits","7":"product_cat-bleach","8":"product_cat-figurky","10":"first","11":"instock","12":"shipping-taxable","13":"purchasable","14":"product-type-simple"},"_links":{"self":[{"href":"https:\/\/grandline.200.solutions\/index.php?rest_route=\/wp\/v2\/product\/1248","targetHints":{"allow":["GET"]}}],"collection":[{"href":"https:\/\/grandline.200.solutions\/index.php?rest_route=\/wp\/v2\/product"}],"about":[{"href":"https:\/\/grandline.200.solutions\/index.php?rest_route=\/wp\/v2\/types\/product"}],"replies":[{"embeddable":true,"href":"https:\/\/grandline.200.solutions\/index.php?rest_route=%2Fwp%2Fv2%2Fcomments&post=1248"}],"wp:featuredmedia":[{"embeddable":true,"href":"https:\/\/grandline.200.solutions\/index.php?rest_route=\/wp\/v2\/media\/1252"}],"wp:attachment":[{"href":"https:\/\/grandline.200.solutions\/index.php?rest_route=%2Fwp%2Fv2%2Fmedia&parent=1248"}],"wp:term":[{"taxonomy":"product_cat","embeddable":true,"href":"https:\/\/grandline.200.solutions\/index.php?rest_route=%2Fwp%2Fv2%2Fproduct_cat&post=1248"},{"taxonomy":"product_tag","embeddable":true,"href":"https:\/\/grandline.200.solutions\/index.php?rest_route=%2Fwp%2Fv2%2Fproduct_tag&post=1248"}],"curies":[{"name":"wp","href":"https:\/\/api.w.org\/{rel}","templated":true}]}}