{"id":1246,"date":"2024-11-07T11:10:12","date_gmt":"2024-11-07T10:10:12","guid":{"rendered":"https:\/\/grandline.200.solutions\/?post_type=product&#038;p=1246"},"modified":"2024-11-13T12:32:20","modified_gmt":"2024-11-13T11:32:20","slug":"bleach-solid-and-souls-retsu-unohana","status":"publish","type":"product","link":"https:\/\/grandline.200.solutions\/?product=bleach-solid-and-souls-retsu-unohana","title":{"rendered":"Bleach Solid and Souls Retsu Unohana"},"content":{"rendered":"<p>Figurka <strong>Bleach Solid and Souls Retsu Unohana<\/strong> zobrazuje Unohanu, b\u00fdvalou kapit\u00e1nku 4. divize Gotei 13. Unohana je zde zachycena ve sv\u00e9 tradi\u010dn\u00ed kapit\u00e1nsk\u00e9 uniform\u011b, p\u0159ipravena tasit sv\u016fj me\u010d. Tento sb\u011bratelsk\u00fd kousek by nem\u011bl chyb\u011bt ve sb\u00edrce \u017e\u00e1dn\u00e9ho fanou\u0161ka s\u00e9rie.<\/p>\n<p><b>Vlastnosti:\u00a0<\/b><\/p>\n<p><span style=\"font-weight: 400;\">V\u00fd\u0161ka &#8211; 15 cm<\/span><\/p>\n<p><span style=\"font-weight: 400;\">Materi\u00e1l &#8211; PVC<\/span><\/p>\n<p><span style=\"font-weight: 400;\">Detailn\u00ed proveden\u00ed<\/span><\/p>\n<p><span style=\"font-weight: 400;\">Sb\u011bratelsk\u00e1 edice<\/span><\/p>\n","protected":false},"excerpt":{"rendered":"<p>Figurka <strong>Bleach Solid and Souls Retsu Unohana<\/strong> zobrazuje Unohanu, b\u00fdvalou kapit\u00e1nku 4. divize Gotei 13. Unohana je zde zachycena ve sv\u00e9 tradi\u010dn\u00ed kapit\u00e1nsk\u00e9 uniform\u011b, p\u0159ipravena tasit sv\u016fj me\u010d. Tento sb\u011bratelsk\u00fd kousek by nem\u011bl chyb\u011bt ve sb\u00edrce \u017e\u00e1dn\u00e9ho fanou\u0161ka s\u00e9rie.<\/p>\n","protected":false},"featured_media":1247,"comment_status":"open","ping_status":"closed","template":"","meta":{"inline_featured_image":false},"product_cat":[38,77,41,60],"product_tag":[],"class_list":{"0":"post-1246","1":"product","2":"type-product","3":"status-publish","4":"has-post-thumbnail","6":"product_cat-anime","7":"product_cat-bandai-spirits","8":"product_cat-bleach","9":"product_cat-figurky","11":"first","12":"instock","13":"shipping-taxable","14":"purchasable","15":"product-type-simple"},"_links":{"self":[{"href":"https:\/\/grandline.200.solutions\/index.php?rest_route=\/wp\/v2\/product\/1246","targetHints":{"allow":["GET"]}}],"collection":[{"href":"https:\/\/grandline.200.solutions\/index.php?rest_route=\/wp\/v2\/product"}],"about":[{"href":"https:\/\/grandline.200.solutions\/index.php?rest_route=\/wp\/v2\/types\/product"}],"replies":[{"embeddable":true,"href":"https:\/\/grandline.200.solutions\/index.php?rest_route=%2Fwp%2Fv2%2Fcomments&post=1246"}],"wp:featuredmedia":[{"embeddable":true,"href":"https:\/\/grandline.200.solutions\/index.php?rest_route=\/wp\/v2\/media\/1247"}],"wp:attachment":[{"href":"https:\/\/grandline.200.solutions\/index.php?rest_route=%2Fwp%2Fv2%2Fmedia&parent=1246"}],"wp:term":[{"taxonomy":"product_cat","embeddable":true,"href":"https:\/\/grandline.200.solutions\/index.php?rest_route=%2Fwp%2Fv2%2Fproduct_cat&post=1246"},{"taxonomy":"product_tag","embeddable":true,"href":"https:\/\/grandline.200.solutions\/index.php?rest_route=%2Fwp%2Fv2%2Fproduct_tag&post=1246"}],"curies":[{"name":"wp","href":"https:\/\/api.w.org\/{rel}","templated":true}]}}