{"id":1241,"date":"2024-11-07T11:03:31","date_gmt":"2024-11-07T10:03:31","guid":{"rendered":"https:\/\/grandline.200.solutions\/?post_type=product&#038;p=1241"},"modified":"2024-11-13T12:31:58","modified_gmt":"2024-11-13T11:31:58","slug":"berserk-guts-griffith-hrnek","status":"publish","type":"product","link":"https:\/\/grandline.200.solutions\/?product=berserk-guts-griffith-hrnek","title":{"rendered":"Berserk Guts &#038; Griffith Hrnek"},"content":{"rendered":"<p>Hrnek <strong>Berserk Guts &amp; Griffith<\/strong> je ofici\u00e1ln\u011b licencovan\u00fd produkt s motivem z temn\u00e9 fantasy s\u00e9rie Berserk. Tento keramick\u00fd hrnek zobrazuje ikonick\u00e9 postavy Gutse a Griffitha, zachycen\u00e9 v dramatick\u00e9 sc\u00e9n\u011b, kter\u00e1 zd\u016fraz\u0148uje jejich slo\u017eit\u00fd vztah. Je to skv\u011bl\u00fd dopln\u011bk pro ka\u017ed\u00e9ho fanou\u0161ka Berserka.<\/p>\n<p><b>Vlastnosti:\u00a0<\/b><\/p>\n<p><span style=\"font-weight: 400;\">Objem &#8211; <\/span><span style=\"font-weight: 400;\">460 ml<\/span><\/p>\n<p><span style=\"font-weight: 400;\">Materi\u00e1l &#8211; Keramika<\/span><\/p>\n<p><span style=\"font-weight: 400;\">Vhodn\u00fd do my\u010dky a mikrovlnky<\/span><\/p>\n","protected":false},"excerpt":{"rendered":"<p>Hrnek <strong>Berserk Guts &amp; Griffith<\/strong> je ofici\u00e1ln\u011b licencovan\u00fd produkt s motivem z temn\u00e9 fantasy s\u00e9rie Berserk. Tento keramick\u00fd hrnek zobrazuje ikonick\u00e9 postavy Gutse a Griffitha, zachycen\u00e9 v dramatick\u00e9 sc\u00e9n\u011b, kter\u00e1 zd\u016fraz\u0148uje jejich slo\u017eit\u00fd vztah. Je to skv\u011bl\u00fd dopln\u011bk pro ka\u017ed\u00e9ho fanou\u0161ka Berserka<\/p>\n","protected":false},"featured_media":1245,"comment_status":"open","ping_status":"closed","template":"","meta":{"inline_featured_image":false},"product_cat":[76,38,40,58],"product_tag":[],"class_list":{"0":"post-1241","1":"product","2":"type-product","3":"status-publish","4":"has-post-thumbnail","6":"product_cat-abystyle","7":"product_cat-anime","8":"product_cat-berserk","9":"product_cat-nadobi","11":"first","12":"instock","13":"shipping-taxable","14":"purchasable","15":"product-type-simple"},"_links":{"self":[{"href":"https:\/\/grandline.200.solutions\/index.php?rest_route=\/wp\/v2\/product\/1241","targetHints":{"allow":["GET"]}}],"collection":[{"href":"https:\/\/grandline.200.solutions\/index.php?rest_route=\/wp\/v2\/product"}],"about":[{"href":"https:\/\/grandline.200.solutions\/index.php?rest_route=\/wp\/v2\/types\/product"}],"replies":[{"embeddable":true,"href":"https:\/\/grandline.200.solutions\/index.php?rest_route=%2Fwp%2Fv2%2Fcomments&post=1241"}],"wp:featuredmedia":[{"embeddable":true,"href":"https:\/\/grandline.200.solutions\/index.php?rest_route=\/wp\/v2\/media\/1245"}],"wp:attachment":[{"href":"https:\/\/grandline.200.solutions\/index.php?rest_route=%2Fwp%2Fv2%2Fmedia&parent=1241"}],"wp:term":[{"taxonomy":"product_cat","embeddable":true,"href":"https:\/\/grandline.200.solutions\/index.php?rest_route=%2Fwp%2Fv2%2Fproduct_cat&post=1241"},{"taxonomy":"product_tag","embeddable":true,"href":"https:\/\/grandline.200.solutions\/index.php?rest_route=%2Fwp%2Fv2%2Fproduct_tag&post=1241"}],"curies":[{"name":"wp","href":"https:\/\/api.w.org\/{rel}","templated":true}]}}