{"id":1239,"date":"2024-11-07T11:00:41","date_gmt":"2024-11-07T10:00:41","guid":{"rendered":"https:\/\/grandline.200.solutions\/?post_type=product&#038;p=1239"},"modified":"2024-11-12T13:26:47","modified_gmt":"2024-11-12T12:26:47","slug":"attack-on-titan-s4-key-art-plakat","status":"publish","type":"product","link":"https:\/\/grandline.200.solutions\/?product=attack-on-titan-s4-key-art-plakat","title":{"rendered":"Attack on Titan S4 Key Art Plak\u00e1t"},"content":{"rendered":"<p>Plak\u00e1t <strong>Attack on Titan S4 Key Art<\/strong> zobrazuje epickou a dramatickou sc\u00e9nu ze \u010dtvrt\u00e9 sez\u00f3ny anime Attack on Titan, co\u017e z n\u011bj \u010din\u00ed skv\u011bl\u00fd dopln\u011bk pro ka\u017ed\u00e9ho fanou\u0161ka s\u00e9rie. Plak\u00e1t je opat\u0159en ochrannou vrstvou proti degradaci barev, co\u017e zaji\u0161\u0165uje jeho dlouhou \u017eivotnost.<\/p>\n<p><b>Vlastnosti:\u00a0<\/b><\/p>\n<p><span style=\"font-weight: 400;\">V\u00fd\u0161ka &#8211; 91,5 cm<\/span><\/p>\n<p><span style=\"font-weight: 400;\">\u0160\u00ed\u0159ka &#8211; 61 cm<\/span><\/p>\n","protected":false},"excerpt":{"rendered":"<p>Plak\u00e1t <strong>Attack on Titan S4 Key Art<\/strong> zobrazuje epickou a dramatickou sc\u00e9nu ze \u010dtvrt\u00e9 sez\u00f3ny anime Attack on Titan, co\u017e z n\u011bj \u010din\u00ed skv\u011bl\u00fd dopln\u011bk pro ka\u017ed\u00e9ho fanou\u0161ka s\u00e9rie. Plak\u00e1t je opat\u0159en ochrannou vrstvou proti degradaci barev, co\u017e zaji\u0161\u0165uje jeho dlouhou \u017eivotnost.<\/p>\n","protected":false},"featured_media":1240,"comment_status":"open","ping_status":"closed","template":"","meta":{"inline_featured_image":false},"product_cat":[76,38,39,59],"product_tag":[],"class_list":{"0":"post-1239","1":"product","2":"type-product","3":"status-publish","4":"has-post-thumbnail","6":"product_cat-abystyle","7":"product_cat-anime","8":"product_cat-attack-on-titan","9":"product_cat-plakaty","11":"first","12":"outofstock","13":"shipping-taxable","14":"purchasable","15":"product-type-simple"},"_links":{"self":[{"href":"https:\/\/grandline.200.solutions\/index.php?rest_route=\/wp\/v2\/product\/1239","targetHints":{"allow":["GET"]}}],"collection":[{"href":"https:\/\/grandline.200.solutions\/index.php?rest_route=\/wp\/v2\/product"}],"about":[{"href":"https:\/\/grandline.200.solutions\/index.php?rest_route=\/wp\/v2\/types\/product"}],"replies":[{"embeddable":true,"href":"https:\/\/grandline.200.solutions\/index.php?rest_route=%2Fwp%2Fv2%2Fcomments&post=1239"}],"wp:featuredmedia":[{"embeddable":true,"href":"https:\/\/grandline.200.solutions\/index.php?rest_route=\/wp\/v2\/media\/1240"}],"wp:attachment":[{"href":"https:\/\/grandline.200.solutions\/index.php?rest_route=%2Fwp%2Fv2%2Fmedia&parent=1239"}],"wp:term":[{"taxonomy":"product_cat","embeddable":true,"href":"https:\/\/grandline.200.solutions\/index.php?rest_route=%2Fwp%2Fv2%2Fproduct_cat&post=1239"},{"taxonomy":"product_tag","embeddable":true,"href":"https:\/\/grandline.200.solutions\/index.php?rest_route=%2Fwp%2Fv2%2Fproduct_tag&post=1239"}],"curies":[{"name":"wp","href":"https:\/\/api.w.org\/{rel}","templated":true}]}}