{"id":1237,"date":"2024-11-07T10:53:45","date_gmt":"2024-11-07T09:53:45","guid":{"rendered":"https:\/\/grandline.200.solutions\/?post_type=product&#038;p=1237"},"modified":"2024-11-13T12:31:21","modified_gmt":"2024-11-13T11:31:21","slug":"attack-on-titan-key-art-plakat","status":"publish","type":"product","link":"https:\/\/grandline.200.solutions\/?product=attack-on-titan-key-art-plakat","title":{"rendered":"Attack on Titan Key Art Plak\u00e1t"},"content":{"rendered":"<p>Plak\u00e1t <strong>Attack on Titan Key Art<\/strong> je ofici\u00e1ln\u011b licencovan\u00fd produkt, kter\u00fd zobrazuje epickou sc\u00e9nu \u00fatoku Kolos\u00e1ln\u00edho tit\u00e1na na obrannou ze\u010f, s Erenem Yeagerem p\u0159ipraven\u00fdm \u010delit t\u00e9to hrozb\u011b. Plak\u00e1t je opat\u0159en ochrannou vrstvou proti degradaci barev, co\u017e zaji\u0161\u0165uje jeho dlouhou \u017eivotnost.<\/p>\n<p><b>Vlastnosti:\u00a0<\/b><\/p>\n<p><span style=\"font-weight: 400;\">V\u00fd\u0161ka &#8211; 91,5 cm<\/span><\/p>\n<p><span style=\"font-weight: 400;\">\u0160\u00ed\u0159ka &#8211; 61 cm<\/span><\/p>\n","protected":false},"excerpt":{"rendered":"<p>Plak\u00e1t <strong>Attack on Titan Key Art<\/strong> je ofici\u00e1ln\u011b licencovan\u00fd produkt, kter\u00fd zobrazuje epickou sc\u00e9nu \u00fatoku Kolos\u00e1ln\u00edho tit\u00e1na na obrannou ze\u010f, s Erenem Yeagerem p\u0159ipraven\u00fdm \u010delit t\u00e9to hrozb\u011b. Plak\u00e1t je opat\u0159en ochrannou vrstvou proti degradaci barev, co\u017e zaji\u0161\u0165uje jeho dlouhou \u017eivotnost.<\/p>\n","protected":false},"featured_media":1238,"comment_status":"open","ping_status":"closed","template":"","meta":{"inline_featured_image":false},"product_cat":[76,39,59],"product_tag":[],"class_list":{"0":"post-1237","1":"product","2":"type-product","3":"status-publish","4":"has-post-thumbnail","6":"product_cat-abystyle","7":"product_cat-attack-on-titan","8":"product_cat-plakaty","10":"first","11":"instock","12":"shipping-taxable","13":"purchasable","14":"product-type-simple"},"_links":{"self":[{"href":"https:\/\/grandline.200.solutions\/index.php?rest_route=\/wp\/v2\/product\/1237","targetHints":{"allow":["GET"]}}],"collection":[{"href":"https:\/\/grandline.200.solutions\/index.php?rest_route=\/wp\/v2\/product"}],"about":[{"href":"https:\/\/grandline.200.solutions\/index.php?rest_route=\/wp\/v2\/types\/product"}],"replies":[{"embeddable":true,"href":"https:\/\/grandline.200.solutions\/index.php?rest_route=%2Fwp%2Fv2%2Fcomments&post=1237"}],"wp:featuredmedia":[{"embeddable":true,"href":"https:\/\/grandline.200.solutions\/index.php?rest_route=\/wp\/v2\/media\/1238"}],"wp:attachment":[{"href":"https:\/\/grandline.200.solutions\/index.php?rest_route=%2Fwp%2Fv2%2Fmedia&parent=1237"}],"wp:term":[{"taxonomy":"product_cat","embeddable":true,"href":"https:\/\/grandline.200.solutions\/index.php?rest_route=%2Fwp%2Fv2%2Fproduct_cat&post=1237"},{"taxonomy":"product_tag","embeddable":true,"href":"https:\/\/grandline.200.solutions\/index.php?rest_route=%2Fwp%2Fv2%2Fproduct_tag&post=1237"}],"curies":[{"name":"wp","href":"https:\/\/api.w.org\/{rel}","templated":true}]}}