{"id":1232,"date":"2024-11-07T10:37:28","date_gmt":"2024-11-07T09:37:28","guid":{"rendered":"https:\/\/grandline.200.solutions\/?post_type=product&#038;p=1232"},"modified":"2024-11-13T12:30:54","modified_gmt":"2024-11-13T11:30:54","slug":"attack-on-titan-scout-symbol-ksiltovka","status":"publish","type":"product","link":"https:\/\/grandline.200.solutions\/?product=attack-on-titan-scout-symbol-ksiltovka","title":{"rendered":"Attack on Titan Scout Symbol K\u0161iltovka"},"content":{"rendered":"<p><span style=\"font-weight: 400;\">K\u0161iltovka<\/span><b> Attack on Titan Scout Symbol<\/b><span style=\"font-weight: 400;\"> je stylov\u00fd dopln\u011bk pro fanou\u0161ky s\u00e9rie Attack on Titan. Tato k\u0161iltovka m\u00e1 design jednotky Scout Regiment, kter\u00e1 je zn\u00e1m\u00e1 sv\u00fdm \u00fakolem vyhled\u00e1vat a pozorovat Tit\u00e1ny. K\u0161iltovka m\u00e1 nastavitelnou velikost, co\u017e zaji\u0161\u0165uje pohodln\u00e9 no\u0161en\u00ed pro ka\u017ed\u00e9ho. Je to skv\u011bl\u00fd d\u00e1rek pro v\u0161echny milovn\u00edky t\u00e9to popul\u00e1rn\u00ed anime s\u00e9rie.<\/span><\/p>\n<p><b>Vlastnosti:\u00a0<\/b><\/p>\n<p><span style=\"font-weight: 400;\">Materi\u00e1l &#8211; Polyester<\/span><span style=\"font-weight: 400;\"><br \/>\n<\/span><\/p>\n<p><span style=\"font-weight: 400;\">Vysok\u00e1 kvalita v\u00fd\u0161ivek<\/span><\/p>\n<p><span style=\"font-weight: 400;\">Nastaviteln\u00e1 velikost<\/span><\/p>\n","protected":false},"excerpt":{"rendered":"<p><span style=\"font-weight: 400;\">K\u0161iltovka<\/span><b> Attack on Titan Scout Symbol<\/b><span style=\"font-weight: 400;\"> je stylov\u00fd dopln\u011bk pro fanou\u0161ky s\u00e9rie Attack on Titan. Tato k\u0161iltovka m\u00e1 design jednotky Scout Regiment, kter\u00e1 je zn\u00e1m\u00e1 sv\u00fdm \u00fakolem vyhled\u00e1vat a pozorovat Tit\u00e1ny. K\u0161iltovka m\u00e1 nastavitelnou velikost, co\u017e zaji\u0161\u0165uje pohodln\u00e9 no\u0161en\u00ed pro ka\u017ed\u00e9ho. Je to skv\u011bl\u00fd d\u00e1rek pro v\u0161echny milovn\u00edky t\u00e9to popul\u00e1rn\u00ed anime s\u00e9rie.<\/span><\/p>\n","protected":false},"featured_media":1236,"comment_status":"open","ping_status":"closed","template":"","meta":{"inline_featured_image":false},"product_cat":[76,38,39,98],"product_tag":[],"class_list":{"0":"post-1232","1":"product","2":"type-product","3":"status-publish","4":"has-post-thumbnail","6":"product_cat-abystyle","7":"product_cat-anime","8":"product_cat-attack-on-titan","9":"product_cat-ksiltovky","11":"first","12":"instock","13":"shipping-taxable","14":"purchasable","15":"product-type-simple"},"_links":{"self":[{"href":"https:\/\/grandline.200.solutions\/index.php?rest_route=\/wp\/v2\/product\/1232","targetHints":{"allow":["GET"]}}],"collection":[{"href":"https:\/\/grandline.200.solutions\/index.php?rest_route=\/wp\/v2\/product"}],"about":[{"href":"https:\/\/grandline.200.solutions\/index.php?rest_route=\/wp\/v2\/types\/product"}],"replies":[{"embeddable":true,"href":"https:\/\/grandline.200.solutions\/index.php?rest_route=%2Fwp%2Fv2%2Fcomments&post=1232"}],"wp:featuredmedia":[{"embeddable":true,"href":"https:\/\/grandline.200.solutions\/index.php?rest_route=\/wp\/v2\/media\/1236"}],"wp:attachment":[{"href":"https:\/\/grandline.200.solutions\/index.php?rest_route=%2Fwp%2Fv2%2Fmedia&parent=1232"}],"wp:term":[{"taxonomy":"product_cat","embeddable":true,"href":"https:\/\/grandline.200.solutions\/index.php?rest_route=%2Fwp%2Fv2%2Fproduct_cat&post=1232"},{"taxonomy":"product_tag","embeddable":true,"href":"https:\/\/grandline.200.solutions\/index.php?rest_route=%2Fwp%2Fv2%2Fproduct_tag&post=1232"}],"curies":[{"name":"wp","href":"https:\/\/api.w.org\/{rel}","templated":true}]}}