{"id":1223,"date":"2024-11-07T00:41:14","date_gmt":"2024-11-06T23:41:14","guid":{"rendered":"https:\/\/grandline.200.solutions\/?post_type=product&#038;p=1223"},"modified":"2024-11-13T13:21:14","modified_gmt":"2024-11-13T12:21:14","slug":"tokyo-revengers-takemichi-tokyo-manji-gang-plakat","status":"publish","type":"product","link":"https:\/\/grandline.200.solutions\/?product=tokyo-revengers-takemichi-tokyo-manji-gang-plakat","title":{"rendered":"Tokyo Revengers Takemichi &#038; Tokyo Manji Gang Plak\u00e1t"},"content":{"rendered":"<p><span style=\"font-weight: 400;\">Plak\u00e1t<\/span><b> Tokyo Revengers Takemichi &amp; Tokyo Manji Gang<\/b><span style=\"font-weight: 400;\"> zobrazuje Takemichiho a \u010dleny Tokyo Manji Gang na \u010derven\u00e9m a \u0161ed\u00e9m pozad\u00ed s v\u00fdrazn\u00fdm textem a logem. Skv\u011bl\u00fd dopln\u011bk pro fanou\u0161ky s\u00e9rie. Plak\u00e1t je opat\u0159en ochrannou vrstvou proti degradaci barev, co\u017e zaji\u0161\u0165uje jeho dlouhou \u017eivotnost.<\/span><\/p>\n<p><b>Vlastnosti:\u00a0<\/b><\/p>\n<p><span style=\"font-weight: 400;\">V\u00fd\u0161ka &#8211; 91,5 cm<\/span><\/p>\n<p><span style=\"font-weight: 400;\">\u0160\u00ed\u0159ka &#8211; 61 cm<\/span><\/p>\n","protected":false},"excerpt":{"rendered":"<p><span style=\"font-weight: 400;\">Plak\u00e1t<\/span><b> Tokyo Revengers Takemichi &amp; Tokyo Manji Gang<\/b><span style=\"font-weight: 400;\"> zobrazuje Takemichiho a \u010dleny Tokyo Manji Gang na \u010derven\u00e9m a \u0161ed\u00e9m pozad\u00ed s v\u00fdrazn\u00fdm textem a logem. Skv\u011bl\u00fd dopln\u011bk pro fanou\u0161ky s\u00e9rie. Plak\u00e1t je opat\u0159en ochrannou vrstvou proti degradaci barev, co\u017e zaji\u0161\u0165uje jeho dlouhou \u017eivotnost.<\/span><\/p>\n","protected":false},"featured_media":1224,"comment_status":"open","ping_status":"closed","template":"","meta":{"inline_featured_image":false},"product_cat":[76,59,87],"product_tag":[],"class_list":{"0":"post-1223","1":"product","2":"type-product","3":"status-publish","4":"has-post-thumbnail","6":"product_cat-abystyle","7":"product_cat-plakaty","8":"product_cat-tokyo-ghoul","10":"first","11":"instock","12":"shipping-taxable","13":"purchasable","14":"product-type-simple"},"_links":{"self":[{"href":"https:\/\/grandline.200.solutions\/index.php?rest_route=\/wp\/v2\/product\/1223","targetHints":{"allow":["GET"]}}],"collection":[{"href":"https:\/\/grandline.200.solutions\/index.php?rest_route=\/wp\/v2\/product"}],"about":[{"href":"https:\/\/grandline.200.solutions\/index.php?rest_route=\/wp\/v2\/types\/product"}],"replies":[{"embeddable":true,"href":"https:\/\/grandline.200.solutions\/index.php?rest_route=%2Fwp%2Fv2%2Fcomments&post=1223"}],"wp:featuredmedia":[{"embeddable":true,"href":"https:\/\/grandline.200.solutions\/index.php?rest_route=\/wp\/v2\/media\/1224"}],"wp:attachment":[{"href":"https:\/\/grandline.200.solutions\/index.php?rest_route=%2Fwp%2Fv2%2Fmedia&parent=1223"}],"wp:term":[{"taxonomy":"product_cat","embeddable":true,"href":"https:\/\/grandline.200.solutions\/index.php?rest_route=%2Fwp%2Fv2%2Fproduct_cat&post=1223"},{"taxonomy":"product_tag","embeddable":true,"href":"https:\/\/grandline.200.solutions\/index.php?rest_route=%2Fwp%2Fv2%2Fproduct_tag&post=1223"}],"curies":[{"name":"wp","href":"https:\/\/api.w.org\/{rel}","templated":true}]}}